{"id":10581,"date":"2018-12-14T10:55:25","date_gmt":"2018-12-14T09:55:25","guid":{"rendered":"https:\/\/www.mk-med.ch\/datenschutz\/"},"modified":"2023-01-29T21:03:15","modified_gmt":"2023-01-29T20:03:15","slug":"dichiarazione-sulla-protezione-dei-dati","status":"publish","type":"page","link":"https:\/\/www.mk-med.ch\/it\/dichiarazione-sulla-protezione-dei-dati\/","title":{"rendered":"DICHIARAZIONE SULLA PROTEZIONE DEI DATI"},"content":{"rendered":"\n\n\t<p><strong><u>DICHIARAZIONE SULLA PROTEZIONE DEI DATI<\/u><\/strong><\/p>\n<p>La protezione dei vostri dati personali \u00e8 molto importante per noi. MK-MED Medizintechnik AG (&#8220;MK-MED&#8221;) si impegna a proteggere la vostra privacy in conformit\u00e0 ai requisiti legali della legge svizzera sulla protezione dei dati.<\/p>\n<p>Quando utilizzate i nostri servizi o ci contattate, potreste condividere con noi i vostri dati personali. Questi dati ci consentono di identificare l&#8217;utente come persona fisica (ad es. tramite nome, indirizzo e-mail, indirizzo postale, numero di telefono o indirizzo IP). Questi dati sono generalmente definiti &#8220;dati personali&#8221;.<\/p>\n<p><strong>1. Ambito di applicazione e accettazione<\/strong><\/p>\n<p>La presente Informativa sulla privacy riguarda i dati personali che raccogliamo su di voi quando visitate il nostro sito web o ci contattate in altro modo o utilizzate i prodotti e i servizi che offriamo. La nostra Informativa sulla privacy descrive come trattiamo i vostri dati personali e quali diritti avete in quanto utenti registrati.<\/p>\n<p><strong>2. Tipi e finalit\u00e0 del trattamento dei dati<\/strong><\/p>\n<p>I dati personali sono trattati in forma cartacea ed elettronica in conformit\u00e0 ai requisiti organizzativi e di sicurezza previsti dalla normativa vigente.<\/p>\n<p>Trattiamo i dati (come nome, cognome, indirizzo, numero di telefono, dettagli delle transazioni di acquisto, ecc.) raccolti su di voi, anche su internet tramite i loro siti, per le seguenti finalit\u00e0:<\/p>\n<ul>\n<li>Finalit\u00e0 contrattuali: gestione della vendita dei nostri prodotti e fornitura di servizi di vendita e di assistenza ai clienti (tra cui, ad esempio, la prevenzione delle frodi, i resi, le garanzie e l&#8217;assistenza ai clienti) e, in relazione alle attivit\u00e0 online, gestione dei servizi offerti sui nostri siti web, compresa la gestione delle richieste di informazioni da parte vostra.<\/li>\n<li>Finalit\u00e0 legali: rispetto degli obblighi legali e normativi.<\/li>\n<li>Finalit\u00e0 pubblicitarie: invio di comunicazioni promozionali per via elettronica o sotto forma di materiale cartaceo per la promozione dei nostri marchi, servizi e\/o prodotti, nonch\u00e9 per l&#8217;esecuzione di analisi di mercato e la raccolta di statistiche, a condizione che abbiate dato il vostro consenso.<\/li>\n<li>Interessi legittimi legati a scopi pubblicitari: I vostri dati relativi all&#8217;importo speso, alla categoria di prodotti, al luogo di acquisto e alla vostra data di nascita potranno essere trattati per offrirvi servizi adeguati alle vostre esigenze.<\/li>\n<\/ul>\n<p><strong>3. Raccolta di dati tecnici<\/strong><\/p>\n<p>Quando visitate il nostro sito web, raccogliamo i cosiddetti dati tecnici su di voi:<\/p>\n<ul>\n<li>File di log del server<\/li>\n<li>Il provider delle pagine acquisisce e memorizza automaticamente le informazioni in cosiddetti file di log del server, che il vostro browser ci trasmette automaticamente. Essi sono:<\/li>\n<li>Indirizzo IP<\/li>\n<li>Tipologia e versione del browser<\/li>\n<li>Sistema operativo utilizzato<\/li>\n<li>Il sito web dal quale \u00e8 stato effettuato l&#8217;accesso (URL di riferimento)<\/li>\n<li>Nome host del computer di accesso<\/li>\n<li>Orario della richiesta al server<\/li>\n<\/ul>\n<p>I dati raccolti servono solo per l&#8217;analisi statistica e il miglioramento del sito web.<\/p>\n<p><strong>4. Cookie<\/strong><\/p>\n<p>Sul nostro sito web utilizziamo i cosiddetti &#8220;cookie di sessione&#8221; per facilitare l&#8217;utilizzo delle nostre pagine web. Si tratta di piccoli file di testo che vengono memorizzati sul vostro disco rigido solo per la durata della vostra visita al nostro sito web e che, a seconda dell&#8217;impostazione del vostro programma di navigazione, vengono cancellati alla chiusura del browser. Questi cookie non recuperano alcuna informazione sull&#8217;utente memorizzata sul disco rigido e non influiscono sul PC o sui suoi file. La maggior parte dei browser \u00e8 impostata per accettare automaticamente i cookie. Tuttavia, \u00e8 possibile disattivare la memorizzazione dei cookie o impostare il browser in modo che indichi l&#8217;invio dei cookie. Si prega di notare, tuttavia, che il blocco dei cookie pu\u00f2 comportare limitazioni del funzionamento del nostro sito web.<\/p>\n<p><strong>5. Tracking<\/strong><\/p>\n<p>5.1 Google Analytics<\/p>\n<p>Questo sito web utilizza Google Analytics, un servizio di analisi di Google Inc. (&#8220;Google&#8221;). Google Analytics utilizza i cosiddetti &#8220;cookie&#8221;, file di testo che vengono memorizzati sul computer dell&#8217;utente per consentire al sito web\u00a0di analizzare l&#8217;uso del sito. Le informazioni generate dal cookie sull&#8217;utilizzo del sito web (compreso l&#8217;indirizzo IP dell&#8217;utente) sono trasmesse a un server di Google negli Stati Uniti e l\u00ec memorizzate. Google utilizzer\u00e0 queste informazioni allo scopo di valutare l&#8217;utilizzo del sito web da parte dell&#8217;utente, compilare report sulle attivit\u00e0 del sito per gli operatori dello stesso e fornire altri servizi relativi alle attivit\u00e0 del sito web e all&#8217;utilizzo di Internet. Google potr\u00e0 inoltre trasferire queste informazioni a terzi, se previsto dalla legge, o a terzi che elaborano queste informazioni per conto di Google. In nessun caso Google assocer\u00e0 l&#8217;indirizzo IP dell&#8217;utente ad altri dati mantenuti da Google. \u00c8 possibile impedire l&#8217;installazione dei cookie selezionando l&#8217;impostazione appropriata sul proprio browser; si segnala, tuttavia, che in tal caso non sar\u00e0 possibile utilizzare nella loro totalit\u00e0 tutte le funzionalit\u00e0 di questo sito. Utilizzando questo sito web, acconsentite al trattamento dei dati che vi riguardano da parte di Google nei modi e alle condizioni sopra descritti e per gli scopi sopra indicati.<\/p>\n<p>5.2 Plugin per social media<\/p>\n<p>Su questo sito web sono integrati plugin di diverse piattaforme di social media come Facebook, Twitter e Google. Quando si accede a una pagina web in cui sono collocati plug-in di tali fornitori di servizi di terze parti, questi plug-in possono trasmettere automaticamente i dati ai fornitori di servizi di terze parti. Se il visitatore \u00e8 contemporaneamente registrato nella rete del rispettivo fornitore terzo, la visita al sito web pu\u00f2 essere associata al suo account utente, a seconda del fornitore.<\/p>\n<p>Per evitare che i fornitori associno i dati raccolti tramite il nostro sito web direttamente al proprio profilo sul relativo servizio, \u00e8 necessario uscire dal relativo servizio prima di visitare il nostro sito web.<\/p>\n<p><strong>6. Condivisione dei dati personali da parte di MK-MED<\/strong><\/p>\n<p>MK-MED non divulgher\u00e0 i vostri dati personali a terzi che intendano utilizzarli per scopi di marketing diretto, a meno che non ci autorizziate espressamente a farlo. MK-MED pu\u00f2 divulgare i vostri dati personali per altri scopi a terzi sia in Svizzera sia all&#8217;estero (&#8220;Estero&#8221;), ma solo nelle seguenti circostanze:<\/p>\n<p>6.1 Fornitori di servizi<\/p>\n<p>MK-MED pu\u00f2 assumere fornitori di servizi, agenti o appaltatori in Svizzera e all&#8217;estero per fornire servizi a nome di MK-MED, inclusa la gestione dei siti Web MK-MED e dei servizi a vostra disposizione. Queste terze parti possono accedere ai vostri dati personali e trattarli durante la fornitura di tali servizi.<\/p>\n<p>6.2 Partner e azioni congiunte<\/p>\n<p>MK-MED pu\u00f2 condurre un programma o un&#8217;azione congiunta con un&#8217;altra societ\u00e0 e, durante il vostro coinvolgimento nell&#8217;attivit\u00e0, raccogliere e utilizzare i vostri dati personali. I vostri dati personali saranno condivisi esclusivamente con altre societ\u00e0 se avete acconsentito (&#8220;opt-in&#8221;) a ricevere informazioni direttamente da queste societ\u00e0. MK-MED consiglia di leggere le informative sulla privacy di tali societ\u00e0 prima di condividere i dati personali. Se non si desidera che i propri dati personali vengano raccolti da una societ\u00e0 diversa da MK-MED o condivisi con societ\u00e0 diverse da MK-MED, \u00e8 possibile scegliere in qualsiasi momento di non partecipare a tali attivit\u00e0. Se avete acconsentito a comunicare con tale societ\u00e0 (&#8220;opt-in&#8221;), non dimenticate che avete sempre la possibilit\u00e0 di revocare il vostro consenso (&#8220;opt-out&#8221;), ma per farlo dovete rivolgervi direttamente a tale societ\u00e0.<\/p>\n<p>6.3 Disposizioni di legge<\/p>\n<p>MK-MED pu\u00f2 divulgare le informazioni personali dell&#8217;utente se richiesto dalla legge o se, a nostro giudizio, la divulgazione \u00e8 appropriata e necessaria per ottemperare a un ordine del tribunale o per rispondere o portare avanti azioni legali proprie.<\/p>\n<p><strong>7. Basi giuridiche<\/strong><\/p>\n<p>Per il trattamento dei dati personali, MK-MED si basa sulle seguenti basi giuridiche:<\/p>\n<ul>\n<li>Esecuzione di un contratto con la persona interessata o per misure precontrattuali su sua richiesta<\/li>\n<li>Interessi legittimi (assistenza clienti e comunicazione; conoscere meglio clienti e altre persone; migliorare prodotti e servizi; garantire la sicurezza informatica, in particolare in relazione all&#8217;utilizzo dei siti web)<\/li>\n<li>Consenso<\/li>\n<li>Requisiti di conformit\u00e0 giuridica<\/li>\n<\/ul>\n<p>&nbsp;<\/p>\n<p>Laddove ci\u00f2 sia necessario per le finalit\u00e0 di cui sopra e\/o in relazione a determinate operazioni di trattamento, chiederemo il vostro esplicito consenso in tal senso.<\/p>\n<p><strong>8. I diritti dell&#8217;utente<\/strong><\/p>\n<p>Conformemente alle disposizioni applicabili in materia di protezione dei dati, l&#8217;utente ha i seguenti diritti nell&#8217;utilizzo del sito web e dei servizi di MK-MED:<\/p>\n<ul>\n<li>Diritto di accesso: l&#8217;utente ha il diritto di ricevere informazioni sui dati personali da noi trattati. Per avviare la procedura, insieme alla domanda abbiamo bisogno di un&#8217;identificazione personale (ad es. passaporto, ID). I dati vengono nuovamente cancellati dopo l&#8217;elaborazione dell&#8217;ordine.<\/li>\n<li>Diritto di rettifica: l&#8217;utente ha il diritto di ottenere la rettifica dei dati personali inesatti che lo riguardano.<\/li>\n<li>Diritto alla cancellazione: l&#8217;utente ha il diritto di richiedere che tutti i dati personali che lo riguardano siano cancellati nella misura in cui non siano pi\u00f9 necessari per gli scopi concordati o nella misura in cui non siamo legalmente obbligati a conservarli.<\/li>\n<li>Diritto di limitazione del trattamento: l&#8217;utente ha il diritto di richiedere la limitazione del trattamento dei dati personali, ad esempio quando non sono pi\u00f9 necessari ai fini del trattamento.<\/li>\n<li>Diritto alla portabilit\u00e0 dei dati: l&#8217;utente ha il diritto di ricevere i dati personali che lo riguardano in un formato comunemente leggibile da una macchina.<\/li>\n<li>Diritto di revoca del consenso: l&#8217;utente pu\u00f2 revocare in qualsiasi momento, in tutto o in parte, il consenso al trattamento dei suoi dati personali e all&#8217;utilizzo dei dati per finalit\u00e0 di marketing, svolgendo le seguenti attivit\u00e0:<\/li>\n<li>Potete contattare il nostro servizio clienti e informarci che non desiderate che i vostri dati personali siano trattati in futuro.<\/li>\n<li>Potete comunicare al nostro servizio clienti che desiderate che il vostro account cliente venga cancellato.<\/li>\n<li>Potete seguire il link di annullamento dell&#8217;iscrizione nella nostra newsletter e annullare l&#8217;iscrizione sul sito web corrispondente. Si prega di notare che si tratta solo di disiscrizione dalla newsletter.<\/li>\n<\/ul>\n<p>La revoca del consenso non pregiudica la liceit\u00e0 del trattamento effettuato sulla base del consenso fino alla revoca.<\/p>\n<ul>\n<li>Diritto di presentare un reclamo: l&#8217;utente ha il diritto di presentare un reclamo in merito al trattamento dei propri dati personali da parte nostra presso le autorit\u00e0 di vigilanza. In Svizzera si tratta dell&#8217;Incaricato federale della protezione dei dati e della trasparenza (IFPDT). Le informazioni di contatto sono disponibili sul relativo sito web.<\/li>\n<\/ul>\n<p>Si prega di notare che l&#8217;utente pu\u00f2 continuare a ricevere comunicazioni amministrative da MK-MED anche se revoca il consenso a ricevere comunicazioni di marketing. Ci\u00f2 pu\u00f2 includere conferme di ordini e notifiche di attivit\u00e0 dell&#8217;account (ad esempio, conferme di account e modifiche di password).<\/p>\n<p><strong>9. Sicurezza e archiviazione dei dati<\/strong><\/p>\n<p>9.1 Sicurezza dei dati<\/p>\n<p>Per proteggere i vostri dati personali contro la manipolazione, la perdita parziale o totale e contro l&#8217;accesso non autorizzato da parte di terzi, MK-MED adotta misure di sicurezza tecniche e organizzative adeguate, che vengono continuamente migliorati in base allo sviluppo tecnologico.<\/p>\n<p>Dovreste sempre trattare i vostri dati di accesso in modo confidenziale e chiudere la finestra del browser quando avete finito di comunicare con noi, specialmente se condividete il vostro computer con altre persone.<\/p>\n<p>Anche all&#8217;interno di MK-MED prendiamo molto sul serio la protezione dei dati. I nostri collaboratori e le aziende di servizi da noi incaricate sono tenuti alla riservatezza e al rispetto di tutte le disposizioni in materia di protezione dei dati.<\/p>\n<p>9.2 Durata del periodo di conservazione<\/p>\n<p>I vostri dati personali saranno conservati per tutto il tempo necessario per le nostre finalit\u00e0 e\/o per quanto richiesto dalla legge. Finch\u00e9 il contratto d&#8217;uso esiste, i dati registrati saranno conservati. In caso di disdetta del contratto d&#8217;uso, i vostri dati personali saranno cancellati dopo la scadenza del periodo di conservazione previsto dalla legge.<\/p>\n<p>I dati anonimizzati (che non possono essere collegati a voi come individuo e quindi non sono pi\u00f9 dati personali) possono essere memorizzati per scopi statistici.<\/p>\n<p><strong>10. Modifiche<\/strong><\/p>\n<p>Il contenuto della nostra informativa sulla privacy pu\u00f2 essere modificato. In caso di modifiche sostanziali riguardanti la raccolta, l&#8217;utilizzo e\/o la divulgazione dei dati personali da voi forniti, vi informeremo pubblicando una comunicazione chiara e ben visibile nel nostro sito web. Utilizzando il sito, l&#8217;utente accetta i termini e le condizioni di questa Informativa sulla protezione dei dati personali.<\/p>\n<p><strong>11. Collegamenti \/ link ad altri siti web<\/strong><\/p>\n<p>Non siamo responsabili n\u00e9 per il contenuto n\u00e9 per le pratiche di protezione dei dati dei siti web collegati o integrati.<\/p>\n<p><strong>12. Le nostre informazioni di contatto<\/strong><\/p>\n<p>MK-MED agisce in qualit\u00e0 di &#8220;Titolare del trattamento dei dati&#8221; per i dati personali trattati da MK-MED nell&#8217;ambito della presente Informativa sulla privacy. In caso di domande o commenti relativi alla presente Informativa sulla privacy o alle pratiche MK-MED in materia di raccolta dei dati personali, potete contattarci tramite:<\/p>\n<p>Indirizzo postale: MK-MED Medizintechnik AG, Industriezone Basper 33, CH-3942 Raron<\/p>\n<p>E-mail: info@mk-med.ch<\/p>\n<p>Raron, settembre 2022<\/p>\n\n","protected":false},"excerpt":{"rendered":"<p>DICHIARAZIONE SULLA PROTEZIONE DEI DATI La protezione dei vostri dati personali \u00e8 molto importante per noi. MK-MED Medizintechnik AG (&#8220;MK-MED&#8221;) si impegna a proteggere la vostra privacy in conformit\u00e0 ai requisiti legali della legge svizzera sulla protezione dei dati. Quando utilizzate i nostri servizi o ci contattate, potreste condividere con noi i vostri dati personali. [&hellip;]<\/p>\n","protected":false},"author":1,"featured_media":0,"parent":0,"menu_order":0,"comment_status":"closed","ping_status":"closed","template":"","meta":{"site-sidebar-layout":"default","site-content-layout":"default","ast-site-content-layout":"default","site-content-style":"default","site-sidebar-style":"default","ast-global-header-display":"","ast-banner-title-visibility":"","ast-main-header-display":"","ast-hfb-above-header-display":"","ast-hfb-below-header-display":"","ast-hfb-mobile-header-display":"","site-post-title":"","ast-breadcrumbs-content":"","ast-featured-img":"","footer-sml-layout":"","ast-disable-related-posts":"","theme-transparent-header-meta":"default","adv-header-id-meta":"","stick-header-meta":"default","header-above-stick-meta":"","header-main-stick-meta":"","header-below-stick-meta":"","astra-migrate-meta-layouts":"default","ast-page-background-enabled":"default","ast-page-background-meta":{"desktop":{"background-color":"","background-image":"","background-repeat":"repeat","background-position":"center center","background-size":"auto","background-attachment":"scroll","background-type":"","background-media":"","overlay-type":"","overlay-color":"","overlay-opacity":"","overlay-gradient":""},"tablet":{"background-color":"","background-image":"","background-repeat":"repeat","background-position":"center center","background-size":"auto","background-attachment":"scroll","background-type":"","background-media":"","overlay-type":"","overlay-color":"","overlay-opacity":"","overlay-gradient":""},"mobile":{"background-color":"","background-image":"","background-repeat":"repeat","background-position":"center center","background-size":"auto","background-attachment":"scroll","background-type":"","background-media":"","overlay-type":"","overlay-color":"","overlay-opacity":"","overlay-gradient":""}},"ast-content-background-meta":{"desktop":{"background-color":"var(--ast-global-color-5)","background-image":"","background-repeat":"repeat","background-position":"center center","background-size":"auto","background-attachment":"scroll","background-type":"","background-media":"","overlay-type":"","overlay-color":"","overlay-opacity":"","overlay-gradient":""},"tablet":{"background-color":"var(--ast-global-color-5)","background-image":"","background-repeat":"repeat","background-position":"center center","background-size":"auto","background-attachment":"scroll","background-type":"","background-media":"","overlay-type":"","overlay-color":"","overlay-opacity":"","overlay-gradient":""},"mobile":{"background-color":"var(--ast-global-color-5)","background-image":"","background-repeat":"repeat","background-position":"center center","background-size":"auto","background-attachment":"scroll","background-type":"","background-media":"","overlay-type":"","overlay-color":"","overlay-opacity":"","overlay-gradient":""}},"footnotes":""},"class_list":["post-10581","page","type-page","status-publish","hentry"],"aioseo_notices":[],"_links":{"self":[{"href":"https:\/\/www.mk-med.ch\/it\/wp-json\/wp\/v2\/pages\/10581","targetHints":{"allow":["GET"]}}],"collection":[{"href":"https:\/\/www.mk-med.ch\/it\/wp-json\/wp\/v2\/pages"}],"about":[{"href":"https:\/\/www.mk-med.ch\/it\/wp-json\/wp\/v2\/types\/page"}],"author":[{"embeddable":true,"href":"https:\/\/www.mk-med.ch\/it\/wp-json\/wp\/v2\/users\/1"}],"replies":[{"embeddable":true,"href":"https:\/\/www.mk-med.ch\/it\/wp-json\/wp\/v2\/comments?post=10581"}],"version-history":[{"count":3,"href":"https:\/\/www.mk-med.ch\/it\/wp-json\/wp\/v2\/pages\/10581\/revisions"}],"predecessor-version":[{"id":11093,"href":"https:\/\/www.mk-med.ch\/it\/wp-json\/wp\/v2\/pages\/10581\/revisions\/11093"}],"wp:attachment":[{"href":"https:\/\/www.mk-med.ch\/it\/wp-json\/wp\/v2\/media?parent=10581"}],"curies":[{"name":"wp","href":"https:\/\/api.w.org\/{rel}","templated":true}]}}