{"id":10576,"date":"2018-04-08T18:43:25","date_gmt":"2018-04-08T16:43:25","guid":{"rendered":"https:\/\/www.mk-med.ch\/impressum\/"},"modified":"2022-11-13T18:42:44","modified_gmt":"2022-11-13T17:42:44","slug":"colophon","status":"publish","type":"page","link":"https:\/\/www.mk-med.ch\/it\/colophon\/","title":{"rendered":"Colophon"},"content":{"rendered":"\n\n<h1>Colophon<\/h1>\n<p>Colophon e note legali<\/p>\n\t<h3>Editore:<\/h3>\nMK-MED Medizintechnik AG<br \/>\nIndustriezone Basper 33<br \/>\nCH-3942 Raron \/ VS<br \/>\nE-Mail:\u00a0<a href=\"mailto:info@mk-med.ch\">info@mk-med.ch<\/a>\n<a href=\"https:\/\/www.mk-med.ch\/it\/\">https:\/\/www.mk-med.ch\u00a0<\/a><br \/>\n\u00e8 un sito web della ditta MK-MED Medizintechnik AG di Raron. La responsabilit\u00e0 generale del portale Internet spetta a MK-MED Medizintechnik AG con sede a Raron.\n<p><strong>Aspetti legali<\/strong><\/p>\n<p><strong>1. Responsabilit\u00e0<\/strong><\/p>\n<p>Sebbene MK-MED Medizintechnik AG si impegni al massimo per garantire la correttezza delle informazioni pubblicate, non \u00e8 possibile fornire alcuna garanzia in merito alla correttezza, all&#8217;accuratezza, all&#8217;attualit\u00e0, all&#8217;affidabilit\u00e0 e alla completezza di tali informazioni.<\/p>\n<p>MK-MED Medizintechnik AG si riserva espressamente il diritto di modificare, cancellare o non pubblicare temporaneamente i contenuti, in tutto o in parte, in qualsiasi momento e senza preavviso.<\/p>\n<p>Sono escluse le richieste di risarcimento nei confronti di MK-MED Medizintechnik AG, relative a danni di natura materiale o immateriale, causati dall&#8217;accesso, dall&#8217;utilizzo o dal mancato utilizzo delle informazioni pubblicate, derivanti da un uso improprio del collegamento o da difetti di natura tecnica.<\/p>\n<p><strong>2.\u00a0 Riferimenti e link<\/strong><\/p>\n<p>I riferimenti e i link a siti web di terzi non rientrano nell&#8217;area di responsabilit\u00e0 di MK-MED Medizintechnik AG. L&#8217;accesso e l&#8217;utilizzo di tali siti web \u00e8 a rischio e pericolo dell&#8217;utente. MK-MED Medizintechnik AG dichiara espressamente di non avere alcuna influenza sul design, sul contenuto e sulle offerte dei siti web collegati. Le informazioni e i servizi dei siti web collegati sono interamente di responsabilit\u00e0 delle rispettive terze parti.<\/p>\n<p>Si declina ogni responsabilit\u00e0 per tali siti web.<\/p>\n<p><strong>3.\u00a0 Protezione dei dati<\/strong><\/p>\n<p>In base all&#8217;articolo 13 della Costituzione federale svizzera e alle norme sulla protezione dei dati della Confederazione svizzera, ogni persona ha il diritto di tutelare la propria privacy e di essere protetta dall&#8217;uso improprio dei propri dati personali. MK-MED Medizintechnik AG rispetta tali normative. I dati personali sono trattati in modo strettamente confidenziale e non vengono venduti o ceduti a terzi.<\/p>\n<p>In stretta collaborazione con i nostri fornitori di hosting, ci impegniamo a proteggere al meglio i database da accessi non autorizzati, perdita, uso improprio e falsificazione.<\/p>\n<p>Quando si accede ai nostri siti web, i seguenti dati vengono memorizzati nei file di log: indirizzo IP, data, ora, richiesta del browser e in generale informazioni trasmesse sul sistema operativo o sul browser.<\/p>\n<p>Questi dati di utilizzo costituiscono la base per valutazioni statistiche e anonime, in modo da poter identificare le tendenze che MK-MED Medizintechnik AG pu\u00f2 utilizzare per migliorare i propri servizi. Ai sensi della legge federale sulla sorveglianza del traffico postale e delle telecomunicazioni (B\u00dcPF), esiste l&#8217;obbligo legale di conservare i dati di connessione per gli ultimi sei mesi.<\/p>\n<p>Quando ci contattate volontariamente, il vostro indirizzo e-mail viene inserito in un database separato che non \u00e8 collegato ai file di log anonimi. L&#8217;utente ha la possibilit\u00e0 di cancellare la propria registrazione in qualsiasi momento.<\/p>\n<p><strong>4.\u00a0\u00a0 \u00a0Copyright<\/strong><\/p>\n<p>Le informazioni contenute nelle pagine web di MK-MED Medizintechnik AG sono rese disponibili al pubblico. Scaricare o copiare contenuti, immagini, foto o altri file non trasferisce alcun diritto sui contenuti stessi.<\/p>\n<p>I diritti d&#8217;autore e tutti gli altri diritti sui contenuti, le immagini, le foto o altri file presenti sul sito web di MK-MED Medizintechnik AG appartengono esclusivamente a MK-MED Medizintechnik AG stessa o ai titolari dei diritti specificamente indicati. Per la riproduzione di qualunque elemento deve essere ottenuto anticipatamente il consenso scritto del titolare del copyright.<\/p>\n<p>Il foro competente \u00e8 Leuk in Svizzera.<\/p>\n\n","protected":false},"excerpt":{"rendered":"<p>Colophon Colophon e note legali Editore: MK-MED Medizintechnik AG Industriezone Basper 33 CH-3942 Raron \/ VS E-Mail:\u00a0info@mk-med.ch https:\/\/www.mk-med.ch\u00a0 \u00e8 un sito web della ditta MK-MED Medizintechnik AG di Raron. La responsabilit\u00e0 generale del portale Internet spetta a MK-MED Medizintechnik AG con sede a Raron. Aspetti legali 1. Responsabilit\u00e0 Sebbene MK-MED Medizintechnik AG si impegni al [&hellip;]<\/p>\n","protected":false},"author":1,"featured_media":0,"parent":0,"menu_order":0,"comment_status":"closed","ping_status":"closed","template":"","meta":{"site-sidebar-layout":"no-sidebar","site-content-layout":"page-builder","ast-site-content-layout":"default","site-content-style":"default","site-sidebar-style":"default","ast-global-header-display":"","ast-banner-title-visibility":"","ast-main-header-display":"","ast-hfb-above-header-display":"","ast-hfb-below-header-display":"","ast-hfb-mobile-header-display":"","site-post-title":"disabled","ast-breadcrumbs-content":"","ast-featured-img":"disabled","footer-sml-layout":"","ast-disable-related-posts":"","theme-transparent-header-meta":"default","adv-header-id-meta":"","stick-header-meta":"default","header-above-stick-meta":"","header-main-stick-meta":"","header-below-stick-meta":"","astra-migrate-meta-layouts":"default","ast-page-background-enabled":"default","ast-page-background-meta":{"desktop":{"background-color":"","background-image":"","background-repeat":"repeat","background-position":"center center","background-size":"auto","background-attachment":"scroll","background-type":"","background-media":"","overlay-type":"","overlay-color":"","overlay-opacity":"","overlay-gradient":""},"tablet":{"background-color":"","background-image":"","background-repeat":"repeat","background-position":"center center","background-size":"auto","background-attachment":"scroll","background-type":"","background-media":"","overlay-type":"","overlay-color":"","overlay-opacity":"","overlay-gradient":""},"mobile":{"background-color":"","background-image":"","background-repeat":"repeat","background-position":"center center","background-size":"auto","background-attachment":"scroll","background-type":"","background-media":"","overlay-type":"","overlay-color":"","overlay-opacity":"","overlay-gradient":""}},"ast-content-background-meta":{"desktop":{"background-color":"var(--ast-global-color-5)","background-image":"","background-repeat":"repeat","background-position":"center center","background-size":"auto","background-attachment":"scroll","background-type":"","background-media":"","overlay-type":"","overlay-color":"","overlay-opacity":"","overlay-gradient":""},"tablet":{"background-color":"var(--ast-global-color-5)","background-image":"","background-repeat":"repeat","background-position":"center center","background-size":"auto","background-attachment":"scroll","background-type":"","background-media":"","overlay-type":"","overlay-color":"","overlay-opacity":"","overlay-gradient":""},"mobile":{"background-color":"var(--ast-global-color-5)","background-image":"","background-repeat":"repeat","background-position":"center center","background-size":"auto","background-attachment":"scroll","background-type":"","background-media":"","overlay-type":"","overlay-color":"","overlay-opacity":"","overlay-gradient":""}},"footnotes":""},"class_list":["post-10576","page","type-page","status-publish","hentry"],"aioseo_notices":[],"_links":{"self":[{"href":"https:\/\/www.mk-med.ch\/it\/wp-json\/wp\/v2\/pages\/10576","targetHints":{"allow":["GET"]}}],"collection":[{"href":"https:\/\/www.mk-med.ch\/it\/wp-json\/wp\/v2\/pages"}],"about":[{"href":"https:\/\/www.mk-med.ch\/it\/wp-json\/wp\/v2\/types\/page"}],"author":[{"embeddable":true,"href":"https:\/\/www.mk-med.ch\/it\/wp-json\/wp\/v2\/users\/1"}],"replies":[{"embeddable":true,"href":"https:\/\/www.mk-med.ch\/it\/wp-json\/wp\/v2\/comments?post=10576"}],"version-history":[{"count":2,"href":"https:\/\/www.mk-med.ch\/it\/wp-json\/wp\/v2\/pages\/10576\/revisions"}],"predecessor-version":[{"id":10642,"href":"https:\/\/www.mk-med.ch\/it\/wp-json\/wp\/v2\/pages\/10576\/revisions\/10642"}],"wp:attachment":[{"href":"https:\/\/www.mk-med.ch\/it\/wp-json\/wp\/v2\/media?parent=10576"}],"curies":[{"name":"wp","href":"https:\/\/api.w.org\/{rel}","templated":true}]}}