{"id":10561,"date":"2018-04-08T18:42:28","date_gmt":"2018-04-08T16:42:28","guid":{"rendered":"https:\/\/www.mk-med.ch\/events-messen\/"},"modified":"2023-02-28T20:53:17","modified_gmt":"2023-02-28T19:53:17","slug":"eventi-e-fiere","status":"publish","type":"page","link":"https:\/\/www.mk-med.ch\/it\/eventi-e-fiere\/","title":{"rendered":"Eventi e fiere"},"content":{"rendered":"\n\n\t<h1>Eventi e fiere<\/h1>\n<h3>\n\t\tIl nostro calendario di eventi\n\t<\/h3>\n\t\t\t\t\t<a href=\"#\" id=\"fl-accordion--label-0\" tabindex=\"0\" aria-controls=\"fl-accordion--panel-0\">10\/11 marzo 2023 &#8211; Congresso per l&#8217;anniversario dei 30 anni di infermieristica d&#8217;urgenza &#8211; Kursaal Interlaken<\/a>\n\t\t\t\t\t\t\t\t\t\t\t<a href=\"#\" id=\"fl-accordion--icon-0\" tabindex=\"0\" aria-controls=\"fl-accordion--panel-0\"><i>Expand<\/i><\/a>\n\t\t\t\t\t<p>Il congresso per l&#8217;anniversario di Emergency Nursing Switzerland si svolge per due giorni a Interlaken e offre ai partecipanti un programma vario e specializzato. I rappresentanti delle organizzazioni partner e un interessante programma serale completeranno l&#8217;evento. Diversi espositori parteciperanno al congresso e presenteranno le loro innovazioni di prodotto nella mostra di settore.<\/p>\n<p>Cogliete l&#8217;occasione di incontrare i vostri colleghi per mantenere e sviluppare le reti, scambiare esperienze e tornare al vostro lavoro quotidiano con nuove idee.<\/p>\nPer saperne di pi\u00f9:<br \/>\n<a href=\"https:\/\/www.notfallpflege.ch\/files\/_Demo\/Dokumente\/Veranstaltungen\/2023_notfallpflege-kongress\/NFPFL_KONGRESS_Einladung_webs_3.pdf\">https:\/\/www.notfallpflege.ch\/files\/_Demo\/Dokumente\/Veranstaltungen\/2023_notfallpflege-kongress\/NFPFL_KONGRESS_Einladung_webs_3.pdf\u00a0<\/a>\n\t\t\t\t\t<a href=\"#\" id=\"fl-accordion--label-1\" tabindex=\"0\" aria-controls=\"fl-accordion--panel-1\">25 marzo 2023 &#8211; 15\u00b0 Simposio svizzero dei primi soccorritori &#8211; Nottwil<\/a>\n\t\t\t\t\t\t\t\t\t\t\t<a href=\"#\" id=\"fl-accordion--icon-1\" tabindex=\"0\" aria-controls=\"fl-accordion--panel-1\"><i>Expand<\/i><\/a>\n\t\t\t\t\t<p>Il First Responder Symposium \u00e8 il pi\u00f9 grande evento di formazione continua per i primi soccorritori e i paramedici aziendali in Svizzera. Durante le presentazioni potrete approfondire le vostre conoscenze specialistiche. Potrete scegliere tra una variet\u00e0 di argomenti pratici.<\/p>\nPer saperne di pi\u00f9:<br \/>\n<a href=\"https:\/\/www.paraplegie.ch\/sirmed\/de\/veranstaltung\/first-responder-symposium-25-maerz-2023\/#:~:text=Dann%20findet%20die%2015.,und%20Betriebssanit%C3%A4ter%20in%20der%20Schweiz.\">https:\/\/www.paraplegie.ch\/sirmed\/de\/veranstaltung\/first-responder-symposium-25-maerz-2023\/#:~:text=Dann%20findet%20die%2015.,und%20Betriebssanit%C3%A4ter%20in%20der%20Schweiz.<\/a>\n\t\t\t\t\t<a href=\"#\" id=\"fl-accordion--label-2\" tabindex=\"0\" aria-controls=\"fl-accordion--panel-2\">22 aprile 2023 &#8211; Congresso di anestesia SIGA\/FSIA, Lucerna<\/a>\n\t\t\t\t\t\t\t\t\t\t\t<a href=\"#\" id=\"fl-accordion--icon-2\" tabindex=\"0\" aria-controls=\"fl-accordion--panel-2\"><i>Expand<\/i><\/a>\n\t\t\t\t\t<p>Siamo lieti di invitarvi al Congresso di anestesia SIGA\/FSIA con il tema &#8220;Rien ne va plus&#8221;.<\/p>\n<ul>\n<li>Data: sabato 22 aprile 2023<\/li>\n<li>Sede: KKL Lucerna<\/li>\n<li>Apertura porte: dalle ore 08.30<\/li>\n<\/ul>\n<p>Il Congresso di anestesia SIGA\/FSIA \u00e8 il congresso annuale dell&#8217;assistenza anestesiologica in Svizzera. Ogni anno il congresso offre un programma vario e specializzato per i circa 800 partecipanti. Grazie alla traduzione simultanea in francese, \u00e8 molto interessante anche per la Svizzera latina. Circa 40 aziende partecipano al congresso e presentano le loro innovazioni di prodotto nell&#8217;esposizione industriale.<\/p>\n<p>Per saperne di pi\u00f9 su questo evento: <a href=\"https:\/\/siga-fsia.ch\/sigafsia\/anaesthesiekongress.html\">https:\/\/siga-fsia.ch\/sigafsia\/anaesthesiekongress.html<\/a><\/p>\n\t\t\t\t\t<a href=\"#\" id=\"fl-accordion--label-3\" tabindex=\"0\" aria-controls=\"fl-accordion--panel-3\">9 maggio 2023 &#8211; Assemblea annuale del SSN<\/a>\n\t\t\t\t\t\t\t\t\t\t\t<a href=\"#\" id=\"fl-accordion--icon-3\" tabindex=\"0\" aria-controls=\"fl-accordion--panel-3\"><i>Expand<\/i><\/a>\n\t\t\t\t\t<p>L&#8217;incontro annuale 2023 della Societ\u00e0 Svizzera di Neonatologia si terr\u00e0 il 9 maggio 2023 presso la Kultur- und Kongresshaus di Aarau ed \u00e8 intitolato &#8220;Medical Education and Common Cardiovascular Issues in Neonatology&#8221;. I giovani pediatri e neonatologi sono cordialmente invitati a partecipare attivamente e a presentare le loro ricerche.<\/p>\nPer saperne di pi\u00f9:<br \/>\n<a href=\"https:\/\/www.meeting-com.ch\/en\/conferences-meetings\/event-details\/events\/annual-meeting-of-the-swiss-society-of-neonatology-5\/\">https:\/\/www.meeting-com.ch\/en\/conferences-meetings\/event-details\/events\/annual-meeting-of-the-swiss-society-of-neonatology-5\/<\/a>\n\t\t\t\t\t<a href=\"#\" id=\"fl-accordion--label-4\" tabindex=\"0\" aria-controls=\"fl-accordion--panel-4\">6-7 giugno 2023 &#8211; Congresso svizzero di medicina d&#8217;urgenza &#8211; Friburgo<\/a>\n\t\t\t\t\t\t\t\t\t\t\t<a href=\"#\" id=\"fl-accordion--icon-4\" tabindex=\"0\" aria-controls=\"fl-accordion--panel-4\"><i>Expand<\/i><\/a>\n\t\t\t\t\t<p>Da tempo ormai il Simposio svizzero di emergenza e il Forum dei soccorritori si tengono alternativamente ogni due anni &#8211; eventi che sono diventati indispensabili. Anni di stretta collaborazione tra le organizzazioni Associazione svizzera dei paramedici, SGNOR e IVR hanno portato a una tavola rotonda sul futuro di questi due eventi. \u00c8 stato deciso di fondere gli eventi e di lanciarli con il nuovo nome di &#8220;Congresso svizzero di medicina d&#8217;urgenza&#8221; a partire dal 2015.<\/p>\nPer saperne di pi\u00f9:<br \/>\n<a href=\"https:\/\/www.emergmed.bbscongress.ch\/\">https:\/\/www.emergmed.bbscongress.ch\/<\/a>\n\t\t\t\t\t<a href=\"#\" id=\"fl-accordion--label-5\" tabindex=\"0\" aria-controls=\"fl-accordion--panel-5\">20 giugno 2023 &#8211; Congresso Inluks &#8220;Across the Brain&#8221; &#8211; KKL Lucerna<\/a>\n\t\t\t\t\t\t\t\t\t\t\t<a href=\"#\" id=\"fl-accordion--icon-5\" tabindex=\"0\" aria-controls=\"fl-accordion--panel-5\"><i>Expand<\/i><\/a>\n\t\t\t\t\t<p>Siamo lieti di invitarvi al 5\u00b0 Congresso INluks il 20 giugno 2023 nell&#8217;auditorium del KKL di Lucerna.<\/p>\nIl Dipartimento di Medicina Clinica Trasversale, fondato nell&#8217;agosto 2020, ospiter\u00e0 questo evento interprofessionale con le sue cinque aree di anestesia, terapia intensiva, medicina d&#8217;urgenza, gestione della sala operatoria e medicina del soccorso. Il Dipartimento \u00e8 caratterizzato da distanze ridotte tra le aree e da una doppia gestione, medica e infermieristica.<br \/>\nIl Dipartimento sta organizzando il secondo congresso di questa costellazione sul tema &#8220;Across the Brain&#8221;. Ciascuna delle cinque aree esaminer\u00e0 il cervello dalla propria prospettiva. Grazie alla sua duplice gestione, il Dipartimento di Medicina Clinica Trasversale si rivolge con il congresso ai seguenti gruppi target: Medici, infermieri, paramedici, specialisti di sala operatoria e altri professionisti interessati.\n<p>Il Congresso INluks si distingue per la sua interprofessionalit\u00e0 oggi e in futuro. Oltre a presentazioni specialistiche di grande interesse, l&#8217;attenzione \u00e8 rivolta al trasferimento di know-how e allo scambio di esperienze sugli sviluppi attuali e prevedibili nei settori dell&#8217;anestesia, della terapia intensiva e della medicina d&#8217;urgenza, della gestione delle sale operatorie e della medicina del soccorso. Il congresso offre anche l&#8217;opportunit\u00e0 di coltivare un&#8217;interessante piattaforma nazionale di networking interprofessionale.<\/p>\nPer saperne di pi\u00f9:<br \/>\n<a href=\"https:\/\/www.luks.ch\/sites\/default\/files\/2023-01\/inluks_2023_programm_18.01.2023.pdf\">https:\/\/www.luks.ch\/sites\/default\/files\/2023-01\/inluks_2023_programm_18.01.2023.pdf<\/a>\n\t\t\t\t\t<a href=\"#\" id=\"fl-accordion--label-6\" tabindex=\"0\" aria-controls=\"fl-accordion--panel-6\">2-4 novembre 2923 &#8211; SwissAnaesthesia &#8211; Beaulieu Losanna<\/a>\n\t\t\t\t\t\t\t\t\t\t\t<a href=\"#\" id=\"fl-accordion--icon-6\" tabindex=\"0\" aria-controls=\"fl-accordion--panel-6\"><i>Expand<\/i><\/a>\n<h3>\n\t\tEventi passati\n\t<\/h3>\n\t\t\t\t\t<a href=\"#\" id=\"fl-accordion--label-0\" tabindex=\"0\" aria-controls=\"fl-accordion--panel-0\">23 gennaio 2023 &#8211; Simposio di anestesia infermieristica di Berna (BAPS), Insel Berna<\/a>\n\t\t\t\t\t\t\t\t\t\t\t<a href=\"#\" id=\"fl-accordion--icon-0\" tabindex=\"0\" aria-controls=\"fl-accordion--panel-0\"><i>Expand<\/i><\/a>\n\t\t\t\t\t<ul>\n<li>Simposio infermieristico di anestesia di Berna (BAPS)<\/li>\n<li>Sabato 28 gennaio 2023, dalle ore 9.00 alle ore 15.00<\/li>\n<li>Auditorium Ettore Rossi, Clinica Pediatrica, Inselspital di Berna<\/li>\n<\/ul>\n<p><strong>Golden Age &#8211; l&#8217;arte della gestione dell&#8217;anestesia geriatrica<\/strong><\/p>\n<p>Cari colleghi<\/p>\n<p>Dopo la pausa per la pandemia, siamo tornati con un entusiasmante programma BAPS 2023. Sebbene ci asteniamo ancora dall&#8217;organizzare workshop, per il 2024 prevediamo di riprendere il vecchio e collaudato formato.<\/p>\n<p>La piramide dell&#8217;et\u00e0 in Svizzera lo mostra chiaramente: la percentuale di anziani \u00e8 in aumento! Secondo l&#8217;Ufficio federale di statistica, questo fenomeno aumenter\u00e0 nei prossimi anni a causa dell&#8217;aumento dell&#8217;aspettativa di vita, del basso tasso di natalit\u00e0 e del pensionamento della generazione del baby boom. Allo stesso tempo, circa la met\u00e0 delle persone di 55 anni e pi\u00f9 e due terzi delle persone di 75 anni e pi\u00f9 hanno almeno una malattia cronica.<\/p>\n<p>Questi fatti ci hanno spinto a dedicare una BAPS alla generazione pi\u00f9 anziana e ad occuparci della gestione anestesiologica dei nostri pazienti della &#8220;Golden Age&#8221;, che possono trovarsi con noi in preparazione all&#8217;anestesia dopo una caduta in e-bike o un impatto con la testa delirante.<\/p>\n<p>Vi aspetta un&#8217;entusiasmante giornata di conferenze e di incontri con i colleghi!<\/p>\n<p>Caterina Gutersohn, responsabile della formazione professionale AIN<\/p>\n<p>Per saperne di pi\u00f9 su questo evento: <a href=\"http:\/\/www.anaesthesiologie.insel.ch\/de\/unser-angebot\/fortbildung\/symposien\/berner-anaesthesie-pflege-symposium\">http:\/\/www.anaesthesiologie.insel.ch\/de\/unser-angebot\/fortbildung\/symposien\/berner-anaesthesie-pflege-symposium<\/a><\/p>\n\t\t\t\t\t<a href=\"#\" id=\"fl-accordion--label-1\" tabindex=\"0\" aria-controls=\"fl-accordion--panel-1\">18-19 novembre 2022 &#8211; 21\u00b0 Simposio sulla gestione delle vie aeree di San Gallo &#8211; San Gallo<\/a>\n\t\t\t\t\t\t\t\t\t\t\t<a href=\"#\" id=\"fl-accordion--icon-1\" tabindex=\"0\" aria-controls=\"fl-accordion--panel-1\"><i>Expand<\/i><\/a>\n\t\t\t\t\t<p>Per saperne di pi\u00f9 su questo evento: <a href=\"https:\/\/www.airway-stgallen.ch\/programm\/\">https:\/\/www.airway-stgallen.ch\/programm\/\u00a0<\/a><\/p>\n\n","protected":false},"excerpt":{"rendered":"<p>Eventi e fiere Il nostro calendario di eventi 10\/11 marzo 2023 &#8211; Congresso per l&#8217;anniversario dei 30 anni di infermieristica d&#8217;urgenza &#8211; Kursaal Interlaken Expand Il congresso per l&#8217;anniversario di Emergency Nursing Switzerland si svolge per due giorni a Interlaken e offre ai partecipanti un programma vario e specializzato. I rappresentanti delle organizzazioni partner e [&hellip;]<\/p>\n","protected":false},"author":1,"featured_media":0,"parent":0,"menu_order":0,"comment_status":"closed","ping_status":"closed","template":"","meta":{"site-sidebar-layout":"no-sidebar","site-content-layout":"page-builder","ast-site-content-layout":"default","site-content-style":"default","site-sidebar-style":"default","ast-global-header-display":"","ast-banner-title-visibility":"","ast-main-header-display":"","ast-hfb-above-header-display":"","ast-hfb-below-header-display":"","ast-hfb-mobile-header-display":"","site-post-title":"disabled","ast-breadcrumbs-content":"","ast-featured-img":"disabled","footer-sml-layout":"","ast-disable-related-posts":"","theme-transparent-header-meta":"default","adv-header-id-meta":"","stick-header-meta":"default","header-above-stick-meta":"","header-main-stick-meta":"","header-below-stick-meta":"","astra-migrate-meta-layouts":"default","ast-page-background-enabled":"default","ast-page-background-meta":{"desktop":{"background-color":"","background-image":"","background-repeat":"repeat","background-position":"center center","background-size":"auto","background-attachment":"scroll","background-type":"","background-media":"","overlay-type":"","overlay-color":"","overlay-opacity":"","overlay-gradient":""},"tablet":{"background-color":"","background-image":"","background-repeat":"repeat","background-position":"center center","background-size":"auto","background-attachment":"scroll","background-type":"","background-media":"","overlay-type":"","overlay-color":"","overlay-opacity":"","overlay-gradient":""},"mobile":{"background-color":"","background-image":"","background-repeat":"repeat","background-position":"center center","background-size":"auto","background-attachment":"scroll","background-type":"","background-media":"","overlay-type":"","overlay-color":"","overlay-opacity":"","overlay-gradient":""}},"ast-content-background-meta":{"desktop":{"background-color":"var(--ast-global-color-5)","background-image":"","background-repeat":"repeat","background-position":"center center","background-size":"auto","background-attachment":"scroll","background-type":"","background-media":"","overlay-type":"","overlay-color":"","overlay-opacity":"","overlay-gradient":""},"tablet":{"background-color":"var(--ast-global-color-5)","background-image":"","background-repeat":"repeat","background-position":"center center","background-size":"auto","background-attachment":"scroll","background-type":"","background-media":"","overlay-type":"","overlay-color":"","overlay-opacity":"","overlay-gradient":""},"mobile":{"background-color":"var(--ast-global-color-5)","background-image":"","background-repeat":"repeat","background-position":"center center","background-size":"auto","background-attachment":"scroll","background-type":"","background-media":"","overlay-type":"","overlay-color":"","overlay-opacity":"","overlay-gradient":""}},"footnotes":""},"class_list":["post-10561","page","type-page","status-publish","hentry"],"aioseo_notices":[],"_links":{"self":[{"href":"https:\/\/www.mk-med.ch\/it\/wp-json\/wp\/v2\/pages\/10561","targetHints":{"allow":["GET"]}}],"collection":[{"href":"https:\/\/www.mk-med.ch\/it\/wp-json\/wp\/v2\/pages"}],"about":[{"href":"https:\/\/www.mk-med.ch\/it\/wp-json\/wp\/v2\/types\/page"}],"author":[{"embeddable":true,"href":"https:\/\/www.mk-med.ch\/it\/wp-json\/wp\/v2\/users\/1"}],"replies":[{"embeddable":true,"href":"https:\/\/www.mk-med.ch\/it\/wp-json\/wp\/v2\/comments?post=10561"}],"version-history":[{"count":6,"href":"https:\/\/www.mk-med.ch\/it\/wp-json\/wp\/v2\/pages\/10561\/revisions"}],"predecessor-version":[{"id":11156,"href":"https:\/\/www.mk-med.ch\/it\/wp-json\/wp\/v2\/pages\/10561\/revisions\/11156"}],"wp:attachment":[{"href":"https:\/\/www.mk-med.ch\/it\/wp-json\/wp\/v2\/media?parent=10561"}],"curies":[{"name":"wp","href":"https:\/\/api.w.org\/{rel}","templated":true}]}}