{"id":10556,"date":"2018-04-08T18:34:12","date_gmt":"2018-04-08T16:34:12","guid":{"rendered":"https:\/\/www.mk-med.ch\/geschichte\/"},"modified":"2025-12-11T11:59:52","modified_gmt":"2025-12-11T10:59:52","slug":"storia","status":"publish","type":"page","link":"https:\/\/www.mk-med.ch\/it\/storia\/","title":{"rendered":"Storia"},"content":{"rendered":"\n\n\t<h1>MK-MED e la sua storia<\/h1>\n\t<p>L&#8217;azienda \u00e8 stata fondata nel 1998 da Manfred Kinnast a Raron. Dal luglio 2007, la ditta individuale \u00e8 stata trasformata in una societ\u00e0 per azioni. Attualmente impieghiamo 23 persone tra amministrazione, assistenza sul campo, logistica e tecnologia medica. Il nostro team vanta molti anni di esperienza medica in campo clinico.<\/p>\n<p>La nostra gamma di prodotti versatili e innovativi nei settori dell&#8217;anestesia, della terapia intensiva, della neonatologia e della medicina d&#8217;urgenza offre soluzioni mediche all&#8217;avanguardia. Il nostro sistema di gestione della qualit\u00e0 \u00e8 conforme ai requisiti della norma ISO 13485 e viene sottoposto a verifiche esterne. Secondo il regolamento MDR, i distributori e gli importatori non sono soggetti all&#8217;obbligo di certificazione. Sono semplicemente tenuti ad attuare un sistema di gestione della qualit\u00e0 (QMS).<\/p>\n<p>Il vantaggio speciale per il cliente e la sua clinica consiste nell&#8217;adeguamento flessibile e orientato all&#8217;utente dei nostri prodotti alle sue esigenze. Saremo lieti di fornire una consulenza telefonica o in loco.<\/p>\n\t<h3>MK-MED \u00e8 distributore esclusivo delle aziende:<\/h3>\n\t<ul>\n<li>Intersurgical &#8211; prodotti per la ventilazione come maschere per la ventilazione e tubi di aspirazione<\/li>\n<li>STARMED &#8211; Caschi CPAP<\/li>\n<li>Leventon &#8211; Dosaggio e spirometria<\/li>\n<li>Serres &#8211; Sistemi di aspirazione per pazienti<\/li>\n<li>Plastomed &#8211; Tubi di aspirazione e insufflazione<\/li>\n<li>Medical Innovation &#8211; Prodotti per la neonatologia<\/li>\n<li>KanMed &#8211; Sistemi di riscaldamento paziente<\/li>\n<li>X-Cen-Tek &#8211; Zaino e borsa di emergenza<\/li>\n<li>Redax &#8211; Sistemi di drenaggio<\/li>\n<li>Biometrix &#8211; Urimetrix, programma di drenaggio delle urine<\/li>\n<li>AirLife- Trach Care &amp; Microcuff &amp; Kim Vent 24<\/li>\n<li>Prodol &#8211; Laringoscopio ottico<\/li>\n<li>Waterjel &#8211; Ustioni<\/li>\n<li>GS Elektromedizinische Ger\u00e4te G. Stemple GmbH &#8211; Corpuls<\/li>\n<\/ul>\n\t<h3>Partner di distribuzione delle aziende:<\/h3>\n\t<ul>\n<li>VBM &#8211; Tubo laringeo<\/li>\n<li>Servoprax &#8211; Materiale di emergenza<\/li>\n<\/ul>\n<br \/>\nMK-MED \u00e8 pronta a mettersi al vostro servizio.<br \/>\n\n\n","protected":false},"excerpt":{"rendered":"<p>MK-MED e la sua storia L&#8217;azienda \u00e8 stata fondata nel 1998 da Manfred Kinnast a Raron. Dal luglio 2007, la ditta individuale \u00e8 stata trasformata in una societ\u00e0 per azioni. Attualmente impieghiamo 23 persone tra amministrazione, assistenza sul campo, logistica e tecnologia medica. Il nostro team vanta molti anni di esperienza medica in campo clinico. [&hellip;]<\/p>\n","protected":false},"author":1,"featured_media":0,"parent":0,"menu_order":0,"comment_status":"closed","ping_status":"closed","template":"","meta":{"site-sidebar-layout":"no-sidebar","site-content-layout":"page-builder","ast-site-content-layout":"default","site-content-style":"default","site-sidebar-style":"default","ast-global-header-display":"","ast-banner-title-visibility":"","ast-main-header-display":"","ast-hfb-above-header-display":"","ast-hfb-below-header-display":"","ast-hfb-mobile-header-display":"","site-post-title":"disabled","ast-breadcrumbs-content":"","ast-featured-img":"disabled","footer-sml-layout":"","ast-disable-related-posts":"","theme-transparent-header-meta":"default","adv-header-id-meta":"","stick-header-meta":"default","header-above-stick-meta":"","header-main-stick-meta":"","header-below-stick-meta":"","astra-migrate-meta-layouts":"default","ast-page-background-enabled":"default","ast-page-background-meta":{"desktop":{"background-color":"","background-image":"","background-repeat":"repeat","background-position":"center center","background-size":"auto","background-attachment":"scroll","background-type":"","background-media":"","overlay-type":"","overlay-color":"","overlay-opacity":"","overlay-gradient":""},"tablet":{"background-color":"","background-image":"","background-repeat":"repeat","background-position":"center center","background-size":"auto","background-attachment":"scroll","background-type":"","background-media":"","overlay-type":"","overlay-color":"","overlay-opacity":"","overlay-gradient":""},"mobile":{"background-color":"","background-image":"","background-repeat":"repeat","background-position":"center center","background-size":"auto","background-attachment":"scroll","background-type":"","background-media":"","overlay-type":"","overlay-color":"","overlay-opacity":"","overlay-gradient":""}},"ast-content-background-meta":{"desktop":{"background-color":"var(--ast-global-color-5)","background-image":"","background-repeat":"repeat","background-position":"center center","background-size":"auto","background-attachment":"scroll","background-type":"","background-media":"","overlay-type":"","overlay-color":"","overlay-opacity":"","overlay-gradient":""},"tablet":{"background-color":"var(--ast-global-color-5)","background-image":"","background-repeat":"repeat","background-position":"center center","background-size":"auto","background-attachment":"scroll","background-type":"","background-media":"","overlay-type":"","overlay-color":"","overlay-opacity":"","overlay-gradient":""},"mobile":{"background-color":"var(--ast-global-color-5)","background-image":"","background-repeat":"repeat","background-position":"center center","background-size":"auto","background-attachment":"scroll","background-type":"","background-media":"","overlay-type":"","overlay-color":"","overlay-opacity":"","overlay-gradient":""}},"footnotes":""},"class_list":["post-10556","page","type-page","status-publish","hentry"],"aioseo_notices":[],"_links":{"self":[{"href":"https:\/\/www.mk-med.ch\/it\/wp-json\/wp\/v2\/pages\/10556","targetHints":{"allow":["GET"]}}],"collection":[{"href":"https:\/\/www.mk-med.ch\/it\/wp-json\/wp\/v2\/pages"}],"about":[{"href":"https:\/\/www.mk-med.ch\/it\/wp-json\/wp\/v2\/types\/page"}],"author":[{"embeddable":true,"href":"https:\/\/www.mk-med.ch\/it\/wp-json\/wp\/v2\/users\/1"}],"replies":[{"embeddable":true,"href":"https:\/\/www.mk-med.ch\/it\/wp-json\/wp\/v2\/comments?post=10556"}],"version-history":[{"count":4,"href":"https:\/\/www.mk-med.ch\/it\/wp-json\/wp\/v2\/pages\/10556\/revisions"}],"predecessor-version":[{"id":12087,"href":"https:\/\/www.mk-med.ch\/it\/wp-json\/wp\/v2\/pages\/10556\/revisions\/12087"}],"wp:attachment":[{"href":"https:\/\/www.mk-med.ch\/it\/wp-json\/wp\/v2\/media?parent=10556"}],"curies":[{"name":"wp","href":"https:\/\/api.w.org\/{rel}","templated":true}]}}