{"id":10541,"date":"2022-01-24T21:45:07","date_gmt":"2022-01-24T20:45:07","guid":{"rendered":"https:\/\/www.mk-med.ch\/neuigkeiten1\/"},"modified":"2025-12-11T16:42:38","modified_gmt":"2025-12-11T15:42:38","slug":"novita","status":"publish","type":"page","link":"https:\/\/www.mk-med.ch\/it\/novita\/","title":{"rendered":"Novit\u00e0"},"content":{"rendered":"\n<h3>\n\t\t\tSAM MEDICAL\t<\/h3>\n\t\t\t\t<img decoding=\"async\" src=\"http:\/\/www.mk-med.ch\/wordpress\/wp-content\/uploads\/2025\/12\/Webseite-SAM-Medical.png\" alt=\"Webseite SAM Medical\" itemprop=\"image\" title=\"Webseite SAM Medical\" onerror=\"this.style.display='none'\" loading=\"lazy\" \/>\n\t\t\t<a href=\"https:\/\/www.sammedical.com\/products\/sam-io\" target=\"_blank\" rel=\"noopener\">\n\t\t\t\t\t\t\tLeggi di pi\u00f9&#8230;\n\t\t\t\t\t<\/a>\n<h3>\n\t\t\tVathin H-SteriScope &#8211; Sicuro Intelligente Semplice\t<\/h3>\n\t\t<meta itemprop=\"url\" content=\"https:\/\/www.mk-med.ch\/wordpress\/wp-content\/uploads\/2025\/05\/A600-Intro-2025-EN-Rev-9.1-2024-12-16.mp4\" \/><div style=\"width: 640px;\" class=\"wp-video\"><video muted class=\"wp-video-shortcode\" id=\"video-10541-1\" width=\"640\" height=\"360\" poster=\"http:\/\/www.mk-med.ch\/wordpress\/wp-content\/uploads\/2025\/05\/Screenshot-2025-05-18-201141.png\" autoplay preload=\"none\" controls=\"controls\"><source type=\"video\/mp4\" src=\"https:\/\/www.mk-med.ch\/wordpress\/wp-content\/uploads\/2025\/05\/A600-Intro-2025-EN-Rev-9.1-2024-12-16.mp4?_=1\" \/><source type=\"video\/mp4\" src=\"https:\/\/www.mk-med.ch\/wordpress\/wp-content\/uploads\/2025\/05\/A600-Intro-2025-EN-Rev-9.1-2024-12-16.mp4?_=1\" \/><a href=\"https:\/\/www.mk-med.ch\/wordpress\/wp-content\/uploads\/2025\/05\/A600-Intro-2025-EN-Rev-9.1-2024-12-16.mp4\">https:\/\/www.mk-med.ch\/wordpress\/wp-content\/uploads\/2025\/05\/A600-Intro-2025-EN-Rev-9.1-2024-12-16.mp4<\/a><\/video><\/div>\t\n\t\t\t\t<img decoding=\"async\" src=\"http:\/\/www.mk-med.ch\/wordpress\/wp-content\/uploads\/2025\/05\/Screenshot-2025-05-18-201141.png\" alt=\"Screenshot 2025-05-18 201141\" itemprop=\"image\" title=\"Screenshot 2025-05-18 201141\" onerror=\"this.style.display='none'\" loading=\"lazy\" \/>\n\t\t\t\t<img decoding=\"async\" src=\"http:\/\/www.mk-med.ch\/wordpress\/wp-content\/uploads\/2025\/05\/Screenshot-2025-05-06-155550.png\" alt=\"Screenshot 2025-05-06 155550\" itemprop=\"image\" title=\"Screenshot 2025-05-06 155550\" onerror=\"this.style.display='none'\" loading=\"lazy\" \/>\n<h3>\n\t\t\tSerres Nemo\t<\/h3>\n\t\t\t\t<img decoding=\"async\" src=\"http:\/\/www.mk-med.ch\/wordpress\/wp-content\/uploads\/2024\/05\/serres-nemo-flyer.png\" alt=\"serres nemo flyer\" itemprop=\"image\" title=\"serres nemo flyer\" onerror=\"this.style.display='none'\" loading=\"lazy\" \/>\n\t\t<meta itemprop=\"url\" content=\"https:\/\/www.mk-med.ch\/wordpress\/wp-content\/uploads\/2024\/06\/Serres_Nemo_no_subtitles.mp4\" \/><div style=\"width: 640px;\" class=\"wp-video\"><video class=\"wp-video-shortcode\" id=\"video-10541-2\" width=\"640\" height=\"360\" preload=\"metadata\" controls=\"controls\"><source type=\"video\/mp4\" src=\"https:\/\/www.mk-med.ch\/wordpress\/wp-content\/uploads\/2024\/06\/Serres_Nemo_no_subtitles.mp4?_=2\" \/><source type=\"video\/mp4\" src=\"https:\/\/www.mk-med.ch\/wordpress\/wp-content\/uploads\/2024\/06\/Serres_Nemo_no_subtitles.mp4?_=2\" \/><a href=\"https:\/\/www.mk-med.ch\/wordpress\/wp-content\/uploads\/2024\/06\/Serres_Nemo_no_subtitles.mp4\">https:\/\/www.mk-med.ch\/wordpress\/wp-content\/uploads\/2024\/06\/Serres_Nemo_no_subtitles.mp4<\/a><\/video><\/div>\t\n<h3>\n\t\t\tVathin H-SteriScope &#8211; Sicuro Intelligente Semplice\t<\/h3>\n\t<p><strong>La soluzione definitiva per le procedure pneumonologiche<\/strong><\/p>\n<p>Il sistema di broncoscopio monouso Vathin \u00e8 composto da un broncoscopio di prima classe e dal Vision Center II. Integrando questi due dispositivi, abbiamo creato una soluzione all-in-one per gli pneumologi che ottimizza e semplifica ogni procedura.<\/p>\n<p>In termini di applicazione clinica, il sistema di broncoscopio monouso Vathin si \u00e8 dimostrato eccezionalmente efficace nella medicina polmonare. Le sue immagini di alta qualit\u00e0 consentono agli pneumologi di navigare con precisione nelle vie aeree, visualizzare la struttura polmonare e rilevare le anomalie.<\/p>\n<p>Il sistema broncoscopio monouso \u00e8 la scelta perfetta per le procedure pneumologiche, grazie alla sua natura monouso, all&#8217;elevata qualit\u00e0 delle immagini e alla versatilit\u00e0. Affidatevi a noi per avere gli strumenti migliori per la salute e la sicurezza dei vostri pazienti.<\/p>\n\t\t\t<a href=\"https:\/\/vathin.com\/pulmonology\/index\" target=\"_self\">\n\t\t\t\t\t\t\tLeggi di pi\u00f9&#8230;\n\t\t\t\t\t<\/a>\n\t\t\t\t<img decoding=\"async\" src=\"http:\/\/www.mk-med.ch\/wordpress\/wp-content\/uploads\/2024\/05\/steriscope.png\" alt=\"steriscope\" itemprop=\"image\" title=\"steriscope\" onerror=\"this.style.display='none'\" loading=\"lazy\" \/>\n\t\t\t<a href=\"http:\/\/www.mk-med.ch\/wordpress\/wp-content\/uploads\/2024\/05\/Brochure-Vathin-German.pdf\" target=\"_self\">\n\t\t\t\t\t\t\tBrossura\n\t\t\t\t\t<\/a>\n\t\t<meta itemprop=\"url\" content=\"https:\/\/www.mk-med.ch\/wordpress\/wp-content\/uploads\/2024\/06\/Werbevideo-Endoskope.mp4\" \/><div style=\"width: 640px;\" class=\"wp-video\"><video class=\"wp-video-shortcode\" id=\"video-10541-3\" width=\"640\" height=\"360\" preload=\"metadata\" controls=\"controls\"><source type=\"video\/mp4\" src=\"https:\/\/www.mk-med.ch\/wordpress\/wp-content\/uploads\/2024\/06\/Werbevideo-Endoskope.mp4?_=3\" \/><source type=\"video\/mp4\" src=\"https:\/\/www.mk-med.ch\/wordpress\/wp-content\/uploads\/2024\/06\/Werbevideo-Endoskope.mp4?_=3\" \/><a href=\"https:\/\/www.mk-med.ch\/wordpress\/wp-content\/uploads\/2024\/06\/Werbevideo-Endoskope.mp4\">https:\/\/www.mk-med.ch\/wordpress\/wp-content\/uploads\/2024\/06\/Werbevideo-Endoskope.mp4<\/a><\/video><\/div>\t\n\t\t\t\t<img decoding=\"async\" src=\"https:\/\/www.mk-med.ch\/wordpress\/wp-content\/plugins\/bb-plugin\/img\/pixel.png\" alt=\"\" itemprop=\"image\" onerror=\"this.style.display='none'\" loading=\"lazy\" \/>\n\t\t\t\t<img decoding=\"async\" src=\"http:\/\/www.mk-med.ch\/wordpress\/wp-content\/uploads\/2024\/04\/Patientenhalter.png\" alt=\"Patientenhalter\" itemprop=\"image\" title=\"Patientenhalter\" onerror=\"this.style.display='none'\" loading=\"lazy\" \/>\n<h3>\n\t\t\tProdotti medicali Gerwing\t<\/h3>\n\t<p>Gentili clienti,<\/p>\n<p>siamo lieti di informarvi che assumeremo la distribuzione di Gerwing Medizinprodukte a partire dal 1\u00b0 aprile 2024.<\/p>\n<p>La nostra gamma di prodotti:<\/p>\n<ul>\n<li>Supporto universale per tubi<\/li>\n<li>Portapaziente<\/li>\n<\/ul>\n<p><img decoding=\"async\" src=\"http:\/\/www.mk-med.ch\/wordpress\/wp-content\/uploads\/2024\/04\/Schlauchhalter-249x300.png\" alt=\"\" width=\"249\" height=\"300\" \/><\/p>\n\t\t\t<a href=\"https:\/\/www.gerwing-riester.de\/en\" target=\"_self\">\n\t\t\t\t\t\t\tLeggi di pi\u00f9&#8230;\n\t\t\t\t\t<\/a>\n<h3>\n\t\t\tBorsa di salvataggio PAX RTS AIR &#8211; la croce di vetta incontra il faro\t<\/h3>\n\t<p>La croce di vetta incontra il faro &#8211; dalla rete orizzontale al prodotto medico &#8211; sulla collaborazione di successo tra MK-MED Medizintechnik AG (di seguito MK-MED), Air Zermatt AG (di seguito &#8220;Air Zermatt&#8221;) e X-CEN-TEK GmbH &amp; Co. KG (di seguito &#8220;PAX-Bags&#8221;) utilizzando come esempio il sacco di soccorso PAX RTS AIR.<\/p>\n<p>Con la sacca di salvataggio PAX RTS AIR \u00e8 stata sviluppata e portata a maturazione sul mercato una delle poche sacche di salvataggio approvate come dispositivo medico.<\/p>\n<p>Nel 2016 \u00e8 stata posta la prima pietra per lo sviluppo della sacca di soccorso PAX RTS AIR. Con Manfred Kinnast, (CEO, MK-MED Medizintechnik AG), il dott. Axel Mann (ex direttore medico, Air Zermatt) e la dott.ssa Nils-Lasse Schneider (Product Manager, PAX-Bags), \u00e8 iniziato il progetto della sacca di salvataggio di questi tre grandi motori dell&#8217;innovazione.<\/p>\n<p>Lo sviluppo della sacca di salvataggio PAX RTS AIR aveva l&#8217;obiettivo di stabilire nuovi standard per il trasporto di pazienti nel campo del soccorso aereo.<\/p>\n\t\t\t<a href=\"https:\/\/www.pax-bags.com\/de\/ueber-pax\/pax-news\/article\/2023\/02\/20\/212\/\" target=\"_self\">\n\t\t\t\t\t\t\tLeggi di pi\u00f9&#8230;\n\t\t\t\t\t<\/a>\n\t\t\t\t<img decoding=\"async\" src=\"http:\/\/www.mk-med.ch\/wordpress\/wp-content\/uploads\/2023\/03\/AIRzermatt_.webp\" alt=\"Missione sul Cervino\" itemprop=\"image\" title=\"AIRzermatt_\" onerror=\"this.style.display='none'\" loading=\"lazy\" \/>\n\t\tMissione sul Cervino\n\t\t\t\t<img decoding=\"async\" src=\"http:\/\/www.mk-med.ch\/wordpress\/wp-content\/uploads\/2023\/03\/csm_Gehaenge_cc055b2ad0-300x225.jpg\" alt=\"PAX RTS AIR - Sospensione\" itemprop=\"image\" title=\"csm_Gehaenge_cc055b2ad0\" onerror=\"this.style.display='none'\" loading=\"lazy\" \/>\n\t\tPAX RTS AIR &#8211; Sospensione\n\t\t\t\t<img decoding=\"async\" src=\"http:\/\/www.mk-med.ch\/wordpress\/wp-content\/uploads\/2020\/07\/146110801_04_pax_rettungssack_modell_air_zermatt.jpg\" alt=\"146110801_04_pax_rettungssack_modell_air_zermatt\" itemprop=\"image\" title=\"146110801_04_pax_rettungssack_modell_air_zermatt\" onerror=\"this.style.display='none'\" loading=\"lazy\" \/>\n<h3>\n\t\t\tPAX-Rettungssack Air-Zermatt\t<\/h3>\n\t<p>La sacca di salvataggio PAX RTS AIR \u00e8 caratterizzata dalla costante assenza di velcro per proteggere le funi e le cinghie di sicurezza per il verricello.<\/p>\nGrazie alla zip integrale, la sacca di salvataggio PAX RTS AIR pu\u00f2 essere utilizzata da una sola persona, anche in condizioni avverse. Il sistema di allacciatura interno nella zona della testa e le cinghie di compressione con codice colore consentono di adattare rapidamente la sacca di soccorso PAX al paziente.<br \/>\nIl sistema di anelli ridondanti per il fissaggio della struttura all&#8217;elicottero per il trasporto come carico esterno garantisce una maggiore sicurezza.\n<p>\u00c8 possibile e consentito anche il soccorso verticale o la discesa in corda doppia. Tutti i passanti e le corde sono riposti in modo sicuro nelle tasche.<\/p>\n\t\t\t<a href=\"https:\/\/pax-bags.com\/de\/shop\/einsatzgebiete\/rettungssack-rts-air\/\" target=\"_self\">\n\t\t\t\t\t\t\tLeggi di pi\u00f9&#8230;\n\t\t\t\t\t<\/a>\n<h3>\n\t\t\tDer brandneue corpuls 3T\t<\/h3>\n\tContattateci per una settimana di prova gratuita.<br \/>\nIl corpuls3T non \u00e8 solo un dispositivo, ma un sistema di 3 moduli: monitor, box paziente, defibrillatore.\n<ul>\n<li>Monitoraggio costante dal punto di intervento fino all&#8217;ospedale<\/li>\n<li>Monitoraggio continuo a distanza di sicurezza (ad es. TC)<\/li>\n<li>Maggiore ergonomia durante il trasporto dei pazienti grazie alla suddivisione dei moduli<\/li>\n<li>Maggiore sicurezza grazie alla registrazione e alla memorizzazione dei parametri direttamente sul paziente<\/li>\n<li>Maggiore flessibilit\u00e0 sul posto di lavoro grazie alla suddivisione in aree di applicazione: visualizzazione, acquisizione dati e terapia<\/li>\n<\/ul>\n\t\t\t<a href=\"https:\/\/corpuls.world\/\" target=\"_self\">\n\t\t\t\t\t\t\tLeggi di pi\u00f9&#8230;\n\t\t\t\t\t<\/a>\n\t\t\t\t<img decoding=\"async\" src=\"http:\/\/www.mk-med.ch\/wordpress\/wp-content\/uploads\/2020\/07\/dddd-1024x724.png\" alt=\"dddd\" itemprop=\"image\" title=\"dddd\" onerror=\"this.style.display='none'\" loading=\"lazy\" \/>\n\t\t\t\t<a href=\"https:\/\/kanmed.se\/wp-content\/uploads\/2015\/01\/Babybed_fullhd.mp4%20\"  target=\"_blank\" rel=\"noopener\"  itemprop=\"url\">\n\t\t\t\t<img decoding=\"async\" src=\"http:\/\/www.mk-med.ch\/wordpress\/wp-content\/uploads\/2022\/05\/Kanmed-Babybed.jpg\" alt=\"Kanmed Babybed\" itemprop=\"image\" title=\"Kanmed Babybed\" onerror=\"this.style.display='none'\" loading=\"lazy\" \/>\n\t\t\t\t<\/a>\n\t\t\t\t<a href=\"https:\/\/kanmed.se\/wp-content\/uploads\/2015\/01\/Babywarmer_fullhd.mp4%20\"  target=\"_blank\" rel=\"noopener\"  itemprop=\"url\">\n\t\t\t\t<img decoding=\"async\" src=\"http:\/\/www.mk-med.ch\/wordpress\/wp-content\/uploads\/2022\/05\/Kanmed-Babywarmer.jpg\" alt=\"Kanmed Babywarmer\" itemprop=\"image\" title=\"Kanmed Babywarmer\" onerror=\"this.style.display='none'\" loading=\"lazy\" \/>\n\t\t\t\t<\/a>\n\t\t\t\t<a href=\"https:\/\/kanmed.se\/wp-content\/uploads\/2015\/01\/Warmcloud_fullhd.mp4\"  target=\"_blank\" rel=\"noopener\"  itemprop=\"url\">\n\t\t\t\t<img decoding=\"async\" src=\"http:\/\/www.mk-med.ch\/wordpress\/wp-content\/uploads\/2022\/05\/Kanmed-Warmcloud.jpg\" alt=\"Kanmed Warmcloud\" itemprop=\"image\" title=\"Kanmed Warmcloud\" onerror=\"this.style.display='none'\" loading=\"lazy\" \/>\n\t\t\t\t<\/a>\n\t\t\t\t<a href=\"https:\/\/kanmed.se\/wp-content\/uploads\/2015\/01\/Warmingcabinet_fullhd.mp4\"  target=\"_blank\" rel=\"noopener\"  itemprop=\"url\">\n\t\t\t\t<img decoding=\"async\" src=\"http:\/\/www.mk-med.ch\/wordpress\/wp-content\/uploads\/2022\/05\/Kanmed-warmingcabinet.png\" alt=\"Kanmed warmingcabinet\" itemprop=\"image\" title=\"Kanmed warmingcabinet\" onerror=\"this.style.display='none'\" loading=\"lazy\" \/>\n\t\t\t\t<\/a>\n<h3>\n\t\t\tNuovi video di formazione Kanmed per tutti gli utenti\t<\/h3>\n\t<p>Siamo lieti di annunciare la disponibilit\u00e0 di nuovi video di istruzioni per tutti i nostri prodotti. Con i video \u00e8 possibile imparare a mettere in funzione i prodotti Kanmed.<\/p>\n<p>Prima di utilizzare qualsiasi dispositivo medico, \u00e8 sempre importante leggere le istruzioni per l&#8217;uso.<\/p>\n<p>Per vedere i video, basta cliccare sul nome del prodotto.<\/p>\n\n","protected":false},"excerpt":{"rendered":"<p>SAM MEDICAL Leggi di pi\u00f9&#8230; Vathin H-SteriScope &#8211; Sicuro Intelligente Semplice Serres Nemo Vathin H-SteriScope &#8211; Sicuro Intelligente Semplice La soluzione definitiva per le procedure pneumonologiche Il sistema di broncoscopio monouso Vathin \u00e8 composto da un broncoscopio di prima classe e dal Vision Center II. Integrando questi due dispositivi, abbiamo creato una soluzione all-in-one per [&hellip;]<\/p>\n","protected":false},"author":3,"featured_media":0,"parent":0,"menu_order":0,"comment_status":"closed","ping_status":"closed","template":"","meta":{"site-sidebar-layout":"no-sidebar","site-content-layout":"page-builder","ast-site-content-layout":"full-width-container","site-content-style":"unboxed","site-sidebar-style":"unboxed","ast-global-header-display":"","ast-banner-title-visibility":"","ast-main-header-display":"","ast-hfb-above-header-display":"","ast-hfb-below-header-display":"","ast-hfb-mobile-header-display":"","site-post-title":"disabled","ast-breadcrumbs-content":"","ast-featured-img":"disabled","footer-sml-layout":"","ast-disable-related-posts":"","theme-transparent-header-meta":"default","adv-header-id-meta":"","stick-header-meta":"default","header-above-stick-meta":"","header-main-stick-meta":"","header-below-stick-meta":"","astra-migrate-meta-layouts":"default","ast-page-background-enabled":"default","ast-page-background-meta":{"desktop":{"background-color":"","background-image":"","background-repeat":"repeat","background-position":"center center","background-size":"auto","background-attachment":"scroll","background-type":"","background-media":"","overlay-type":"","overlay-color":"","overlay-opacity":"","overlay-gradient":""},"tablet":{"background-color":"","background-image":"","background-repeat":"repeat","background-position":"center center","background-size":"auto","background-attachment":"scroll","background-type":"","background-media":"","overlay-type":"","overlay-color":"","overlay-opacity":"","overlay-gradient":""},"mobile":{"background-color":"","background-image":"","background-repeat":"repeat","background-position":"center center","background-size":"auto","background-attachment":"scroll","background-type":"","background-media":"","overlay-type":"","overlay-color":"","overlay-opacity":"","overlay-gradient":""}},"ast-content-background-meta":{"desktop":{"background-color":"var(--ast-global-color-5)","background-image":"","background-repeat":"repeat","background-position":"center center","background-size":"auto","background-attachment":"scroll","background-type":"","background-media":"","overlay-type":"","overlay-color":"","overlay-opacity":"","overlay-gradient":""},"tablet":{"background-color":"var(--ast-global-color-5)","background-image":"","background-repeat":"repeat","background-position":"center center","background-size":"auto","background-attachment":"scroll","background-type":"","background-media":"","overlay-type":"","overlay-color":"","overlay-opacity":"","overlay-gradient":""},"mobile":{"background-color":"var(--ast-global-color-5)","background-image":"","background-repeat":"repeat","background-position":"center center","background-size":"auto","background-attachment":"scroll","background-type":"","background-media":"","overlay-type":"","overlay-color":"","overlay-opacity":"","overlay-gradient":""}},"footnotes":""},"class_list":["post-10541","page","type-page","status-publish","hentry"],"aioseo_notices":[],"_links":{"self":[{"href":"https:\/\/www.mk-med.ch\/it\/wp-json\/wp\/v2\/pages\/10541","targetHints":{"allow":["GET"]}}],"collection":[{"href":"https:\/\/www.mk-med.ch\/it\/wp-json\/wp\/v2\/pages"}],"about":[{"href":"https:\/\/www.mk-med.ch\/it\/wp-json\/wp\/v2\/types\/page"}],"author":[{"embeddable":true,"href":"https:\/\/www.mk-med.ch\/it\/wp-json\/wp\/v2\/users\/3"}],"replies":[{"embeddable":true,"href":"https:\/\/www.mk-med.ch\/it\/wp-json\/wp\/v2\/comments?post=10541"}],"version-history":[{"count":11,"href":"https:\/\/www.mk-med.ch\/it\/wp-json\/wp\/v2\/pages\/10541\/revisions"}],"predecessor-version":[{"id":12115,"href":"https:\/\/www.mk-med.ch\/it\/wp-json\/wp\/v2\/pages\/10541\/revisions\/12115"}],"wp:attachment":[{"href":"https:\/\/www.mk-med.ch\/it\/wp-json\/wp\/v2\/media?parent=10541"}],"curies":[{"name":"wp","href":"https:\/\/api.w.org\/{rel}","templated":true}]}}