{"id":10533,"date":"2021-10-20T21:38:43","date_gmt":"2021-10-20T19:38:43","guid":{"rendered":"https:\/\/www.mk-med.ch\/notfallmedizin\/"},"modified":"2023-01-29T21:08:13","modified_gmt":"2023-01-29T20:08:13","slug":"medicina-demergenza","status":"publish","type":"page","link":"https:\/\/www.mk-med.ch\/it\/medicina-demergenza\/","title":{"rendered":"medicina d&#8217;emergenza"},"content":{"rendered":"\n<h2>\n\t\tMedicina d&#8217;urgenza | Pronto soccorso\n\t<\/h2>\n\t<p>La medicina d&#8217;urgenza \u00e8 il termine generico per indicare vari interventi medici che vengono eseguiti nel contesto di un&#8217;emergenza. Si va dal primo soccorso da parte dei soccorritori al trattamento acuto del paziente in ambulanza o in ospedale. Ogni giorno in Germania pi\u00f9 di 21.000 ambulanze, autoambulanze e veicoli medici di emergenza sono in servizio per salvare la vita delle persone. Per garantire la migliore assistenza possibile in caso di emergenza, \u00e8 necessario disporre delle apparecchiature giuste. Medizintechnik offre tutti i prodotti necessari per la medicina d&#8217;urgenza, soprattutto di qualit\u00e0 affidabile.<\/p>\n<p>Siamo distributori esclusivi per le seguenti aziende:<\/p>\n\t\t\t\t<a href=\"https:\/\/de.intersurgical.com\/\" target=\"_blank\" rel=\"noopener\" itemprop=\"url\">\n\t\t\t\t<img decoding=\"async\" src=\"http:\/\/www.mk-med.ch\/wordpress\/wp-content\/uploads\/2021\/10\/Neues-Projekt-17.jpg\" alt=\"Neues Projekt (17)\" itemprop=\"image\" title=\"Neues Projekt (17)\" onerror=\"this.style.display='none'\"  \/>\n\t\t\t\t<\/a>\n\t<h3>Intersurgical GmbH<\/h3>\n<p>Intersurgical \u00e8 uno dei principali sviluppatori, produttori e fornitori di prodotti monouso per il supporto respiratorio. Offre soluzioni flessibili per gestione delle vie aeree, anestesia, ossigeno e aerosolterapia, nonch\u00e9 per applicazioni in terapia intensiva e domiciliari.<\/p>\n<p>Grazie a oltre 25 anni di esperienza, \u00e8 in grado di comprendere i continui cambiamenti e le sfide dell&#8217;ambiente clinico, nonch\u00e9 le esigenze di clienti e pazienti.<\/p>\n<p>Grazie a questo approccio, l&#8217;azienda \u00e8 in grado di fornire i pi\u00f9 elevati standard di progettazione, produzione, qualit\u00e0 e assistenza al cliente, rispondendo in modo rapido ed efficace alle richieste della clientela. L&#8217;obiettivo dell&#8217;azienda \u00e8 fornire le migliori soluzioni possibili per i pazienti e gli utenti che apprezzano la qualit\u00e0, l&#8217;innovazione e il servizio.<\/p>\n\t\t\t\t<a href=\"https:\/\/de.intersurgical.com\/\" target=\"_self\" itemprop=\"url\" rel=\"noopener\">\n\t\t\t\t<img decoding=\"async\" src=\"http:\/\/www.mk-med.ch\/wordpress\/wp-content\/uploads\/2022\/01\/images-300x44.png\" alt=\"images\" itemprop=\"image\" title=\"images\" onerror=\"this.style.display='none'\"  \/>\n\t\t\t\t<\/a>\n\t<h3>corpuls &#8211; GS Elektromedizinische Ger\u00e4te G. Stemple GmbH<\/h3>\n<p>Massima qualit\u00e0, durata e robustezza, adeguate alle particolari condizioni di utilizzo in caso di emergenza: questo \u00e8 ci\u00f2 che GS Elektromedizinische Ger\u00e4te G. Stemple GmbH ha sempre preteso dai suoi defibrillatori, sistemi di monitoraggio dei pazienti, dispositivi di compressione toracica e soluzioni software.<\/p>\n<p>Gi\u00e0 durante lo sviluppo, pensa al domani e fa in modo che i suoi dispositivi si adattino oggi ai futuri aggiornamenti del software e dell&#8217;hardware. Cos\u00ec, anche dopo decenni, i prodotti corpuls rimangono all&#8217;avanguardia e vengono testati e sviluppati di conseguenza.<\/p>\n\t\t\t\t<a href=\"https:\/\/corpuls.world\/\" target=\"_self\" itemprop=\"url\" rel=\"noopener\">\n\t\t\t\t<img decoding=\"async\" src=\"http:\/\/www.mk-med.ch\/wordpress\/wp-content\/uploads\/2021\/03\/corpuls-1-300x61.jpg\" alt=\"Corpuls Logo\" itemprop=\"image\" title=\"corpuls\" onerror=\"this.style.display='none'\"  \/>\n\t\t\t\t<\/a>\n\t\t\t\t<a href=\"https:\/\/corpuls.world\/\" target=\"_blank\" rel=\"noopener\" itemprop=\"url\">\n\t\t\t\t<img decoding=\"async\" src=\"http:\/\/www.mk-med.ch\/wordpress\/wp-content\/uploads\/2022\/03\/corpuls-3t-1.jpg\" alt=\"corpuls 3t (1)\" itemprop=\"image\" title=\"corpuls 3t (1)\" onerror=\"this.style.display='none'\"  \/>\n\t\t\t\t<\/a>\n\t\t\t\t<a href=\"http:\/\/www.pax-bags.de\/\" target=\"_blank\" rel=\"noopener\" itemprop=\"url\">\n\t\t\t\t<img decoding=\"async\" src=\"http:\/\/www.mk-med.ch\/wordpress\/wp-content\/uploads\/2021\/10\/Neues-Projekt-30.jpg\" alt=\"Neues Projekt (30)\" itemprop=\"image\" title=\"Neues Projekt (30)\" onerror=\"this.style.display='none'\"  \/>\n\t\t\t\t<\/a>\n\t<h3>PAX &#8211; X-CEN-TEK GmbH &amp; Co. KG<\/h3>\n\t<p>Il lavoro per la realizzazione di buoni prodotti \u00e8 una priorit\u00e0; con questa forza assicurano al loro team internazionale posti di lavoro sani, equi e socialmente garantiti. E trattano l&#8217;ambiente con lo stesso rispetto. Depurano (quasi) le acque reflue prodotte durante il trattamento dei tessuti fino a raggiungere la qualit\u00e0 dell&#8217;acqua potabile e possono descrivere con sicurezza il tessuto finito come completamente delicato per la pelle. Inoltre, effettuano (quasi) sempre gli ordini di stampa in modo neutrale dal punto di vista climatico. Sono orgogliosi di tutto questo e amano lavorare a tale scopo.<\/p>\n<p>Con i loro prodotti, preferiscono essere una cosa sola: molto vicini al cliente. Le borse PAX non devono essere solo affidabili, pratiche e resistenti. Vogliono che le borse, gli zaini e le custodie per fiale siano fedeli accompagnatori in tutto ci\u00f2 che il cliente fa. E ci\u00f2 che fa \u00e8 quasi sempre vitale.<\/p>\n\t\t\t\t<a href=\"https:\/\/www.pax-bags.com\/\" target=\"_self\" itemprop=\"url\" rel=\"noopener\">\n\t\t\t\t<img decoding=\"async\" src=\"http:\/\/www.mk-med.ch\/wordpress\/wp-content\/uploads\/2021\/03\/pax-300x79.jpg\" alt=\"Pax\" itemprop=\"image\" title=\"pax\" onerror=\"this.style.display='none'\"  \/>\n\t\t\t\t<\/a>\n\t<h3>Servoprax GmbH<\/h3>\n<p>Il commercio all&#8217;ingrosso in campo medico-tecnico.<\/p>\n<p>Dalla sua fondazione nel 1978, Servoprax GmbH si \u00e8 sviluppata fino a diventare uno dei grossisti del settore medico-tecnico con il pi\u00f9 alto fatturato in Europa. I suoi clienti sono grossisti di tecnologia medica e rivenditori specializzati, negozi di forniture mediche, tecnici ortopedici e di riabilitazione in patria e all&#8217;estero.<\/p>\n\t\t\t\t<a href=\"http:\/\/www.servoprax.de\/\" target=\"_self\" itemprop=\"url\" rel=\"noopener\">\n\t\t\t\t<img decoding=\"async\" src=\"http:\/\/www.mk-med.ch\/wordpress\/wp-content\/uploads\/2021\/03\/servopax-300x79.jpg\" alt=\"Servopax\" itemprop=\"image\" title=\"servopax\" onerror=\"this.style.display='none'\"  \/>\n\t\t\t\t<\/a>\n\t\t\t\t<a href=\"http:\/\/www.servoprax.de\/\" target=\"_blank\" rel=\"noopener\" itemprop=\"url\">\n\t\t\t\t<img decoding=\"async\" src=\"http:\/\/www.mk-med.ch\/wordpress\/wp-content\/uploads\/2022\/03\/04868_1.webp\" alt=\"04868_1\" itemprop=\"image\" title=\"04868_1\" onerror=\"this.style.display='none'\"  \/>\n\t\t\t\t<\/a>\n\t\t\t\t<a href=\"http:\/\/www.mk-med.ch\/wordpress\/wp-content\/uploads\/2021\/01\/Larynxtubus.pdf\" target=\"_blank\" rel=\"noopener\" itemprop=\"url\">\n\t\t\t\t<img decoding=\"async\" src=\"http:\/\/www.mk-med.ch\/wordpress\/wp-content\/uploads\/2022\/03\/PIC01743_LTS-D_Hero_Mockup_001-1.jpg\" alt=\"PIC01743_LTS-D_Hero_Mockup_001 (1)\" itemprop=\"image\" title=\"PIC01743_LTS-D_Hero_Mockup_001 (1)\" onerror=\"this.style.display='none'\"  \/>\n\t\t\t\t<\/a>\n\t<h3>VBM Medizintechnik GmbH<\/h3>\n<p>Dal 1981, VBM sviluppa, produce e distribuisce soluzioni tecnologiche mediche nei settori della gestione delle vie aeree, degli accessori per anestesia e terapia intensiva e dei sistemi tourniquet.<\/p>\n<p>L&#8217;azienda familiare \u00e8 stata fondata pi\u00f9 di 40 anni fa da Volker Bertram a Sulz am Neckar. &#8220;Tutto \u00e8 iniziato con il dispositivo di misurazione della pressione a bracciale, ancora oggi un campione nascosto di VBM&#8221;, afferma Carina Bertram, che dirige l&#8217;azienda dal 2016.<\/p>\n\t\t\t\t<a href=\"https:\/\/www.mk-med.ch\/wordpress\/wp-content\/uploads\/2021\/01\/Larynxtubus.pdf\" target=\"_self\" itemprop=\"url\" rel=\"noopener\">\n\t\t\t\t<img decoding=\"async\" src=\"http:\/\/www.mk-med.ch\/wordpress\/wp-content\/uploads\/2021\/03\/vbm-300x79.jpg\" alt=\"vbm\" itemprop=\"image\" title=\"vbm\" onerror=\"this.style.display='none'\"  \/>\n\t\t\t\t<\/a>\n\t<h3>Safeguard Medical &#8211; Wasser basierende Gel-Technologie<\/h3>\n<p>Safeguard Medical \u00e8 la sede dei marchi leader e affidabili a livello mondiale per la tecnologia dei prodotti medici di emergenza e per la formazione delle competenze. Con un importante portafoglio di prodotti innovativi e di alta qualit\u00e0, capacit\u00e0 di simulazione, programmi di formazione e consulenza, Safeguard Medical mira ad equipaggiare e mettere in grado di salvare vite umane i soccorritori di tutti i livelli di competenza, in qualsiasi ambiente.<\/p>\n<p>Guidata dall&#8217;innovazione e dall&#8217;esperienza pratica, Safeguard Medical mira non solo a soddisfare le esigenze mediche di emergenza di oggi, ma anche a prepararsi per le richieste di domani.<\/p>\n<p>Sempre con l&#8217;obiettivo: &#8220;Abbiamo a cuore le persone. Esistiamo per riunire i prodotti salvavita e la conoscenza delle competenze mediche di emergenza che sostengono le vite&#8221;. E la visione: &#8220;La nostra visione \u00e8 semplificare la medicina d&#8217;urgenza in modo che tutti i soccorritori abbiano la fiducia e i mezzi per intervenire per salvare vite umane&#8221;.<\/p>\n\t\t\t\t<a href=\"https:\/\/safeguardmedical.com\/en-gb\/\" target=\"_self\" itemprop=\"url\" rel=\"noopener\">\n\t\t\t\t<img decoding=\"async\" src=\"https:\/\/www.mk-med.ch\/wordpress\/wp-content\/uploads\/2022\/04\/Safeguard_Medical_Logo-removebg-preview-300x128.png\" alt=\"Safeguard_Medical_Logo-removebg-preview\" itemprop=\"image\" height=\"128\" width=\"300\" title=\"Safeguard_Medical_Logo-removebg-preview\" onerror=\"this.style.display='none'\"  \/>\n\t\t\t\t<\/a>\n\t\t\t\t<a href=\"https:\/\/safeguardmedical.com\/en-gb\/\" target=\"_blank\" rel=\"noopener\" itemprop=\"url\">\n\t\t\t\t<img decoding=\"async\" src=\"https:\/\/www.mk-med.ch\/wordpress\/wp-content\/uploads\/2021\/10\/Neues-Projekt-32.jpg\" alt=\"Neues Projekt (32)\" itemprop=\"image\" height=\"300\" width=\"400\" title=\"Neues Projekt (32)\" onerror=\"this.style.display='none'\"  \/>\n\t\t\t\t<\/a>\n\t\t\t\t<a href=\"http:\/\/www.airtraq.com\/\" target=\"_blank\" rel=\"noopener\" itemprop=\"url\">\n\t\t\t\t<img decoding=\"async\" src=\"http:\/\/www.mk-med.ch\/wordpress\/wp-content\/uploads\/2021\/10\/Neues-Projekt-28.jpg\" alt=\"Neues Projekt (28)\" itemprop=\"image\" title=\"Neues Projekt (28)\" onerror=\"this.style.display='none'\"  \/>\n\t\t\t\t<\/a>\n\t<h3>Prodol &#8211; AIRTRAQ<\/h3>\n<p>Rapido ed efficiente presidio delle vie aeree. I prodotti Prodol Meditec sono la soluzione ottimale in caso di intubazione difficile. Il laringoscopio monouso consente una visione illimitata delle vie aeree durante l&#8217;intera intubazione. Lo stesso vale per il laringoscopio riutilizzabile di forma anatomica. La sua robusta telecamera WiFi pu\u00f2 essere collegata a qualsiasi Airtraq e la rotazione delle immagini consente di intubare da qualsiasi posizione.<\/p>\n\t\t\t\t<a href=\"https:\/\/www.airtraq.com\/\" target=\"_self\" itemprop=\"url\" rel=\"noopener\">\n\t\t\t\t<img decoding=\"async\" src=\"http:\/\/www.mk-med.ch\/wordpress\/wp-content\/uploads\/2021\/03\/AirTrac-300x79.jpg\" alt=\"AirTrac Logo\" itemprop=\"image\" title=\"AirTrac\" onerror=\"this.style.display='none'\"  \/>\n\t\t\t\t<\/a>\n\t<h3>Heine Optotechnik GmbH &amp; Co. KG<\/h3>\n<p>HEINE Optotechnik, produttore leader a livello mondiale di strumenti di diagnostica primaria con oltre 500 dipendenti, \u00e8 un&#8217;azienda a conduzione familiare gestita al 100% dai proprietari da oltre 75 anni. L&#8217;azienda continua a sviluppare e produrre gli strumenti HEINE nei suoi stabilimenti in Germania, dove combina decenni di esperienza e maestria con le pi\u00f9 recenti tecnologie di produzione.<\/p>\n<p>L&#8217;azienda \u00e8 presente in oltre 120 paesi del mondo, con filiali in Australia, Stati Uniti e Svizzera e circa 3.000 rappresentanti, importatori e rivenditori specializzati.<\/p>\n\t\t\t\t<a href=\"https:\/\/www.heine.com\/de\/\" target=\"_self\" itemprop=\"url\" rel=\"noopener\">\n\t\t\t\t<img decoding=\"async\" src=\"http:\/\/www.mk-med.ch\/wordpress\/wp-content\/uploads\/2021\/03\/heine-300x79.jpg\" alt=\"Heine Logo\" itemprop=\"image\" title=\"heine\" onerror=\"this.style.display='none'\"  \/>\n\t\t\t\t<\/a>\n\t\t\t\t<a href=\"http:\/\/www.heine.com\/\" target=\"_blank\" rel=\"noopener\" itemprop=\"url\">\n\t\t\t\t<img decoding=\"async\" src=\"https:\/\/www.mk-med.ch\/wordpress\/wp-content\/uploads\/2021\/10\/Neues-Projekt-29.jpg\" alt=\"Neues Projekt (29)\" itemprop=\"image\" height=\"300\" width=\"400\" title=\"Neues Projekt (29)\" onerror=\"this.style.display='none'\"  \/>\n\t\t\t\t<\/a>\n\t\t\t\t<a href=\"http:\/\/www.sammedical.com\/\" target=\"_blank\" rel=\"noopener\" itemprop=\"url\">\n\t\t\t\t<img decoding=\"async\" src=\"http:\/\/www.mk-med.ch\/wordpress\/wp-content\/uploads\/2022\/03\/Splint_Copy_7_540x_15f3b383-a34e-4438-93e4-081f46d2c33b_1024x1024.jpg\" alt=\"Splint_Copy_7_540x_15f3b383-a34e-4438-93e4-081f46d2c33b_1024x1024\" itemprop=\"image\" title=\"Splint_Copy_7_540x_15f3b383-a34e-4438-93e4-081f46d2c33b_1024x1024\" onerror=\"this.style.display='none'\"  \/>\n\t\t\t\t<\/a>\n\t<h3>SAM Medical<\/h3>\n<p>Ci\u00f2 che inizi\u00f2 come una scintilla di innovazione quando il fondatore, il dottor Sam Scheinberg, scopr\u00ec un&#8217;innovazione medica in un semplice involucro di gomma da masticare, \u00e8 diventato oggi un marchio di soluzioni mediche di emergenza riconosciuto a livello mondiale. Dai militari alle forze dell&#8217;ordine, dai paramedici e dai primi soccorritori ai vigili del fuoco, ai paramedici e al personale ospedaliero di tutto il mondo. Chi opera nel settore degli infortuni conosce e si fida di SAM Medical.<\/p>\n<p>Per servire i suoi diversi clienti e per portare avanti la passione del suo fondatore per l&#8217;innovazione, SAM ha costruito un&#8217;organizzazione di livello mondiale. La sede di Tualatin si trova vicino a Portland, nell&#8217;Oregon, un centro per le scienze della vita e la tecnologia. L&#8217;azienda offre l&#8217;accesso a talenti e risorse di prim&#8217;ordine.<\/p>\n<p>Ha allineato e integrato gli uffici aziendali, il laboratorio di ricerca e sviluppo, gli impianti di produzione e i magazzini per aumentare il ritmo dell&#8217;innovazione e portare le proprie soluzioni nelle mani dei clienti il pi\u00f9 rapidamente possibile.<\/p>\n\t\t\t\t<a href=\"https:\/\/www.sammedical.com\/\" target=\"_self\" itemprop=\"url\" rel=\"noopener\">\n\t\t\t\t<img decoding=\"async\" src=\"http:\/\/www.mk-med.ch\/wordpress\/wp-content\/uploads\/2021\/03\/sam_medical-300x79.jpg\" alt=\"Sam Medical\" itemprop=\"image\" title=\"sam_medical\" onerror=\"this.style.display='none'\"  \/>\n\t\t\t\t<\/a>\n\t<h3>Metrax GmbH &#8211; Primedic<\/h3>\n<p>La serie DefiMonitor viene costantemente ampliata e sviluppata. Inoltre, una serie di defibrillatori automatici esterni (DAE) \u00e8 stata progettata per l&#8217;uso in pronto soccorso con la serie HeartSave. Ci\u00f2 significa che i defibrillatori PRIMEDIC coprono in modo affidabile tutte le aree di applicazione della medicina d&#8217;emergenza, sia per i primi soccorritori sia per gli studi medici, i servizi di soccorso o le cliniche.<\/p>\n<p>Tecnologia sofisticata e sicura, semplicit\u00e0 di utilizzo, alta qualit\u00e0 e assoluta affidabilit\u00e0 anche in condizioni estreme: queste sono solo alcune delle numerose caratteristiche distintive dei defibrillatori PRIMEDIC. I primi soccorritori e gli utenti professionali di tutto il mondo si affidano ogni giorno alle prestazioni e all&#8217;affidabilit\u00e0 dei prodotti Primedic.<\/p>\n\t\t\t\t<a href=\"https:\/\/www.primedic.com\/\" target=\"_self\" itemprop=\"url\" rel=\"noopener\">\n\t\t\t\t<img decoding=\"async\" src=\"http:\/\/www.mk-med.ch\/wordpress\/wp-content\/uploads\/2019\/07\/Primedic_Logo-300x89.jpg\" alt=\"Primedic_Logo\" itemprop=\"image\" title=\"Primedic_Logo\" onerror=\"this.style.display='none'\"  \/>\n\t\t\t\t<\/a>\n\t\t\t\t<a href=\"http:\/\/www.metrax.de\/\" target=\"_blank\" rel=\"noopener\" itemprop=\"url\">\n\t\t\t\t<img decoding=\"async\" src=\"http:\/\/www.mk-med.ch\/wordpress\/wp-content\/uploads\/2021\/10\/csm_HeartSave_AED-M_1921x1278_41cd01fad6.jpg\" alt=\"csm_HeartSave_AED-M_1921x1278_41cd01fad6\" itemprop=\"image\" title=\"csm_HeartSave_AED-M_1921x1278_41cd01fad6\" onerror=\"this.style.display='none'\"  \/>\n\t\t\t\t<\/a>\n\t\t\t\t<a href=\"http:\/\/www.schnitzler-rettungsprodukte.de\/\" target=\"_blank\" rel=\"noopener\" itemprop=\"url\">\n\t\t\t\t<img decoding=\"async\" src=\"http:\/\/www.mk-med.ch\/wordpress\/wp-content\/uploads\/2021\/10\/Neues-Projekt-34.jpg\" alt=\"Neues Projekt (34)\" itemprop=\"image\" title=\"Neues Projekt (34)\" onerror=\"this.style.display='none'\"  \/>\n\t\t\t\t<\/a>\n\t<h3>Schnitzler Rettungsprodukte GmbH &amp; Co. KG<\/h3>\n<p>Dal 1986, l&#8217;azienda produce e distribuisce prodotti altamente qualificati per i servizi di soccorso e il trasporto di pazienti. La sede centrale \u00e8 a Niederkassel-Mondorf, vicino a Bonn. Tutti i prodotti sono sviluppati e fabbricati qui.<\/p>\n<p>SCHNITZLER Rettungsprodukte \u00e8 sinonimo di alto livello di innovazione, know-how professionale ed esperienza pluriennale.L&#8217;azienda attribuisce grande importanza alla sicurezza e alla praticit\u00e0 del servizio clienti. Test approfonditi sui prodotti e rapporti sul campo confluiscono nell&#8217;ottimizzazione della gamma di prodotti. Lavorando a stretto contatto con gli utenti, l&#8217;azienda riesce a migliorare continuamente la maneggevolezza e il comfort dei suoi prodotti.<\/p>\n\t\t\t\t<a href=\"https:\/\/schnitzler-rettungsprodukte.de\/\" target=\"_self\" itemprop=\"url\" rel=\"noopener\">\n\t\t\t\t<img decoding=\"async\" src=\"http:\/\/www.mk-med.ch\/wordpress\/wp-content\/uploads\/2021\/03\/schnitzler-300x79.jpg\" alt=\"Schnitzler\" itemprop=\"image\" title=\"schnitzler\" onerror=\"this.style.display='none'\"  \/>\n\t\t\t\t<\/a>\n\n","protected":false},"excerpt":{"rendered":"<p>Medicina d&#8217;urgenza | Pronto soccorso La medicina d&#8217;urgenza \u00e8 il termine generico per indicare vari interventi medici che vengono eseguiti nel contesto di un&#8217;emergenza. Si va dal primo soccorso da parte dei soccorritori al trattamento acuto del paziente in ambulanza o in ospedale. Ogni giorno in Germania pi\u00f9 di 21.000 ambulanze, autoambulanze e veicoli medici [&hellip;]<\/p>\n","protected":false},"author":3,"featured_media":0,"parent":0,"menu_order":0,"comment_status":"closed","ping_status":"closed","template":"","meta":{"site-sidebar-layout":"no-sidebar","site-content-layout":"page-builder","ast-site-content-layout":"default","site-content-style":"default","site-sidebar-style":"default","ast-global-header-display":"","ast-banner-title-visibility":"","ast-main-header-display":"","ast-hfb-above-header-display":"","ast-hfb-below-header-display":"","ast-hfb-mobile-header-display":"","site-post-title":"disabled","ast-breadcrumbs-content":"","ast-featured-img":"disabled","footer-sml-layout":"","ast-disable-related-posts":"","theme-transparent-header-meta":"default","adv-header-id-meta":"","stick-header-meta":"default","header-above-stick-meta":"","header-main-stick-meta":"","header-below-stick-meta":"","astra-migrate-meta-layouts":"default","ast-page-background-enabled":"default","ast-page-background-meta":{"desktop":{"background-color":"","background-image":"","background-repeat":"repeat","background-position":"center center","background-size":"auto","background-attachment":"scroll","background-type":"","background-media":"","overlay-type":"","overlay-color":"","overlay-opacity":"","overlay-gradient":""},"tablet":{"background-color":"","background-image":"","background-repeat":"repeat","background-position":"center center","background-size":"auto","background-attachment":"scroll","background-type":"","background-media":"","overlay-type":"","overlay-color":"","overlay-opacity":"","overlay-gradient":""},"mobile":{"background-color":"","background-image":"","background-repeat":"repeat","background-position":"center center","background-size":"auto","background-attachment":"scroll","background-type":"","background-media":"","overlay-type":"","overlay-color":"","overlay-opacity":"","overlay-gradient":""}},"ast-content-background-meta":{"desktop":{"background-color":"var(--ast-global-color-5)","background-image":"","background-repeat":"repeat","background-position":"center center","background-size":"auto","background-attachment":"scroll","background-type":"","background-media":"","overlay-type":"","overlay-color":"","overlay-opacity":"","overlay-gradient":""},"tablet":{"background-color":"var(--ast-global-color-5)","background-image":"","background-repeat":"repeat","background-position":"center center","background-size":"auto","background-attachment":"scroll","background-type":"","background-media":"","overlay-type":"","overlay-color":"","overlay-opacity":"","overlay-gradient":""},"mobile":{"background-color":"var(--ast-global-color-5)","background-image":"","background-repeat":"repeat","background-position":"center center","background-size":"auto","background-attachment":"scroll","background-type":"","background-media":"","overlay-type":"","overlay-color":"","overlay-opacity":"","overlay-gradient":""}},"footnotes":""},"class_list":["post-10533","page","type-page","status-publish","hentry"],"aioseo_notices":[],"_links":{"self":[{"href":"https:\/\/www.mk-med.ch\/it\/wp-json\/wp\/v2\/pages\/10533","targetHints":{"allow":["GET"]}}],"collection":[{"href":"https:\/\/www.mk-med.ch\/it\/wp-json\/wp\/v2\/pages"}],"about":[{"href":"https:\/\/www.mk-med.ch\/it\/wp-json\/wp\/v2\/types\/page"}],"author":[{"embeddable":true,"href":"https:\/\/www.mk-med.ch\/it\/wp-json\/wp\/v2\/users\/3"}],"replies":[{"embeddable":true,"href":"https:\/\/www.mk-med.ch\/it\/wp-json\/wp\/v2\/comments?post=10533"}],"version-history":[{"count":4,"href":"https:\/\/www.mk-med.ch\/it\/wp-json\/wp\/v2\/pages\/10533\/revisions"}],"predecessor-version":[{"id":11097,"href":"https:\/\/www.mk-med.ch\/it\/wp-json\/wp\/v2\/pages\/10533\/revisions\/11097"}],"wp:attachment":[{"href":"https:\/\/www.mk-med.ch\/it\/wp-json\/wp\/v2\/media?parent=10533"}],"curies":[{"name":"wp","href":"https:\/\/api.w.org\/{rel}","templated":true}]}}