{"id":10526,"date":"2021-10-04T20:53:11","date_gmt":"2021-10-04T18:53:11","guid":{"rendered":"https:\/\/www.mk-med.ch\/neonatologie\/"},"modified":"2022-11-20T17:25:16","modified_gmt":"2022-11-20T16:25:16","slug":"neonatologia","status":"publish","type":"page","link":"https:\/\/www.mk-med.ch\/it\/neonatologia\/","title":{"rendered":"Neonatologia"},"content":{"rendered":"\n<h2>\n\t\tNeonatologia\n\t<\/h2>\n\t<p>Oggi la medicina ad alte prestazioni offre anche ai bambini estremamente prematuri una possibilit\u00e0 realistica di crescere sani. Il mercato mondiale offre uno spettro multiforme di prodotti per garantire la sopravvivenza e la maturazione dei bambini nati prematuramente.<\/p>\n<p>Abbiamo messo insieme una gamma di prodotti di marchi famosi in questo segmento. Anche in questo caso siamo convinti che, oltre alla tecnologia invasiva, siano necessari materiali di consumo di alta qualit\u00e0 adattati alle esigenze specifiche dei pazienti piccoli e piccolissimi per garantire un decorso terapeutico senza problemi.<\/p>\n<p>Pertanto, siamo distributori esclusivi delle seguenti aziende:<\/p>\n\t\t\t\t<a href=\"https:\/\/de.intersurgical.com\/\" target=\"_blank\" rel=\"noopener\" itemprop=\"url\">\n\t\t\t\t<img decoding=\"async\" src=\"http:\/\/www.mk-med.ch\/wordpress\/wp-content\/uploads\/2021\/10\/Intersurgical.jpg\" alt=\"Intersurgical\" itemprop=\"image\" title=\"Intersurgical\" onerror=\"this.style.display='none'\"  \/>\n\t\t\t\t<\/a>\n\t<h3>Intersurgical GmbH<\/h3>\n<p>Intersurgical \u00e8 uno dei principali sviluppatori, produttori e fornitori di prodotti monouso per il supporto respiratorio. Offre soluzioni flessibili per gestione delle vie aeree, anestesia, ossigeno e aerosolterapia, nonch\u00e9 per applicazioni in terapia intensiva e domiciliari.<\/p>\n<p>Grazie a oltre 25 anni di esperienza, \u00e8 in grado di comprendere i continui cambiamenti e le sfide dell&#8217;ambiente clinico, nonch\u00e9 le esigenze di clienti e pazienti.<\/p>\n<p>Grazie a questo approccio, l&#8217;azienda \u00e8 in grado di fornire i pi\u00f9 elevati standard di progettazione, produzione, qualit\u00e0 e assistenza al cliente, rispondendo in modo rapido ed efficace alle richieste della clientela. L&#8217;obiettivo dell&#8217;azienda \u00e8 fornire le migliori soluzioni possibili per i pazienti e gli utenti che apprezzano la qualit\u00e0, l&#8217;innovazione e il servizio.<\/p>\n\t\t\t\t<a href=\"https:\/\/de.intersurgical.com\/\" target=\"_self\" itemprop=\"url\" rel=\"noopener\">\n\t\t\t\t<img decoding=\"async\" src=\"https:\/\/www.mk-med.ch\/wordpress\/wp-content\/uploads\/2022\/01\/images-300x44.png\" alt=\"images\" itemprop=\"image\" height=\"44\" width=\"300\" title=\"images\" onerror=\"this.style.display='none'\"  \/>\n\t\t\t\t<\/a>\n\t<h3>Kanmed AB<\/h3>\n<p>Sistemi per il riscaldamento dei pazienti.<\/p>\n<p>Kanmed \u00e8 un&#8217;azienda svedese che da oltre 30 anni fornisce prodotti di alta qualit\u00e0 per il riscaldamento dei pazienti agli ospedali di tutto il mondo.<\/p>\n<p>Migliaia di prodotti Kanmed hanno riscaldato i piccoli pazienti in modo sicuro ed efficiente. La maggior parte dei prodotti viene utilizzata in pediatria\/neonatologia. Che si tratti di un letto singolo o gemellare, questa azienda ha un posto per ogni bambino.<\/p>\n\t\t\t\t<a href=\"https:\/\/kanmed.se\/\" target=\"_self\" itemprop=\"url\" rel=\"noopener\">\n\t\t\t\t<img decoding=\"async\" src=\"https:\/\/www.mk-med.ch\/wordpress\/wp-content\/uploads\/2022\/01\/logo-3-300x86.png\" alt=\"logo (3)\" itemprop=\"image\" height=\"86\" width=\"300\" title=\"logo (3)\" onerror=\"this.style.display='none'\"  \/>\n\t\t\t\t<\/a>\n\t\t\t\t<a href=\"http:\/\/www.kanmed.se\/\" target=\"_blank\" rel=\"noopener\" itemprop=\"url\">\n\t\t\t\t<img decoding=\"async\" src=\"http:\/\/www.mk-med.ch\/wordpress\/wp-content\/uploads\/2021\/10\/Neues-Projekt-3-1.jpg\" alt=\"Neues Projekt (3) (1)\" itemprop=\"image\" title=\"Neues Projekt (3) (1)\" onerror=\"this.style.display='none'\"  \/>\n\t\t\t\t<\/a>\n\t\t\t\t<a href=\"http:\/\/www.medin-innovations.de\/\" target=\"_blank\" rel=\"noopener\" itemprop=\"url\">\n\t\t\t\t<img decoding=\"async\" src=\"http:\/\/www.mk-med.ch\/wordpress\/wp-content\/uploads\/2022\/03\/cno-transparent-screen-1.png\" alt=\"cno-transparent-screen (1)\" itemprop=\"image\" title=\"cno-transparent-screen (1)\" onerror=\"this.style.display='none'\"  \/>\n\t\t\t\t<\/a>\n\t<h3>Medin Medical Innovations GmbH<\/h3>\n<p>Il cuore batte per i prematuri e i neonati<\/p>\n<p>\u00c8 l&#8217;unico produttore a offrire soluzioni e prodotti per la gamma completa di supporto respiratorio non invasivo per bambini prematuri e neonati. L&#8217;azienda offre una vasta gamma di strumenti, completi e coordinati, per la terapia NIV dei giovani pazienti, dalla CPAP al supporto respiratorio assistito, fino ai sistemi HFO non invasivi.<\/p>\n<p>Gli accessori sono perfettamente abbinati ai dispositivi Medin. Possono essere utilizzati anche con molti altri dispositivi, offrendo cos\u00ec al cliente un&#8217;ampia gamma di soluzioni pratiche.<\/p>\n\t\t\t\t<a href=\"https:\/\/www.medin-medical.com\/de\/\" target=\"_self\" itemprop=\"url\" rel=\"noopener\">\n\t\t\t\t<img decoding=\"async\" src=\"http:\/\/www.mk-med.ch\/wordpress\/wp-content\/uploads\/2022\/04\/medin-logo2.png\" alt=\"medin-logo2\" itemprop=\"image\" title=\"medin-logo2\" onerror=\"this.style.display='none'\"  \/>\n\t\t\t\t<\/a>\n\n","protected":false},"excerpt":{"rendered":"<p>Neonatologia Oggi la medicina ad alte prestazioni offre anche ai bambini estremamente prematuri una possibilit\u00e0 realistica di crescere sani. Il mercato mondiale offre uno spettro multiforme di prodotti per garantire la sopravvivenza e la maturazione dei bambini nati prematuramente. Abbiamo messo insieme una gamma di prodotti di marchi famosi in questo segmento. Anche in questo [&hellip;]<\/p>\n","protected":false},"author":3,"featured_media":0,"parent":0,"menu_order":0,"comment_status":"closed","ping_status":"closed","template":"","meta":{"site-sidebar-layout":"no-sidebar","site-content-layout":"page-builder","ast-site-content-layout":"default","site-content-style":"default","site-sidebar-style":"default","ast-global-header-display":"","ast-banner-title-visibility":"","ast-main-header-display":"","ast-hfb-above-header-display":"","ast-hfb-below-header-display":"","ast-hfb-mobile-header-display":"","site-post-title":"disabled","ast-breadcrumbs-content":"","ast-featured-img":"disabled","footer-sml-layout":"","ast-disable-related-posts":"","theme-transparent-header-meta":"default","adv-header-id-meta":"","stick-header-meta":"default","header-above-stick-meta":"","header-main-stick-meta":"","header-below-stick-meta":"","astra-migrate-meta-layouts":"default","ast-page-background-enabled":"default","ast-page-background-meta":{"desktop":{"background-color":"","background-image":"","background-repeat":"repeat","background-position":"center center","background-size":"auto","background-attachment":"scroll","background-type":"","background-media":"","overlay-type":"","overlay-color":"","overlay-opacity":"","overlay-gradient":""},"tablet":{"background-color":"","background-image":"","background-repeat":"repeat","background-position":"center center","background-size":"auto","background-attachment":"scroll","background-type":"","background-media":"","overlay-type":"","overlay-color":"","overlay-opacity":"","overlay-gradient":""},"mobile":{"background-color":"","background-image":"","background-repeat":"repeat","background-position":"center center","background-size":"auto","background-attachment":"scroll","background-type":"","background-media":"","overlay-type":"","overlay-color":"","overlay-opacity":"","overlay-gradient":""}},"ast-content-background-meta":{"desktop":{"background-color":"var(--ast-global-color-5)","background-image":"","background-repeat":"repeat","background-position":"center center","background-size":"auto","background-attachment":"scroll","background-type":"","background-media":"","overlay-type":"","overlay-color":"","overlay-opacity":"","overlay-gradient":""},"tablet":{"background-color":"var(--ast-global-color-5)","background-image":"","background-repeat":"repeat","background-position":"center center","background-size":"auto","background-attachment":"scroll","background-type":"","background-media":"","overlay-type":"","overlay-color":"","overlay-opacity":"","overlay-gradient":""},"mobile":{"background-color":"var(--ast-global-color-5)","background-image":"","background-repeat":"repeat","background-position":"center center","background-size":"auto","background-attachment":"scroll","background-type":"","background-media":"","overlay-type":"","overlay-color":"","overlay-opacity":"","overlay-gradient":""}},"footnotes":""},"class_list":["post-10526","page","type-page","status-publish","hentry"],"aioseo_notices":[],"_links":{"self":[{"href":"https:\/\/www.mk-med.ch\/it\/wp-json\/wp\/v2\/pages\/10526","targetHints":{"allow":["GET"]}}],"collection":[{"href":"https:\/\/www.mk-med.ch\/it\/wp-json\/wp\/v2\/pages"}],"about":[{"href":"https:\/\/www.mk-med.ch\/it\/wp-json\/wp\/v2\/types\/page"}],"author":[{"embeddable":true,"href":"https:\/\/www.mk-med.ch\/it\/wp-json\/wp\/v2\/users\/3"}],"replies":[{"embeddable":true,"href":"https:\/\/www.mk-med.ch\/it\/wp-json\/wp\/v2\/comments?post=10526"}],"version-history":[{"count":3,"href":"https:\/\/www.mk-med.ch\/it\/wp-json\/wp\/v2\/pages\/10526\/revisions"}],"predecessor-version":[{"id":11046,"href":"https:\/\/www.mk-med.ch\/it\/wp-json\/wp\/v2\/pages\/10526\/revisions\/11046"}],"wp:attachment":[{"href":"https:\/\/www.mk-med.ch\/it\/wp-json\/wp\/v2\/media?parent=10526"}],"curies":[{"name":"wp","href":"https:\/\/api.w.org\/{rel}","templated":true}]}}