{"id":10521,"date":"2021-10-20T20:48:31","date_gmt":"2021-10-20T18:48:31","guid":{"rendered":"https:\/\/www.mk-med.ch\/anaesthesie-intensiv-op1\/"},"modified":"2024-05-26T20:45:31","modified_gmt":"2024-05-26T18:45:31","slug":"anestesia-op-intensiva","status":"publish","type":"page","link":"https:\/\/www.mk-med.ch\/it\/anestesia-op-intensiva\/","title":{"rendered":"Anestesia OP intensiva"},"content":{"rendered":"\n<h2>\n\t\tAnestesia \/ Terapia intensiva \/ Sala operatoria\n\t<\/h2>\n\t<p>Le apparecchiature mediche negli ospedali e nelle cliniche sono fondamentali per il successo e la sicurezza del trattamento del paziente.\u00a0Grazie alla nostra vasta gamma di prodotti, offriamo un&#8217;ampia scelta di accessori per anestesia e terapia intensiva.<\/p>\n<ul>\n<li>Fissaggio tubarico<\/li>\n<li>Condotti e sistemi di ventilazione<\/li>\n<li>Connettori<\/li>\n<li>Manicotti per infusione a pressione<\/li>\n<li>Apparecchi per infusione a pressione<\/li>\n<li>Tracheostomia<\/li>\n<li>Treppiedi e supporti per tubi flessibili<\/li>\n<li>Connettori tubi flessibili<\/li>\n<li>Tubi flessibili lisci in silicone<\/li>\n<\/ul>\n<p>Siamo distributori esclusivi per le seguenti aziende:<\/p>\n\t\t\t\t<a href=\"https:\/\/de.intersurgical.com\/\" target=\"_blank\" rel=\"noopener\" itemprop=\"url\">\n\t\t\t\t<img decoding=\"async\" src=\"http:\/\/www.mk-med.ch\/wordpress\/wp-content\/uploads\/2021\/10\/Neues-Projekt-17.jpg\" alt=\"Neues Projekt (17)\" itemprop=\"image\" title=\"Neues Projekt (17)\" onerror=\"this.style.display='none'\"  \/>\n\t\t\t\t<\/a>\n\t<h3>Intersurgical GmbH<\/h3>\n<p>Intersurgical \u00e8 uno dei principali sviluppatori, produttori e fornitori di prodotti monouso per il supporto respiratorio. Offre soluzioni flessibili per gestione delle vie aeree, anestesia, ossigeno e aerosolterapia, nonch\u00e9 per applicazioni in terapia intensiva e domiciliari.<\/p>\n<p>Grazie a oltre 25 anni di esperienza, \u00e8 in grado di comprendere i continui cambiamenti e le sfide dell&#8217;ambiente clinico, nonch\u00e9 le esigenze di clienti e pazienti.<\/p>\n<p>Grazie a questo approccio, l&#8217;azienda \u00e8 in grado di fornire i pi\u00f9 elevati standard di progettazione, produzione, qualit\u00e0 e assistenza al cliente, rispondendo in modo rapido ed efficace alle richieste della clientela. L&#8217;obiettivo dell&#8217;azienda \u00e8 fornire le migliori soluzioni possibili per i pazienti e gli utenti che apprezzano la qualit\u00e0, l&#8217;innovazione e il servizio.<\/p>\n\t\t\t\t<a href=\"https:\/\/de.intersurgical.com\/\" target=\"_self\" itemprop=\"url\" rel=\"noopener\">\n\t\t\t\t<img decoding=\"async\" src=\"http:\/\/www.mk-med.ch\/wordpress\/wp-content\/uploads\/2022\/01\/images-300x44.png\" alt=\"images\" itemprop=\"image\" title=\"images\" onerror=\"this.style.display='none'\"  \/>\n\t\t\t\t<\/a>\n\t<h3>corpuls &#8211; GS Elektromedizinische Ger\u00e4te G. Stemple GmbH<\/h3>\n<p>Massima qualit\u00e0, durata e robustezza, adeguate alle particolari condizioni di utilizzo in caso di emergenza: questo \u00e8 ci\u00f2 che GS Elektromedizinische Ger\u00e4te G. Stemple GmbH ha sempre preteso dai suoi defibrillatori, sistemi di monitoraggio dei pazienti, dispositivi di compressione toracica e soluzioni software.<\/p>\n<p>Gi\u00e0 durante lo sviluppo, pensa al domani e fa in modo che i suoi dispositivi si adattino oggi ai futuri aggiornamenti del software e dell&#8217;hardware. Cos\u00ec, anche dopo decenni, i prodotti corpuls rimangono all&#8217;avanguardia e vengono testati e sviluppati di conseguenza.<\/p>\n\t\t\t\t<a href=\"https:\/\/corpuls.world\/\" target=\"_self\" itemprop=\"url\" rel=\"noopener\">\n\t\t\t\t<img decoding=\"async\" src=\"http:\/\/www.mk-med.ch\/wordpress\/wp-content\/uploads\/2021\/03\/corpuls-1-300x61.jpg\" alt=\"Corpuls Logo\" itemprop=\"image\" title=\"corpuls\" onerror=\"this.style.display='none'\"  \/>\n\t\t\t\t<\/a>\n\t\t\t\t<a href=\"https:\/\/corpuls.world\/\" target=\"_blank\" rel=\"noopener\" itemprop=\"url\">\n\t\t\t\t<img decoding=\"async\" src=\"http:\/\/www.mk-med.ch\/wordpress\/wp-content\/uploads\/2022\/03\/corpuls-3t-1.jpg\" alt=\"corpuls 3t (1)\" itemprop=\"image\" title=\"corpuls 3t (1)\" onerror=\"this.style.display='none'\"  \/>\n\t\t\t\t<\/a>\n\t\t\t\t<a href=\"https:\/\/www.serres.com\/de\" target=\"_blank\" rel=\"noopener\" itemprop=\"url\">\n\t\t\t\t<img decoding=\"async\" src=\"http:\/\/www.mk-med.ch\/wordpress\/wp-content\/uploads\/2021\/10\/Neues-Projekt-20.jpg\" alt=\"Neues Projekt (20)\" itemprop=\"image\" title=\"Neues Projekt (20)\" onerror=\"this.style.display='none'\"  \/>\n\t\t\t\t<\/a>\n\t\t\t\t<a href=\"https:\/\/www.serres.com\/de\" target=\"_blank\" rel=\"noopener\" itemprop=\"url\">\n\t\t\t\t<img decoding=\"async\" src=\"http:\/\/www.mk-med.ch\/wordpress\/wp-content\/uploads\/2024\/05\/Serres-nemo.png\" alt=\"Serres nemo\" itemprop=\"image\" title=\"Serres nemo\" onerror=\"this.style.display='none'\"  \/>\n\t\t\t\t<\/a>\n\t<h3>Serres Oy<\/h3>\n<p>Serres \u00e8 presente quando inizia un intervento. Le sacche di aspirazione Serres assicurano che i chirurghi vedano le parti pi\u00f9 importanti della loro procedura, potendo contare sul fatto che il fluido venga aspirato e inserito nella sacca.<\/p>\n<p>Alleggeriscono la pressione sul personale infermieristico. In questo modo possono supportare il chirurgo e assicurarsi che il paziente stia bene. Le sacche di aspirazione funzionano in modo affidabile.<\/p>\n<p>Sono presenti in modo che la persona che svuota la sacca di aspirazione non debba preoccuparsi della fuoriuscita di fluidi pericolosi. Le sacche di aspirazione Serres sono progettate per un uso igienico. E Serres Nemo aiuta a smaltire la sacca senza creare problemi.<\/p>\n<p>Per tutti i professionisti del settore sanitario che lavorano nel campo dell&#8217;aspirazione, Serres offre strumenti che consentono di svolgere ci\u00f2 che \u00e8 veramente importante nel loro lavoro, cos\u00ec da prendersi cura dei pazienti in modo migliore e concentrarsi su ci\u00f2 che \u00e8 essenziale: la salute del paziente.<\/p>\n\t<h3>Serres Nemo<\/h3>\n<strong>Serres &#8211; Flussi di lavoro responsabili in sala operatoria<\/strong><br \/>\n<strong>Smaltimento economicamente efficiente e sostenibile dei liquidi chirurgici<\/strong>\n<p>Il dispositivo per lo smaltimento dei fluidi Serres Nemo garantisce uno svuotamento igienico della sacca di aspirazione Serres e riduce significativamente la quantit\u00e0 di rifiuti prodotti.<\/p>\n<p>Con Serres Nemo, un dispositivo per lo smaltimento in loco delle sacche di aspirazione, gli ospedali possono ridurre fino al 97% la quantit\u00e0 di rifiuti generati durante la raccolta dei fluidi, il che significa anche un risparmio fino al 97% sui costi e sulle emissioni di CO2.<\/p>\n<ul>\n<li>Efficienza dei costi<\/li>\n<li>Fino al 97% di risparmio sui costi di smaltimento dei rifiuti<\/li>\n<li>Sostenibilit\u00e0<\/li>\n<li>Meno rifiuti, meno logistica e meno emissioni di CO2e<\/li>\n<li>Sicurezza<\/li>\n<li>Maggiore sicurezza sul lavoro, rischio di contaminazione ridotto al minimo<\/li>\n<\/ul>\n<p>Per saperne di pi\u00f9: <a href=\"https:\/\/www.serres.com\/fluid-disposal\/\">https:\/\/www.serres.com\/fluid-disposal\/<\/a><\/p>\n\t\t\t\t<a href=\"https:\/\/www.serres.com\/de\" target=\"_self\" itemprop=\"url\" rel=\"noopener\">\n\t\t\t\t<img decoding=\"async\" src=\"http:\/\/www.mk-med.ch\/wordpress\/wp-content\/uploads\/2021\/03\/seress_logo-300x79.jpg\" alt=\"Serres Logo\" itemprop=\"image\" title=\"seress_logo\" onerror=\"this.style.display='none'\"  \/>\n\t\t\t\t<\/a>\n\t<h3>AVANOS Medical<\/h3>\n<p>Avanos \u00e8 un&#8217;azienda di tecnologia medica focalizzata sulla fornitura di soluzioni clinicamente superiori e all&#8217;avanguardia, con l&#8217;obiettivo di restituire ai pazienti le cose della vita che contano per loro.<\/p>\n<p>L&#8217;azienda ritiene che i suoi prodotti, il suo modo di lavorare, la sua comunicazione e le sue partnership facciano la differenza e possano contribuire a un cambiamento globale.<\/p>\n<p>La missione \u00e8 fornire una nuova generazione di soluzioni innovative per problemi sanitari fondamentali, come la riduzione della somministrazione di oppioidi e la promozione del recupero post-operatorio.<\/p>\n<p>Sviluppa, produce e commercializza marchi riconosciuti in oltre 90 Paesi.<\/p>\n\t\t\t\t<a href=\"https:\/\/avanos.com\/\" target=\"_self\" itemprop=\"url\" rel=\"noopener\">\n\t\t\t\t<img decoding=\"async\" src=\"http:\/\/www.mk-med.ch\/wordpress\/wp-content\/uploads\/2021\/03\/avanos_Logo-300x79.jpg\" alt=\"Avanos Logo\" itemprop=\"image\" title=\"avanos_Logo\" onerror=\"this.style.display='none'\"  \/>\n\t\t\t\t<\/a>\n\t\t\t\t<a href=\"https:\/\/avanos.com\/\" target=\"_blank\" rel=\"noopener\" itemprop=\"url\">\n\t\t\t\t<img decoding=\"async\" src=\"http:\/\/www.mk-med.ch\/wordpress\/wp-content\/uploads\/2022\/04\/346x550_Subglottic.jpg\" alt=\"346x550_Subglottic\" itemprop=\"image\" title=\"346x550_Subglottic\" onerror=\"this.style.display='none'\"  \/>\n\t\t\t\t<\/a>\n\t\t\t\t<a href=\"https:\/\/www.nonin.com\" target=\"_blank\" rel=\"noopener\" itemprop=\"url\">\n\t\t\t\t<img decoding=\"async\" src=\"http:\/\/www.mk-med.ch\/wordpress\/wp-content\/uploads\/2022\/03\/Product_X100-0a766af-1.jpg\" alt=\"Product_X100-0a766af (1)\" itemprop=\"image\" title=\"Product_X100-0a766af (1)\" onerror=\"this.style.display='none'\"  \/>\n\t\t\t\t<\/a>\n\t<h3>Nonin Medical, Inc. &#8211; SenSmart<\/h3>\n<p>Oggi, Nonin Medical \u00e8 riconosciuta in tutto il mondo come azienda innovatrice nell&#8217;elaborazione del segnale e nella progettazione di sensori; le sue tecnologie sono utilizzate da centinaia di produttori di dispositivi medici. I prodotti dell&#8217;azienda comprendono pulsossimetri, ossimetri regionali, capnografi, sensori, software e accessori. Con sede centrale a Minneapolis, nel Minnesota (USA), e un centro servizi ad Amsterdam, nei Paesi Bassi, Nonin distribuisce i suoi prodotti ai professionisti del settore sanitario e ai consumatori in oltre 125 Paesi.<\/p>\n\t\t\t\t<a href=\"https:\/\/www.nonin.com\/\" target=\"_self\" itemprop=\"url\" rel=\"noopener\">\n\t\t\t\t<img decoding=\"async\" src=\"http:\/\/www.mk-med.ch\/wordpress\/wp-content\/uploads\/2021\/03\/nonin_logo-300x79.jpg\" alt=\"nonin_logo\" itemprop=\"image\" title=\"nonin_logo\" onerror=\"this.style.display='none'\"  \/>\n\t\t\t\t<\/a>\n\t<h3>VBM Medizintechnik GmbH<\/h3>\n<p>Dal 1981, VBM sviluppa, produce e distribuisce soluzioni tecnologiche mediche nei settori della gestione delle vie aeree, degli accessori per anestesia e terapia intensiva e dei sistemi tourniquet.<\/p>\n<p>L&#8217;azienda familiare \u00e8 stata fondata pi\u00f9 di 40 anni fa da Volker Bertram a Sulz am Neckar. &#8220;Tutto \u00e8 iniziato con il dispositivo di misurazione della pressione a bracciale, ancora oggi un campione nascosto di VBM&#8221;, afferma Carina Bertram, che dirige l&#8217;azienda dal 2016.<\/p>\n\t\t\t\t<a href=\"https:\/\/www.mk-med.ch\/wordpress\/wp-content\/uploads\/2021\/01\/Larynxtubus.pdf\" target=\"_self\" itemprop=\"url\" rel=\"noopener\">\n\t\t\t\t<img decoding=\"async\" src=\"http:\/\/www.mk-med.ch\/wordpress\/wp-content\/uploads\/2021\/03\/vbm-300x79.jpg\" alt=\"vbm\" itemprop=\"image\" title=\"vbm\" onerror=\"this.style.display='none'\"  \/>\n\t\t\t\t<\/a>\n\t\t\t\t<a href=\"http:\/\/www.mk-med.ch\/wordpress\/wp-content\/uploads\/2021\/01\/Larynxtubus.pdf\" target=\"_blank\" rel=\"noopener\" itemprop=\"url\">\n\t\t\t\t<img decoding=\"async\" src=\"http:\/\/www.mk-med.ch\/wordpress\/wp-content\/uploads\/2022\/03\/PIC01743_LTS-D_Hero_Mockup_001-1.jpg\" alt=\"PIC01743_LTS-D_Hero_Mockup_001 (1)\" itemprop=\"image\" title=\"PIC01743_LTS-D_Hero_Mockup_001 (1)\" onerror=\"this.style.display='none'\"  \/>\n\t\t\t\t<\/a>\n\t\t\t\t<a href=\"https:\/\/www.intersurgical.com\/info\/starmed\/\" target=\"_blank\" rel=\"noopener\" itemprop=\"url\">\n\t\t\t\t<img decoding=\"async\" src=\"http:\/\/www.mk-med.ch\/wordpress\/wp-content\/uploads\/2021\/10\/Neues-Projekt-24.jpg\" alt=\"Neues Projekt (24)\" itemprop=\"image\" title=\"Neues Projekt (24)\" onerror=\"this.style.display='none'\"  \/>\n\t\t\t\t<\/a>\n\t<h3>STARMED Spa<\/h3>\n<p>La serie di caschi per ventilazione StarMed\u00a0 \u00e8 stata sviluppata sia per la ventilazione non invasiva (NIV) che per la terapia CPAP, fornendo un&#8217;interfaccia paziente alternativa alle maschere convenzionali.<\/p>\n<p>L&#8217;uso dell&#8217;interfaccia del casco aiuta a superare molti dei problemi associati all&#8217;intubazione endotracheale e all&#8217;uso di maschere facciali. \u00c8 associato a un maggiore comfort del paziente e a migliori risultati della NIV, con conseguente riduzione del tempo di ventilazione e della durata della degenza in terapia intensiva.<\/p>\n<p>Oltre ai benefici clinici dei caschi per ventilazione per il trattamento delle malattie respiratorie, l&#8217;interfaccia StarMed si \u00e8 dimostrata la pi\u00f9 efficace grazie alla sua semichiusura.<\/p>\n<p>La tenuta praticamente priva di perdite si \u00e8 rivelata uno strumento ottimale per ridurre il rischio di infezioni incrociate.<\/p>\n\t\t\t\t<a href=\"https:\/\/www.intersurgical.com\/info\/starmed\/\" target=\"_self\" itemprop=\"url\" rel=\"noopener\">\n\t\t\t\t<img decoding=\"async\" src=\"http:\/\/www.mk-med.ch\/wordpress\/wp-content\/uploads\/2021\/03\/star_med-300x79.jpg\" alt=\"StarMed Logo\" itemprop=\"image\" title=\"star_med\" onerror=\"this.style.display='none'\"  \/>\n\t\t\t\t<\/a>\n\t<h3>SEM-Plastomed GmbH<\/h3>\n<p>Dal 1985 SEM-Plastomed GmbH \u00e8 sinonimo di soluzioni e servizi innovativi nel campo della lavorazione delle materie plastiche e realizza prodotti presso la sede tedesca di Obererbach. I clienti di un&#8217;ampia gamma di settori si affidano a pezzi, tubi e profili stampati a iniezione tecnicamente sofisticati, nonch\u00e9 a componenti, assemblaggi e prodotti medicali sterili\/non sterili. I prodotti sviluppati in stretta collaborazione con i clienti sono adattati alle loro esigenze individuali. Grazie ai tempi di reazione brevissimi, \u00e8 garantita un&#8217;implementazione rapida. Questo vale anche per l&#8217;acquisizione di produzioni gi\u00e0 in corso con stampi esistenti.<\/p>\n\t\t\t\t<a href=\"https:\/\/www.plastomed.de\/\" target=\"_self\" itemprop=\"url\" rel=\"noopener\">\n\t\t\t\t<img decoding=\"async\" src=\"http:\/\/www.mk-med.ch\/wordpress\/wp-content\/uploads\/2021\/03\/plastomed-300x79.jpg\" alt=\"PlastoMed Logo\" itemprop=\"image\" title=\"plastomed\" onerror=\"this.style.display='none'\"  \/>\n\t\t\t\t<\/a>\n\t\t\t\t<a href=\"http:\/\/www.plastomed.de\/\" target=\"_blank\" rel=\"noopener\" itemprop=\"url\">\n\t\t\t\t<img decoding=\"async\" src=\"https:\/\/www.mk-med.ch\/wordpress\/wp-content\/uploads\/2021\/10\/Neues-Projekt-25.jpg\" alt=\"Neues Projekt (25)\" itemprop=\"image\" height=\"301\" width=\"400\" title=\"Neues Projekt (25)\" onerror=\"this.style.display='none'\"  \/>\n\t\t\t\t<\/a>\n\t\t\t\t<a href=\"http:\/\/www.redax.it\/\" target=\"_blank\" rel=\"noopener\" itemprop=\"url\">\n\t\t\t\t<img decoding=\"async\" src=\"http:\/\/www.mk-med.ch\/wordpress\/wp-content\/uploads\/2022\/03\/1-SimpleRedline_Covid-1.jpg\" alt=\"1-SimpleRedline_Covid (1)\" itemprop=\"image\" title=\"1-SimpleRedline_Covid (1)\" onerror=\"this.style.display='none'\"  \/>\n\t\t\t\t<\/a>\n\t<h3>REDAX SpA<\/h3>\n<p>Oggi il successo di un&#8217;azienda \u00e8 determinato principalmente dalla sua capacit\u00e0 di innovarsi e migliorarsi per servire un mercato in continua evoluzione.<\/p>\n<p>Redax combina esperienza e innovazione con la capacit\u00e0 di mappare le esigenze cliniche attraverso una collaborazione continua con medici, ingegneri e opinion leader. In Redax, nulla viene lasciato in sospeso, dal prototipo del prodotto alla sua commercializzazione.<\/p>\n<p>Il reparto di ricerca e sviluppo ha sviluppato una gamma ampia e completa di drenaggi e continua a proporre nuove soluzioni che arricchiscono il catalogo dei prodotti Redax. &#8220;Abbiamo una vasta esperienza nello stampaggio e nell&#8217;estrusione del silicone. Ci\u00f2 garantisce la massima qualit\u00e0 dei nostri drenaggi in silicone sul mercato&#8221;.<\/p>\n\t\t\t\t<a href=\"https:\/\/www.redax.it\/en\/\" target=\"_self\" itemprop=\"url\" rel=\"noopener\">\n\t\t\t\t<img decoding=\"async\" src=\"http:\/\/www.mk-med.ch\/wordpress\/wp-content\/uploads\/2021\/03\/redax-300x79.jpg\" alt=\"Redax Logo\" itemprop=\"image\" title=\"redax\" onerror=\"this.style.display='none'\"  \/>\n\t\t\t\t<\/a>\n\t<h3>Biometrix BV<\/h3>\n<p>I prodotti Biometrix Critical Care sono progettati per facilitare l&#8217;accesso, la misurazione e il monitoraggio dei segni vitali dei pazienti durante gli interventi medici in ambienti acuti. Il portafoglio di prodotti, completo e diversificato, \u00e8 progettato per aiutare gli operatori sanitari a fornire un&#8217;assistenza efficiente, incentrata sul paziente ed economicamente vantaggiosa.<\/p>\n\t\t\t\t<a href=\"https:\/\/qmd.net\/biometrix\/\" target=\"_self\" itemprop=\"url\" rel=\"noopener\">\n\t\t\t\t<img decoding=\"async\" src=\"https:\/\/www.mk-med.ch\/wordpress\/wp-content\/uploads\/2021\/03\/biometrix2-1-300x79.jpg\" alt=\"Biometrix\" itemprop=\"image\" height=\"79\" width=\"300\" title=\"biometrix2\" onerror=\"this.style.display='none'\"  \/>\n\t\t\t\t<\/a>\n\t\t\t\t<a href=\"https:\/\/qmd.net\/biometrix\/\" target=\"_blank\" rel=\"noopener\" itemprop=\"url\">\n\t\t\t\t<img decoding=\"async\" src=\"https:\/\/www.mk-med.ch\/wordpress\/wp-content\/uploads\/2021\/10\/Neues-Projekt-27.jpg\" alt=\"Neues Projekt (27)\" itemprop=\"image\" height=\"300\" width=\"400\" title=\"Neues Projekt (27)\" onerror=\"this.style.display='none'\"  \/>\n\t\t\t\t<\/a>\n\t\t\t\t<a href=\"http:\/\/www.airtraq.com\/\" target=\"_blank\" rel=\"noopener\" itemprop=\"url\">\n\t\t\t\t<img decoding=\"async\" src=\"http:\/\/www.mk-med.ch\/wordpress\/wp-content\/uploads\/2021\/10\/Neues-Projekt-28.jpg\" alt=\"Neues Projekt (28)\" itemprop=\"image\" title=\"Neues Projekt (28)\" onerror=\"this.style.display='none'\"  \/>\n\t\t\t\t<\/a>\n\t<h3>Prodol &#8211; AIRTRAQ<\/h3>\n<p>Rapido ed efficiente presidio delle vie aeree. I prodotti Prodol Meditec sono la soluzione ottimale in caso di intubazione difficile. Il laringoscopio monouso consente una visione illimitata delle vie aeree durante l&#8217;intera intubazione. Lo stesso vale per il laringoscopio riutilizzabile di forma anatomica. La sua robusta telecamera WiFi pu\u00f2 essere collegata a qualsiasi Airtraq e la rotazione delle immagini consente di intubare da qualsiasi posizione.<\/p>\n\t\t\t\t<a href=\"https:\/\/www.airtraq.com\/\" target=\"_self\" itemprop=\"url\" rel=\"noopener\">\n\t\t\t\t<img decoding=\"async\" src=\"http:\/\/www.mk-med.ch\/wordpress\/wp-content\/uploads\/2021\/03\/AirTrac-300x79.jpg\" alt=\"AirTrac Logo\" itemprop=\"image\" title=\"AirTrac\" onerror=\"this.style.display='none'\"  \/>\n\t\t\t\t<\/a>\n\t<h3>Heine Optotechnik GmbH &amp; Co. KG<\/h3>\n<p>HEINE Optotechnik, produttore leader a livello mondiale di strumenti di diagnostica primaria con oltre 500 dipendenti, \u00e8 un&#8217;azienda a conduzione familiare gestita al 100% dai proprietari da oltre 75 anni. L&#8217;azienda continua a sviluppare e produrre gli strumenti HEINE nei suoi stabilimenti in Germania, dove combina decenni di esperienza e maestria con le pi\u00f9 recenti tecnologie di produzione.<\/p>\n<p>L&#8217;azienda \u00e8 presente in oltre 120 paesi del mondo, con filiali in Australia, Stati Uniti e Svizzera e circa 3.000 rappresentanti, importatori e rivenditori specializzati.<\/p>\n\t\t\t\t<a href=\"https:\/\/www.heine.com\/de\/\" target=\"_self\" itemprop=\"url\" rel=\"noopener\">\n\t\t\t\t<img decoding=\"async\" src=\"http:\/\/www.mk-med.ch\/wordpress\/wp-content\/uploads\/2021\/03\/heine-300x79.jpg\" alt=\"Heine Logo\" itemprop=\"image\" title=\"heine\" onerror=\"this.style.display='none'\"  \/>\n\t\t\t\t<\/a>\n\t\t\t\t<a href=\"http:\/\/www.heine.com\/\" target=\"_blank\" rel=\"noopener\" itemprop=\"url\">\n\t\t\t\t<img decoding=\"async\" src=\"http:\/\/www.mk-med.ch\/wordpress\/wp-content\/uploads\/2024\/04\/F-008.22.894.jpg\" alt=\"F-008.22.894\" itemprop=\"image\" title=\"F-008.22.894\" onerror=\"this.style.display='none'\"  \/>\n\t\t\t\t<\/a>\n\n","protected":false},"excerpt":{"rendered":"<p>Anestesia \/ Terapia intensiva \/ Sala operatoria Le apparecchiature mediche negli ospedali e nelle cliniche sono fondamentali per il successo e la sicurezza del trattamento del paziente.\u00a0Grazie alla nostra vasta gamma di prodotti, offriamo un&#8217;ampia scelta di accessori per anestesia e terapia intensiva. Fissaggio tubarico Condotti e sistemi di ventilazione Connettori Manicotti per infusione a [&hellip;]<\/p>\n","protected":false},"author":3,"featured_media":0,"parent":0,"menu_order":0,"comment_status":"closed","ping_status":"closed","template":"","meta":{"site-sidebar-layout":"no-sidebar","site-content-layout":"page-builder","ast-site-content-layout":"default","site-content-style":"default","site-sidebar-style":"default","ast-global-header-display":"","ast-banner-title-visibility":"","ast-main-header-display":"","ast-hfb-above-header-display":"","ast-hfb-below-header-display":"","ast-hfb-mobile-header-display":"","site-post-title":"disabled","ast-breadcrumbs-content":"","ast-featured-img":"disabled","footer-sml-layout":"","ast-disable-related-posts":"","theme-transparent-header-meta":"default","adv-header-id-meta":"","stick-header-meta":"default","header-above-stick-meta":"","header-main-stick-meta":"","header-below-stick-meta":"","astra-migrate-meta-layouts":"default","ast-page-background-enabled":"default","ast-page-background-meta":{"desktop":{"background-color":"","background-image":"","background-repeat":"repeat","background-position":"center center","background-size":"auto","background-attachment":"scroll","background-type":"","background-media":"","overlay-type":"","overlay-color":"","overlay-opacity":"","overlay-gradient":""},"tablet":{"background-color":"","background-image":"","background-repeat":"repeat","background-position":"center center","background-size":"auto","background-attachment":"scroll","background-type":"","background-media":"","overlay-type":"","overlay-color":"","overlay-opacity":"","overlay-gradient":""},"mobile":{"background-color":"","background-image":"","background-repeat":"repeat","background-position":"center center","background-size":"auto","background-attachment":"scroll","background-type":"","background-media":"","overlay-type":"","overlay-color":"","overlay-opacity":"","overlay-gradient":""}},"ast-content-background-meta":{"desktop":{"background-color":"var(--ast-global-color-5)","background-image":"","background-repeat":"repeat","background-position":"center center","background-size":"auto","background-attachment":"scroll","background-type":"","background-media":"","overlay-type":"","overlay-color":"","overlay-opacity":"","overlay-gradient":""},"tablet":{"background-color":"var(--ast-global-color-5)","background-image":"","background-repeat":"repeat","background-position":"center center","background-size":"auto","background-attachment":"scroll","background-type":"","background-media":"","overlay-type":"","overlay-color":"","overlay-opacity":"","overlay-gradient":""},"mobile":{"background-color":"var(--ast-global-color-5)","background-image":"","background-repeat":"repeat","background-position":"center center","background-size":"auto","background-attachment":"scroll","background-type":"","background-media":"","overlay-type":"","overlay-color":"","overlay-opacity":"","overlay-gradient":""}},"footnotes":""},"class_list":["post-10521","page","type-page","status-publish","hentry"],"aioseo_notices":[],"_links":{"self":[{"href":"https:\/\/www.mk-med.ch\/it\/wp-json\/wp\/v2\/pages\/10521","targetHints":{"allow":["GET"]}}],"collection":[{"href":"https:\/\/www.mk-med.ch\/it\/wp-json\/wp\/v2\/pages"}],"about":[{"href":"https:\/\/www.mk-med.ch\/it\/wp-json\/wp\/v2\/types\/page"}],"author":[{"embeddable":true,"href":"https:\/\/www.mk-med.ch\/it\/wp-json\/wp\/v2\/users\/3"}],"replies":[{"embeddable":true,"href":"https:\/\/www.mk-med.ch\/it\/wp-json\/wp\/v2\/comments?post=10521"}],"version-history":[{"count":5,"href":"https:\/\/www.mk-med.ch\/it\/wp-json\/wp\/v2\/pages\/10521\/revisions"}],"predecessor-version":[{"id":11560,"href":"https:\/\/www.mk-med.ch\/it\/wp-json\/wp\/v2\/pages\/10521\/revisions\/11560"}],"wp:attachment":[{"href":"https:\/\/www.mk-med.ch\/it\/wp-json\/wp\/v2\/media?parent=10521"}],"curies":[{"name":"wp","href":"https:\/\/api.w.org\/{rel}","templated":true}]}}