{"id":11241,"date":"2023-04-10T20:31:07","date_gmt":"2023-04-10T18:31:07","guid":{"rendered":"https:\/\/www.mk-med.ch\/formations\/"},"modified":"2025-03-19T20:12:37","modified_gmt":"2025-03-19T19:12:37","slug":"formations","status":"publish","type":"page","link":"https:\/\/www.mk-med.ch\/fr\/formations\/","title":{"rendered":"Formations"},"content":{"rendered":"\n<h1>\n\t\tFormations\n\t<\/h1>\n\t<h3>Cours et formations<\/h3>\n\t<p>En collaboration avec divers centres d&#8217;entra\u00eenement et de formation, nous vous renvoyons volontiers \u00e0 leurs sites web si vous \u00eates int\u00e9ress\u00e9(e) par des cours\/formations\/formations en m\u00e9decine d&#8217;urgence.<\/p>\n<ul>\n<li><a href=\"https:\/\/www.healthspot.ch\/\" target=\"_blank\" rel=\"noopener\" data-saferedirecturl=\"https:\/\/www.google.com\/url?q=https:\/\/www.healthspot.ch\/&amp;source=gmail&amp;ust=1681237008537000&amp;usg=AOvVaw3Z16KDyg3NIx_TIXx2I9El\">BLS AED | Healthspot<\/a><\/li>\n<li><a href=\"https:\/\/www.air-zermatt.ch\/de\/training\/air-zermatt-training-center?gclid=EAIaIQobChMI38CltZ-k_gIVSZ3VCh3crAWXEAAYASAAEgJvq_D_BwE\" target=\"_blank\" rel=\"noopener\" data-saferedirecturl=\"https:\/\/www.google.com\/url?q=https:\/\/www.air-zermatt.ch\/de\/training\/air-zermatt-training-center?gclid%3DEAIaIQobChMI38CltZ-k_gIVSZ3VCh3crAWXEAAYASAAEgJvq_D_BwE&amp;source=gmail&amp;ust=1681838970541000&amp;usg=AOvVaw1fXpIiRbo04RM0CmZzc5ZJ\">Air Zermatt Training Center | Air Zermatt AG (air-zermatt.ch)<\/a><\/li>\n<li><a href=\"https:\/\/www.riva-notfallkurse.ch\/\">riva Notfallkurse<\/a><\/li>\n<li><a href=\"https:\/\/www.emergency-response.ch\/\">Emergency Response<\/a><\/li>\n<li><a href=\"https:\/\/edunex.ch\/\">Edunex<\/a><\/li>\n<\/ul>\n\n","protected":false},"excerpt":{"rendered":"<p>Formations Cours et formations En collaboration avec divers centres d&#8217;entra\u00eenement et de formation, nous vous renvoyons volontiers \u00e0 leurs sites web si vous \u00eates int\u00e9ress\u00e9(e) par des cours\/formations\/formations en m\u00e9decine d&#8217;urgence. BLS AED | Healthspot Air Zermatt Training Center | Air Zermatt AG (air-zermatt.ch) riva Notfallkurse Emergency Response Edunex<\/p>\n","protected":false},"author":3,"featured_media":0,"parent":0,"menu_order":0,"comment_status":"closed","ping_status":"closed","template":"","meta":{"site-sidebar-layout":"default","site-content-layout":"default","ast-site-content-layout":"default","site-content-style":"default","site-sidebar-style":"default","ast-global-header-display":"","ast-banner-title-visibility":"","ast-main-header-display":"","ast-hfb-above-header-display":"","ast-hfb-below-header-display":"","ast-hfb-mobile-header-display":"","site-post-title":"disabled","ast-breadcrumbs-content":"","ast-featured-img":"","footer-sml-layout":"","ast-disable-related-posts":"","theme-transparent-header-meta":"default","adv-header-id-meta":"","stick-header-meta":"default","header-above-stick-meta":"","header-main-stick-meta":"","header-below-stick-meta":"","astra-migrate-meta-layouts":"default","ast-page-background-enabled":"default","ast-page-background-meta":{"desktop":{"background-color":"","background-image":"","background-repeat":"repeat","background-position":"center center","background-size":"auto","background-attachment":"scroll","background-type":"","background-media":"","overlay-type":"","overlay-color":"","overlay-opacity":"","overlay-gradient":""},"tablet":{"background-color":"","background-image":"","background-repeat":"repeat","background-position":"center center","background-size":"auto","background-attachment":"scroll","background-type":"","background-media":"","overlay-type":"","overlay-color":"","overlay-opacity":"","overlay-gradient":""},"mobile":{"background-color":"","background-image":"","background-repeat":"repeat","background-position":"center center","background-size":"auto","background-attachment":"scroll","background-type":"","background-media":"","overlay-type":"","overlay-color":"","overlay-opacity":"","overlay-gradient":""}},"ast-content-background-meta":{"desktop":{"background-color":"var(--ast-global-color-5)","background-image":"","background-repeat":"repeat","background-position":"center center","background-size":"auto","background-attachment":"scroll","background-type":"","background-media":"","overlay-type":"","overlay-color":"","overlay-opacity":"","overlay-gradient":""},"tablet":{"background-color":"var(--ast-global-color-5)","background-image":"","background-repeat":"repeat","background-position":"center center","background-size":"auto","background-attachment":"scroll","background-type":"","background-media":"","overlay-type":"","overlay-color":"","overlay-opacity":"","overlay-gradient":""},"mobile":{"background-color":"var(--ast-global-color-5)","background-image":"","background-repeat":"repeat","background-position":"center center","background-size":"auto","background-attachment":"scroll","background-type":"","background-media":"","overlay-type":"","overlay-color":"","overlay-opacity":"","overlay-gradient":""}},"footnotes":""},"class_list":["post-11241","page","type-page","status-publish","hentry"],"aioseo_notices":[],"_links":{"self":[{"href":"https:\/\/www.mk-med.ch\/fr\/wp-json\/wp\/v2\/pages\/11241","targetHints":{"allow":["GET"]}}],"collection":[{"href":"https:\/\/www.mk-med.ch\/fr\/wp-json\/wp\/v2\/pages"}],"about":[{"href":"https:\/\/www.mk-med.ch\/fr\/wp-json\/wp\/v2\/types\/page"}],"author":[{"embeddable":true,"href":"https:\/\/www.mk-med.ch\/fr\/wp-json\/wp\/v2\/users\/3"}],"replies":[{"embeddable":true,"href":"https:\/\/www.mk-med.ch\/fr\/wp-json\/wp\/v2\/comments?post=11241"}],"version-history":[{"count":4,"href":"https:\/\/www.mk-med.ch\/fr\/wp-json\/wp\/v2\/pages\/11241\/revisions"}],"predecessor-version":[{"id":11849,"href":"https:\/\/www.mk-med.ch\/fr\/wp-json\/wp\/v2\/pages\/11241\/revisions\/11849"}],"wp:attachment":[{"href":"https:\/\/www.mk-med.ch\/fr\/wp-json\/wp\/v2\/media?parent=11241"}],"curies":[{"name":"wp","href":"https:\/\/api.w.org\/{rel}","templated":true}]}}