{"id":10580,"date":"2018-12-14T10:55:25","date_gmt":"2018-12-14T09:55:25","guid":{"rendered":"https:\/\/www.mk-med.ch\/datenschutz\/"},"modified":"2023-01-29T21:01:21","modified_gmt":"2023-01-29T20:01:21","slug":"declaration-de-confidentialite","status":"publish","type":"page","link":"https:\/\/www.mk-med.ch\/fr\/declaration-de-confidentialite\/","title":{"rendered":"D\u00e9claration de confidentialit\u00e9"},"content":{"rendered":"\n\n\t<p><strong><u>D\u00e9claration de confidentialit\u00e9<\/u><\/strong><\/p>\n<p>La protection de vos donn\u00e9es personnelles est tr\u00e8s importante pour nous. MK-MED Medizintechnik AG (\u00abMK-MED\u00bb) s&#8217;engage \u00e0 prot\u00e9ger votre vie priv\u00e9e conform\u00e9ment aux exigences l\u00e9gales de la loi suisse sur la protection des donn\u00e9es.<\/p>\n<p>Lorsque vous utilisez nos services ou que vous nous contactez, il se peut que vous nous fournissiez vos donn\u00e9es personnelles. Ces donn\u00e9es nous permettent de vous identifier en tant qu&#8217;individu (par exemple, par nom, adresse e-mail, adresse postale, num\u00e9ro de t\u00e9l\u00e9phone ou adresse IP). Ces donn\u00e9es sont commun\u00e9ment appel\u00e9es \u00abdonn\u00e9es \u00e0 caract\u00e8re personnel\u00bb.<\/p>\n<p><strong>1. Champ d&#8217;application et acceptation<\/strong><\/p>\n<p>Cette politique de confidentialit\u00e9 s&#8217;applique aux donn\u00e9es personnelles que nous collectons \u00e0 votre sujet lorsque vous visitez notre site Web ou que vous nous contactez ou utilisez nos produits et services. Notre politique de confidentialit\u00e9 d\u00e9crit comment nous traitons vos donn\u00e9es personnelles et quels sont vos droits en tant qu&#8217;utilisateur enregistr\u00e9.<\/p>\n<p><strong>2. Types et finalit\u00e9s du traitement des donn\u00e9es<\/strong><\/p>\n<p>Les donn\u00e9es personnelles sont trait\u00e9es sur papier et sous forme \u00e9lectronique conform\u00e9ment aux exigences organisationnelles et de s\u00e9curit\u00e9 conform\u00e9ment aux lois applicables.<\/p>\n<p>Nous traitons les donn\u00e9es (telles que le nom, le pr\u00e9nom, l&#8217;adresse, le num\u00e9ro de t\u00e9l\u00e9phone, les d\u00e9tails de vos achats, etc.) collect\u00e9es \u00e0 votre sujet, y compris sur Internet via notre site Web, aux fins suivantes:<\/p>\n<ul>\n<li>Finalit\u00e9s contractuelles: G\u00e9rer la vente de nos produits et fournir des services de vente et de service \u00e0 la client\u00e8le (y compris, par exemple, la pr\u00e9vention de la fraude, les retours, les garanties et le support client) et, dans le cadre des activit\u00e9s en ligne, g\u00e9rer les services offerts sur nos sites Web, y compris le traitement des demandes de votre part.<\/li>\n<li>Finalit\u00e9s l\u00e9gales: Respect des obligations l\u00e9gales et r\u00e9glementaires.<\/li>\n<li>Finalit\u00e9s publicitaires: envoi de communications promotionnelles par voie \u00e9lectronique ou sous forme de mat\u00e9riel d&#8217;impression pour la promotion de nos marques, services et\/ou produits, ainsi que pour la r\u00e9alisation d&#8217;analyses de march\u00e9 et la collecte de statistiques, si vous y avez consenti.<\/li>\n<li>Int\u00e9r\u00eats l\u00e9gitimes li\u00e9s \u00e0 la publicit\u00e9: vos donn\u00e9es relatives au montant des d\u00e9penses, \u00e0 la cat\u00e9gorie de produits, au lieu d&#8217;achat et \u00e0 votre date de naissance peuvent \u00eatre trait\u00e9es afin de vous fournir des services adapt\u00e9s \u00e0 vos besoins.<\/li>\n<\/ul>\n<p><strong>3. Collecte de donn\u00e9es techniques<\/strong><\/p>\n<p>Lorsque vous visitez notre site Web, nous collectons des donn\u00e9es dites techniques vous concernant:<\/p>\n<ul>\n<li>Fichiers journaux du serveur<\/li>\n<li>Le fournisseur de ce site Web recueille et stocke automatiquement des informations dans des fichiers journaux de serveur que votre navigateur nous transmet automatiquement. Il s&#8217;agit de:<\/li>\n<li>L&#8217;adresse IP<\/li>\n<li>Le type de navigateur et la version du navigateur<\/li>\n<li>Le syst\u00e8me d&#8217;exploitation utilis\u00e9<\/li>\n<li>Le site Web \u00e0 partir duquel l&#8217;acc\u00e8s a \u00e9t\u00e9 effectu\u00e9 (\u00abURL de r\u00e9f\u00e9rence\u00bb)<\/li>\n<li>Le nom d&#8217;h\u00f4te de l&#8217;ordinateur demandeur<\/li>\n<li>L&#8217;heure de la demande du serveur<\/li>\n<\/ul>\n<p>Les donn\u00e9es collect\u00e9es servent uniquement \u00e0 l&#8217;\u00e9valuation statistique et \u00e0 l&#8217;am\u00e9lioration du site Web.<\/p>\n<p><strong>4. Cookies<\/strong><\/p>\n<p>Sur notre site Web, nous utilisons ce que l&#8217;on appelle des \u00abcookies de session\u00bb pour vous faciliter l&#8217;utilisation de nos sites Web. Il s&#8217;agit de petits fichiers texte qui ne sont stock\u00e9s sur votre disque dur que pendant la dur\u00e9e de votre visite sur notre site Web et qui sont supprim\u00e9s lorsque vous quittez le navigateur, en fonction des param\u00e8tres de votre browser. Ces cookies ne r\u00e9cup\u00e8rent aucune information vous concernant stock\u00e9e sur votre disque dur et n&#8217;affectent pas votre PC ou ses fichiers. La plupart des navigateurs sont configur\u00e9s pour accepter automatiquement les cookies. Vous pouvez toutefois d\u00e9sactiver l&#8217;enregistrement des cookies ou param\u00e9trer votre navigateur de mani\u00e8re \u00e0 ce qu&#8217;il vous informe de l&#8217;envoi de cookies. Cependant, nous attirons votre attention sur le fait que le blocage des cookies peut entra\u00eener des restrictions sur le fonctionnement de notre site Web.<\/p>\n<p><strong>5. Suivi<\/strong><\/p>\n<p>5.1 Google Analytics<\/p>\n<p>Ce site utilise Google Analytics, un service d&#8217;analyse Web fourni par Google Inc. (\u00abGoogle\u00bb). Google Analytics utilise des \u00abcookies\u00bb, des fichiers texte stock\u00e9s sur votre ordinateur permettant d&#8217;analyser votre utilisation du site Web. Les informations g\u00e9n\u00e9r\u00e9es par le cookie sur votre utilisation de ce site Web (y compris votre adresse IP) sont transmises \u00e0 un serveur Google aux \u00c9tats-Unis et y sont stock\u00e9es. Google utilisera ces informations pour \u00e9valuer votre utilisation du site Web, pour compiler des rapports sur les activit\u00e9s du site Web pour les exploitants dudit site et pour fournir d&#8217;autres services li\u00e9s \u00e0 l&#8217;utilisation du site Web et d&#8217;Internet. Google peut \u00e9galement transmettre ces informations \u00e0 des tiers si la loi l&#8217;exige ou si des tiers traitent ces donn\u00e9es pour le compte de Google. Google n&#8217;associera en aucun cas votre adresse IP \u00e0 d&#8217;autres donn\u00e9es Google. Vous pouvez emp\u00eacher l&#8217;installation des cookies en param\u00e9trant votre logiciel de navigation en cons\u00e9quence, mais nous vous informons que vous ne pourrez, dans ce cas, peut-\u00eatre pas utiliser pleinement toutes les fonctions de ce site Web. En utilisant ce site Web, vous consentez express\u00e9ment au traitement des donn\u00e9es collect\u00e9es \u00e0 votre sujet par Google de la mani\u00e8re et aux fins d\u00e9crites ci-dessus.<\/p>\n<p>5.2 Plugins de m\u00e9dias sociaux<\/p>\n<p>Ce site Web int\u00e8gre des plugins de diff\u00e9rentes plateformes de m\u00e9dias sociaux telles que Facebook, Twitter et Google. Lorsque vous visitez un site Web sur lequel des plugins de ces fournisseurs tiers sont plac\u00e9s, ces plugins peuvent transmettre automatiquement des donn\u00e9es aux fournisseurs tiers. Si le visiteur est simultan\u00e9ment connect\u00e9 au r\u00e9seau du fournisseur tiers respectif, la visite sur le site Web peut \u00eatre associ\u00e9e \u00e0 son compte d&#8217;utilisateur, en fonction du fournisseur.<\/p>\n<p>Afin d&#8217;\u00e9viter que les fournisseurs n&#8217;attribuent directement les donn\u00e9es collect\u00e9es via notre site Internet \u00e0 votre profil dans le service concern\u00e9, veuillez vous d\u00e9connecter du service en question avant de visiter notre site Internet.<\/p>\n<p><strong>6. Transmission de donn\u00e9es personnelles par MK-MED<\/strong><\/p>\n<p>MK-MED ne transmet en aucun cas vos donn\u00e9es personnelles \u00e0 des tiers qui ont l&#8217;intention de les utiliser \u00e0 des fins de marketing direct, sauf si vous nous y autorisez express\u00e9ment. MK-MED peut transmettre vos donn\u00e9es personnelles \u00e0 des tiers en Suisse et en dehors de la Suisse (\u00ab\u00e9tranger\u00bb) \u00e0 d&#8217;autres fins, mais uniquement dans les circonstances suivantes:<\/p>\n<p>6.1 Prestataires de services<\/p>\n<p>MK-MED peut engager des prestataires de services, des agents ou des sous-traitants en Suisse et \u00e0 l&#8217;\u00e9tranger pour fournir des services au nom de MK-MED, y compris la gestion des sites Web MK-MED et des services qui sont \u00e0 votre disposition. Ces tiers peuvent avoir acc\u00e8s \u00e0 vos donn\u00e9es personnelles et les traiter pendant qu&#8217;ils fournissent ces services.<\/p>\n<p>6.2 Partenaires et actions conjointes<\/p>\n<p>MK-MED peut mettre en \u0153uvre un programme ou une action conjointe avec une autre entreprise et, pendant votre participation \u00e0 l&#8217;activit\u00e9, collecter et utiliser vos donn\u00e9es personnelles. Vos donn\u00e9es personnelles seront partag\u00e9es exclusivement avec d&#8217;autres entreprises si vous avez accept\u00e9 (\u00abopt-in\u00bb) de recevoir des informations directement de ces entreprises. MK-MED vous encourage \u00e0 lire les d\u00e9clarations de confidentialit\u00e9 de ces entreprises avant de partager des donn\u00e9es personnelles. Si vous ne souhaitez pas que vos donn\u00e9es personnelles soient collect\u00e9es par une soci\u00e9t\u00e9 autre que MK-MED ou partag\u00e9es avec des soci\u00e9t\u00e9s autres que MK-MED, vous pouvez d\u00e9cider \u00e0 tout moment de ne pas participer \u00e0 de telles activit\u00e9s. Si vous avez accept\u00e9 de communiquer avec une telle entreprise (\u00abopt-in\u00bb), n&#8217;oubliez pas que vous avez toujours la possibilit\u00e9 de vous d\u00e9sinscrire (\u00abopt-out\u00bb), mais vous devez contacter directement cette entreprise.<\/p>\n<p>6.3 Dispositions l\u00e9gales<\/p>\n<p>MK-MED peut divulguer vos donn\u00e9es personnelles si la loi l&#8217;exige ou si, \u00e0 sa seule discr\u00e9tion, la divulgation est appropri\u00e9e et n\u00e9cessaire pour se conformer \u00e0 une ordonnance du tribunal ou pour r\u00e9pondre ou faire valoir une r\u00e9clamation l\u00e9gale.<\/p>\n<p><strong>7. Bases juridiques<\/strong><\/p>\n<p>Pour le traitement des donn\u00e9es personnelles, MK-MED s&#8217;appuie sur les bases juridiques suivantes:<\/p>\n<ul>\n<li>Ex\u00e9cution d&#8217;un contrat avec la personne concern\u00e9e ou pour des mesures pr\u00e9contractuelles \u00e0 sa demande<\/li>\n<li>Int\u00e9r\u00eats l\u00e9gitimes (service \u00e0 la client\u00e8le et communication; mieux conna\u00eetre les clients et les autres personnes; am\u00e9liorer les produits et services; assurer la s\u00e9curit\u00e9 informatique, en particulier dans le cadre de l&#8217;utilisation des sites Web)<\/li>\n<li>Consentement<\/li>\n<li>Obligation de se conformer \u00e0 la l\u00e9gislation<\/li>\n<\/ul>\n<p>Si cela est n\u00e9cessaire aux fins susmentionn\u00e9es et\/ou dans le cadre de certains traitements, nous vous demanderons votre consentement explicite.<\/p>\n<p><strong>8. Vos droits<\/strong><\/p>\n<p>Conform\u00e9ment aux dispositions applicables en mati\u00e8re de protection des donn\u00e9es, vous disposez des droits suivants lors de l&#8217;utilisation du site Internet et des services de MK-MED:<\/p>\n<ul>\n<li>Droit d&#8217;acc\u00e8s: Vous avez le droit d&#8217;obtenir des informations sur les donn\u00e9es personnelles que nous traitons. Pour lancer le processus, nous avons besoin d&#8217;une identification personnelle (p. ex. passeport, carte d&#8217;identit\u00e9) conjointement \u00e0 la demande. Les donn\u00e9es seront effac\u00e9es apr\u00e8s le traitement de la commande.<\/li>\n<li>Droit de rectification: vous avez le droit de rectifier les donn\u00e9es personnelles inexactes vous concernant.<\/li>\n<li>Droit \u00e0 l&#8217;effacement: Vous avez le droit de demander l&#8217;effacement de toutes les donn\u00e9es personnelles vous concernant, dans la mesure o\u00f9 elles ne sont plus n\u00e9cessaires aux fins convenues ou si nous ne sommes pas l\u00e9galement tenus de les conserver.<\/li>\n<li>Droit \u00e0 la limitation du traitement: vous avez le droit de demander que nous limitions le traitement de vos donn\u00e9es personnelles, par exemple lorsqu&#8217;elles ne sont plus n\u00e9cessaires aux fins du traitement.<\/li>\n<li>Droit \u00e0 la portabilit\u00e9 des donn\u00e9es: vous avez le droit de recevoir les donn\u00e9es \u00e0 caract\u00e8re personnel vous concernant dans un format couramment utilis\u00e9 et lisible par machine.<\/li>\n<li>Droit de retirer votre\/vos consentement(s): vous pouvez retirer \u00e0 tout moment votre consentement au traitement de vos donn\u00e9es personnelles et \u00e0 l&#8217;utilisation de ces donn\u00e9es \u00e0 des fins de marketing, en partie ou en totalit\u00e9, en effectuant les op\u00e9rations suivantes:<\/li>\n<li>Vous pouvez contacter notre service client\u00e8le et nous informer que vous ne souhaitez plus que vos donn\u00e9es personnelles soient trait\u00e9es \u00e0 l&#8217;avenir.<\/li>\n<li>Vous pouvez indiquer \u00e0 notre service client\u00e8le que vous souhaitez que votre compte client soit supprim\u00e9.<\/li>\n<li>Vous pouvez suivre le lien de d\u00e9sabonnement dans notre newsletter et vous d\u00e9sabonner sur le site Web correspondant. Veuillez noter qu&#8217;il ne s&#8217;agit que de la d\u00e9sinscription \u00e0 la newsletter.<\/li>\n<\/ul>\n<p>La r\u00e9vocation du consentement n&#8217;affecte pas la lic\u00e9it\u00e9 du traitement effectu\u00e9 sur la base du consentement jusqu&#8217;\u00e0 la r\u00e9vocation.<\/p>\n<ul>\n<li>Droit de r\u00e9clamation: vous avez le droit de d\u00e9poser une plainte concernant notre traitement de vos donn\u00e9es personnelles aupr\u00e8s des autorit\u00e9s de contr\u00f4le. En Suisse, il s&#8217;agit du Pr\u00e9pos\u00e9 f\u00e9d\u00e9ral \u00e0 la protection des donn\u00e9es et \u00e0 la transparence (PFPDT). Les informations de contact peuvent \u00eatre trouv\u00e9es sur le site web de ce dernier.<\/li>\n<\/ul>\n<p>Notez que vous pouvez toujours recevoir des communications administratives de MK-MED, m\u00eame si vous retirez votre consentement \u00e0 recevoir des communications marketing. Il peut s&#8217;agir de confirmations de commande et de notifications relatives \u00e0 l&#8217;activit\u00e9 du compte (par exemple, les confirmations de compte et les changements de mot de passe).<\/p>\n<p><strong>9. S\u00e9curit\u00e9 et stockage des donn\u00e9es<\/strong><\/p>\n<p>9.1 S\u00e9curit\u00e9 des donn\u00e9es<\/p>\n<p>Afin de prot\u00e9ger vos donn\u00e9es personnelles contre toute manipulation, perte partielle ou totale et contre tout acc\u00e8s non autoris\u00e9 par des tiers, MK-MED prend les mesures de s\u00e9curit\u00e9 techniques et organisationnelles appropri\u00e9es. Celles-ci sont constamment am\u00e9lior\u00e9es en fonction de l&#8217;\u00e9volution technologique.<\/p>\n<p>Vous devez toujours garder vos donn\u00e9es d&#8217;acc\u00e8s confidentielles et fermer la fen\u00eatre du navigateur lorsque vous avez termin\u00e9 la communication avec nous, en particulier lorsque vous partagez l&#8217;ordinateur avec d&#8217;autres personnes.<\/p>\n<p>Nous prenons \u00e9galement la protection des donn\u00e9es tr\u00e8s au s\u00e9rieux au sein de MK-MED. Nos collaborateurs et les entreprises de services que nous mandatons sont tenus au secret professionnel et au respect de toutes les dispositions l\u00e9gales relatives \u00e0 la protection des donn\u00e9es.<\/p>\n<p>9.2 Dur\u00e9e de conservation<\/p>\n<p>Vos donn\u00e9es personnelles seront conserv\u00e9es aussi longtemps qu&#8217;elles sont n\u00e9cessaires \u00e0 nos fins et\/ou que la loi l&#8217;exige. Tant que le contrat d&#8217;utilisation existe, vos donn\u00e9es enregistr\u00e9es sont conserv\u00e9es. Si vous r\u00e9siliez le contrat d&#8217;utilisation, vos donn\u00e9es personnelles seront supprim\u00e9es apr\u00e8s l&#8217;expiration de la p\u00e9riode de conservation l\u00e9gale.<\/p>\n<p>Les donn\u00e9es anonymis\u00e9es (qui ne peuvent pas \u00eatre associ\u00e9es \u00e0 vous en tant qu&#8217;individu et ne sont donc plus des donn\u00e9es personnelles) peuvent \u00eatre stock\u00e9es \u00e0 des fins statistiques.<\/p>\n<p><strong>10. Modifications<\/strong><\/p>\n<p>Le contenu de notre politique de confidentialit\u00e9 peut \u00eatre modifi\u00e9. Si nous apportons des modifications importantes \u00e0 la collecte, \u00e0 l&#8217;utilisation et\/ou \u00e0 la divulgation des donn\u00e9es personnelles que vous nous avez fournies, nous vous en informerons par un avis clair et bien visible sur le site Web. En utilisant le site Web, vous acceptez les termes et conditions de cette politique de confidentialit\u00e9.<\/p>\n<p><strong>11. Liens vers d&#8217;autres sites Web<\/strong><\/p>\n<p>Nous ne sommes pas responsables du contenu ou des pratiques de confidentialit\u00e9 des sites Web li\u00e9s ou int\u00e9gr\u00e9s.<\/p>\n<p><strong>12. Nos coordonn\u00e9es<\/strong><\/p>\n<p>MK-MED agit en tant que \u00abresponsable du traitement\u00bb des donn\u00e9es \u00e0 caract\u00e8re personnel trait\u00e9es par MK-MED dans le cadre de la pr\u00e9sente Politique de confidentialit\u00e9. Si vous avez des questions ou des commentaires concernant cet avis de confidentialit\u00e9 ou les pratiques de MK-MED en mati\u00e8re de collecte de donn\u00e9es personnelles, veuillez nous contacter par:<\/p>\n<p>Courrier \u00e0: MK-MED Medizintechnik AG, Industriezone Basper 33, CH-3942 Rarogne<\/p>\n<p>E-mail: info@mk-med.ch<\/p>\n<p>&nbsp;<\/p>\n<p>Rarogne, septembre 2022<\/p>\n\n","protected":false},"excerpt":{"rendered":"<p>D\u00e9claration de confidentialit\u00e9 La protection de vos donn\u00e9es personnelles est tr\u00e8s importante pour nous. MK-MED Medizintechnik AG (\u00abMK-MED\u00bb) s&#8217;engage \u00e0 prot\u00e9ger votre vie priv\u00e9e conform\u00e9ment aux exigences l\u00e9gales de la loi suisse sur la protection des donn\u00e9es. Lorsque vous utilisez nos services ou que vous nous contactez, il se peut que vous nous fournissiez vos [&hellip;]<\/p>\n","protected":false},"author":1,"featured_media":0,"parent":0,"menu_order":0,"comment_status":"closed","ping_status":"closed","template":"","meta":{"site-sidebar-layout":"default","site-content-layout":"default","ast-site-content-layout":"default","site-content-style":"default","site-sidebar-style":"default","ast-global-header-display":"","ast-banner-title-visibility":"","ast-main-header-display":"","ast-hfb-above-header-display":"","ast-hfb-below-header-display":"","ast-hfb-mobile-header-display":"","site-post-title":"","ast-breadcrumbs-content":"","ast-featured-img":"","footer-sml-layout":"","ast-disable-related-posts":"","theme-transparent-header-meta":"default","adv-header-id-meta":"","stick-header-meta":"default","header-above-stick-meta":"","header-main-stick-meta":"","header-below-stick-meta":"","astra-migrate-meta-layouts":"default","ast-page-background-enabled":"default","ast-page-background-meta":{"desktop":{"background-color":"","background-image":"","background-repeat":"repeat","background-position":"center center","background-size":"auto","background-attachment":"scroll","background-type":"","background-media":"","overlay-type":"","overlay-color":"","overlay-opacity":"","overlay-gradient":""},"tablet":{"background-color":"","background-image":"","background-repeat":"repeat","background-position":"center center","background-size":"auto","background-attachment":"scroll","background-type":"","background-media":"","overlay-type":"","overlay-color":"","overlay-opacity":"","overlay-gradient":""},"mobile":{"background-color":"","background-image":"","background-repeat":"repeat","background-position":"center center","background-size":"auto","background-attachment":"scroll","background-type":"","background-media":"","overlay-type":"","overlay-color":"","overlay-opacity":"","overlay-gradient":""}},"ast-content-background-meta":{"desktop":{"background-color":"var(--ast-global-color-5)","background-image":"","background-repeat":"repeat","background-position":"center center","background-size":"auto","background-attachment":"scroll","background-type":"","background-media":"","overlay-type":"","overlay-color":"","overlay-opacity":"","overlay-gradient":""},"tablet":{"background-color":"var(--ast-global-color-5)","background-image":"","background-repeat":"repeat","background-position":"center center","background-size":"auto","background-attachment":"scroll","background-type":"","background-media":"","overlay-type":"","overlay-color":"","overlay-opacity":"","overlay-gradient":""},"mobile":{"background-color":"var(--ast-global-color-5)","background-image":"","background-repeat":"repeat","background-position":"center center","background-size":"auto","background-attachment":"scroll","background-type":"","background-media":"","overlay-type":"","overlay-color":"","overlay-opacity":"","overlay-gradient":""}},"footnotes":""},"class_list":["post-10580","page","type-page","status-publish","hentry"],"aioseo_notices":[],"_links":{"self":[{"href":"https:\/\/www.mk-med.ch\/fr\/wp-json\/wp\/v2\/pages\/10580","targetHints":{"allow":["GET"]}}],"collection":[{"href":"https:\/\/www.mk-med.ch\/fr\/wp-json\/wp\/v2\/pages"}],"about":[{"href":"https:\/\/www.mk-med.ch\/fr\/wp-json\/wp\/v2\/types\/page"}],"author":[{"embeddable":true,"href":"https:\/\/www.mk-med.ch\/fr\/wp-json\/wp\/v2\/users\/1"}],"replies":[{"embeddable":true,"href":"https:\/\/www.mk-med.ch\/fr\/wp-json\/wp\/v2\/comments?post=10580"}],"version-history":[{"count":3,"href":"https:\/\/www.mk-med.ch\/fr\/wp-json\/wp\/v2\/pages\/10580\/revisions"}],"predecessor-version":[{"id":11092,"href":"https:\/\/www.mk-med.ch\/fr\/wp-json\/wp\/v2\/pages\/10580\/revisions\/11092"}],"wp:attachment":[{"href":"https:\/\/www.mk-med.ch\/fr\/wp-json\/wp\/v2\/media?parent=10580"}],"curies":[{"name":"wp","href":"https:\/\/api.w.org\/{rel}","templated":true}]}}