{"id":10575,"date":"2018-04-08T18:43:25","date_gmt":"2018-04-08T16:43:25","guid":{"rendered":"https:\/\/www.mk-med.ch\/impressum\/"},"modified":"2022-11-12T22:34:43","modified_gmt":"2022-11-12T21:34:43","slug":"mentions-legales","status":"publish","type":"page","link":"https:\/\/www.mk-med.ch\/fr\/mentions-legales\/","title":{"rendered":"Mentions l\u00e9gales"},"content":{"rendered":"\n\n<h1>Mentions l\u00e9gales<\/h1>\n<p>Mentions l\u00e9gales et informations juridiques<\/p>\n\t<h3>Herausgeber:<\/h3>\nMK-MED Medizintechnik AG<br \/>\nIndustriezone Basper 33<br \/>\nCH-3942 Raron \/ VS<br \/>\nE-Mail:\u00a0<a href=\"mailto:info@mk-med.ch\">info@mk-med.ch<\/a>\n<a href=\"https:\/\/www.mk-med.ch\/fr\/\">https:\/\/www.mk-med.ch\u00a0<\/a><br \/>\nSite Internet de la soci\u00e9t\u00e9 MK-MED Medizintechnik AG \u00e0 Rarogne. La responsabilit\u00e9 globale du portail Internet incombe \u00e0 MK-MED Medizintechnik AG, dont le si\u00e8ge est \u00e0 Rarogne.\n<p><strong>Mentions l\u00e9gales<\/strong><\/p>\n<p><strong>1.\u00a0 Bien que MK-MED<\/strong><\/p>\n<p>Medizintechnik AG veille avec le plus grand soin \u00e0 l&#8217;exactitude des informations publi\u00e9es, aucune garantie ne peut \u00eatre donn\u00e9e quant \u00e0 la v\u00e9racit\u00e9, l&#8217;exactitude, l&#8217;actualit\u00e9, la fiabilit\u00e9 et l&#8217;exhaustivit\u00e9 du contenu de ces informations.<\/p>\n<p>MK-MED Medizintechnik AG se r\u00e9serve express\u00e9ment le droit de modifier tout ou partie du contenu \u00e0 tout moment sans pr\u00e9avis, de le supprimer ou de ne pas le publier temporairement.<\/p>\n<p>La responsabilit\u00e9 de MK-MED Medizintechnik AG pour les dommages mat\u00e9riels ou immat\u00e9riels r\u00e9sultant de l&#8217;acc\u00e8s, de l&#8217;utilisation ou de la non-utilisation des informations publi\u00e9es, de l&#8217;utilisation abusive de la connexion ou de dysfonctionnements techniques est exclue.<\/p>\n<p><strong>2.\u00a0 Les\u00a0\u00a0 renvois et les liens vers<\/strong><\/p>\n<p>des sites Internet de tiers ne rel\u00e8vent pas de la responsabilit\u00e9 de MK-MED Medizintechnik AG. L&#8217;acc\u00e8s et l&#8217;utilisation de ces sites Web se font aux risques et p\u00e9rils de l&#8217;utilisateur. MK-MED Medizintechnik AG d\u00e9clare express\u00e9ment qu&#8217;elle n&#8217;a aucune influence sur la conception, le contenu et les offres des pages li\u00e9es. Les informations et les services des sites Web li\u00e9s sont enti\u00e8rement sous la responsabilit\u00e9 du tiers respectif.<\/p>\n<p>Nous d\u00e9clinons toute responsabilit\u00e9 pour ces sites.<\/p>\n<p><strong>3.\u00a0 Protection des donn\u00e9es <\/strong><\/p>\n<p>Conform\u00e9ment \u00e0 l&#8217;art. 13 de la Constitution f\u00e9d\u00e9rale suisse et aux dispositions de la Conf\u00e9d\u00e9ration relatives \u00e0 la protection des donn\u00e9es, toute personne a droit \u00e0 la protection de sa sph\u00e8re priv\u00e9e ainsi qu&#8217;\u00e0 la protection contre l&#8217;utilisation abusive de ses donn\u00e9es personnelles. MK-MED Medizintechnik AG respecte ces dispositions. Les donn\u00e9es personnelles sont trait\u00e9es de mani\u00e8re strictement confidentielle et ne sont ni vendues ni divulgu\u00e9es \u00e0 des tiers.<\/p>\n<p>En collaboration avec nos fournisseurs d&#8217;h\u00e9bergement, nous nous effor\u00e7ons de prot\u00e9ger au mieux les bases de donn\u00e9es contre tout acc\u00e8s non autoris\u00e9, perte, utilisation abusive ou contrefa\u00e7on.<\/p>\n<p>Lors de l&#8217;acc\u00e8s \u00e0 nos sites Web, les donn\u00e9es suivantes sont stock\u00e9es dans des fichiers journaux: adresse IP, date, heure, demande de navigateur et informations g\u00e9n\u00e9rales transmises sur le syst\u00e8me d&#8217;exploitation ou le site web. Navigateur.<\/p>\n<p>Ces donn\u00e9es d&#8217;utilisation constituent la base d&#8217;\u00e9valuations statistiques et anonymes, de sorte que les tendances sur la base desquelles MK-MED Medizintechnik AG peut am\u00e9liorer son offre en cons\u00e9quence sont identifiables. Conform\u00e9ment \u00e0 la loi f\u00e9d\u00e9rale sur la surveillance de la correspondance par poste et t\u00e9l\u00e9communication (LSCPT), il existe une obligation l\u00e9gale de conserver les donn\u00e9es de connexion des six derniers mois.<\/p>\n<p>Lors de la prise de contact volontaire, votre adresse e-mail est enregistr\u00e9e dans une base de donn\u00e9es s\u00e9par\u00e9e qui n&#8217;est pas li\u00e9e aux fichiers journaux anonymes. Vous avez \u00e0 tout moment la possibilit\u00e9 d&#8217;annuler votre inscription.<\/p>\n<p><strong>4.\u00a0\u00a0 \u00a0Copyright<\/strong><\/p>\n<p>Les informations contenues sur les sites Internet de MK-MED Medizintechnik AG sont mises \u00e0 la disposition du public. Le t\u00e9l\u00e9chargement ou la copie de contenu, d&#8217;images, de photos ou d&#8217;autres fichiers ne conf\u00e8re aucun droit sur le contenu.<\/p>\n<p>Les droits d&#8217;auteur et tous les autres droits sur les contenus, images, photos ou autres fichiers sur le site Internet de MK-MED Medizintechnik AG appartiennent exclusivement \u00e0 lui-m\u00eame ou aux titulaires de droits sp\u00e9cifiquement cit\u00e9s. Pour la reproduction de tout \u00e9l\u00e9ment, le consentement \u00e9crit des d\u00e9tenteurs des droits d&#8217;auteur doit \u00eatre obtenu \u00e0 l&#8217;avance.<\/p>\n<p>Le for juridique est Leuk en Suisse.<\/p>\n\n","protected":false},"excerpt":{"rendered":"<p>Mentions l\u00e9gales Mentions l\u00e9gales et informations juridiques Herausgeber: MK-MED Medizintechnik AG Industriezone Basper 33 CH-3942 Raron \/ VS E-Mail:\u00a0info@mk-med.ch https:\/\/www.mk-med.ch\u00a0 Site Internet de la soci\u00e9t\u00e9 MK-MED Medizintechnik AG \u00e0 Rarogne. La responsabilit\u00e9 globale du portail Internet incombe \u00e0 MK-MED Medizintechnik AG, dont le si\u00e8ge est \u00e0 Rarogne. Mentions l\u00e9gales 1.\u00a0 Bien que MK-MED Medizintechnik AG [&hellip;]<\/p>\n","protected":false},"author":1,"featured_media":0,"parent":0,"menu_order":0,"comment_status":"closed","ping_status":"closed","template":"","meta":{"site-sidebar-layout":"no-sidebar","site-content-layout":"page-builder","ast-site-content-layout":"default","site-content-style":"default","site-sidebar-style":"default","ast-global-header-display":"","ast-banner-title-visibility":"","ast-main-header-display":"","ast-hfb-above-header-display":"","ast-hfb-below-header-display":"","ast-hfb-mobile-header-display":"","site-post-title":"disabled","ast-breadcrumbs-content":"","ast-featured-img":"disabled","footer-sml-layout":"","ast-disable-related-posts":"","theme-transparent-header-meta":"default","adv-header-id-meta":"","stick-header-meta":"default","header-above-stick-meta":"","header-main-stick-meta":"","header-below-stick-meta":"","astra-migrate-meta-layouts":"default","ast-page-background-enabled":"default","ast-page-background-meta":{"desktop":{"background-color":"","background-image":"","background-repeat":"repeat","background-position":"center center","background-size":"auto","background-attachment":"scroll","background-type":"","background-media":"","overlay-type":"","overlay-color":"","overlay-opacity":"","overlay-gradient":""},"tablet":{"background-color":"","background-image":"","background-repeat":"repeat","background-position":"center center","background-size":"auto","background-attachment":"scroll","background-type":"","background-media":"","overlay-type":"","overlay-color":"","overlay-opacity":"","overlay-gradient":""},"mobile":{"background-color":"","background-image":"","background-repeat":"repeat","background-position":"center center","background-size":"auto","background-attachment":"scroll","background-type":"","background-media":"","overlay-type":"","overlay-color":"","overlay-opacity":"","overlay-gradient":""}},"ast-content-background-meta":{"desktop":{"background-color":"var(--ast-global-color-5)","background-image":"","background-repeat":"repeat","background-position":"center center","background-size":"auto","background-attachment":"scroll","background-type":"","background-media":"","overlay-type":"","overlay-color":"","overlay-opacity":"","overlay-gradient":""},"tablet":{"background-color":"var(--ast-global-color-5)","background-image":"","background-repeat":"repeat","background-position":"center center","background-size":"auto","background-attachment":"scroll","background-type":"","background-media":"","overlay-type":"","overlay-color":"","overlay-opacity":"","overlay-gradient":""},"mobile":{"background-color":"var(--ast-global-color-5)","background-image":"","background-repeat":"repeat","background-position":"center center","background-size":"auto","background-attachment":"scroll","background-type":"","background-media":"","overlay-type":"","overlay-color":"","overlay-opacity":"","overlay-gradient":""}},"footnotes":""},"class_list":["post-10575","page","type-page","status-publish","hentry"],"aioseo_notices":[],"_links":{"self":[{"href":"https:\/\/www.mk-med.ch\/fr\/wp-json\/wp\/v2\/pages\/10575","targetHints":{"allow":["GET"]}}],"collection":[{"href":"https:\/\/www.mk-med.ch\/fr\/wp-json\/wp\/v2\/pages"}],"about":[{"href":"https:\/\/www.mk-med.ch\/fr\/wp-json\/wp\/v2\/types\/page"}],"author":[{"embeddable":true,"href":"https:\/\/www.mk-med.ch\/fr\/wp-json\/wp\/v2\/users\/1"}],"replies":[{"embeddable":true,"href":"https:\/\/www.mk-med.ch\/fr\/wp-json\/wp\/v2\/comments?post=10575"}],"version-history":[{"count":2,"href":"https:\/\/www.mk-med.ch\/fr\/wp-json\/wp\/v2\/pages\/10575\/revisions"}],"predecessor-version":[{"id":10612,"href":"https:\/\/www.mk-med.ch\/fr\/wp-json\/wp\/v2\/pages\/10575\/revisions\/10612"}],"wp:attachment":[{"href":"https:\/\/www.mk-med.ch\/fr\/wp-json\/wp\/v2\/media?parent=10575"}],"curies":[{"name":"wp","href":"https:\/\/api.w.org\/{rel}","templated":true}]}}