{"id":10570,"date":"2018-04-08T18:33:33","date_gmt":"2018-04-08T16:33:33","guid":{"rendered":"https:\/\/www.mk-med.ch\/kontakt\/"},"modified":"2026-05-01T14:30:48","modified_gmt":"2026-05-01T12:30:48","slug":"contact","status":"publish","type":"page","link":"https:\/\/www.mk-med.ch\/fr\/contact\/","title":{"rendered":"Contact"},"content":{"rendered":"\n<h1>\n\t\t\tSi\u00e8ge social\t<\/h1>\n\t<strong>MK-MED Medizintechnik AG<\/strong><br \/>\n<strong><a href=\"https:\/\/www.google.com\/maps\/place\/MK-MED+Medizintechnik+AG\/@46.3051084,7.8109252,17z\/data=!3m1!4b1!4m5!3m4!1s0x478f6ba48fa6319b:0x2a8b6625127f69f0!8m2!3d46.3051084!4d7.8131139\">Industriezone Basper 33<\/a><\/strong><br \/>\n<strong><a href=\"https:\/\/www.google.com\/maps\/place\/MK-MED+Medizintechnik+AG\/@46.3051084,7.8109252,17z\/data=!3m1!4b1!4m5!3m4!1s0x478f6ba48fa6319b:0x2a8b6625127f69f0!8m2!3d46.3051084!4d7.8131139\">CH-3942 Raron<\/a><\/strong><br \/>\nTel. +41 (0)27 948 10 00<br \/>\nE-Mail demandes g\u00e9n\u00e9rales: <a href=\"mailto:info@mk-med.ch\">info@mk-med.ch<\/a><br \/>\nE-Mail commandes: <a href=\"mailto:order@mk-med.ch\">order@mk-med.ch<\/a><br \/>\nE-mail rapports de vigilance \/ qualit\u00e9: <a href=\"mailto:materiovigilance@mk-med.ch\">materiovigilance@mk-med.ch<\/a><br \/>\nHeures d&#8217;ouverture: du lundi au vendredi de 8h00 \u00e0 17h00\n<figure itemscope itemtype=\"https:\/\/schema.org\/ImageObject\">\n\t\t\t\t<img decoding=\"async\" src=\"http:\/\/www.mk-med.ch\/wordpress\/wp-content\/uploads\/2021\/03\/halle_aussen-300x200.jpg\" alt=\"Hall MK-Med Raron\" title=\"halle_aussen\" onerror=\"this.style.display='none'\" loading=\"lazy\" \/>\n\t<\/figure>\n<figure itemscope itemtype=\"https:\/\/schema.org\/ImageObject\">\n\t\t\t\t<img decoding=\"async\" src=\"http:\/\/www.mk-med.ch\/wordpress\/wp-content\/uploads\/2024\/10\/3-RomanBildgeschichten_MK-MED-TEAMbBildgeschichten_MK-MED-TEAMBildgeschichten_MK-MED-TEAMmodern-09_100-200x300.jpg\" alt=\"3 - RomanBildgeschichten_MK-MED-TEAMbBildgeschichten_MK-MED-TEAMBildgeschichten_MK-MED-TEAMmodern 09_100\" title=\"3 - RomanBildgeschichten_MK-MED-TEAMbBildgeschichten_MK-MED-TEAMBildgeschichten_MK-MED-TEAMmodern 09_100\" onerror=\"this.style.display='none'\" loading=\"lazy\" \/>\n\t<\/figure>\n<h3>\n\t\t\tForce de vente de la r\u00e9gion: AI, AR, GR, SG, TG, ZH\t<\/h3>\n\t<h4>Roman R\u00fcesch<\/h4>\n\tLangue: DEU<br \/>\nT\u00e9l\u00e9phone: <a href=\"http:\/\/+41 79 330 78 78\">+41 79 330 78 78<\/a><br \/>\nE-Mail: <a href=\"mailto:rr@mk-med.ch\">rr@mk-med.ch<\/a>\n<figure itemscope itemtype=\"https:\/\/schema.org\/ImageObject\">\n\t\t\t\t<img decoding=\"async\" src=\"http:\/\/www.mk-med.ch\/wordpress\/wp-content\/uploads\/2024\/10\/28-ChristopheBildgeschichten_MK-MED-TEAMBildgeschichten_MK-MED-TEAMBildgeschichten_MK-MED-TEAMmodern-09_100-200x300.jpg\" alt=\"28 - ChristopheBildgeschichten_MK-MED-TEAMBildgeschichten_MK-MED-TEAMBildgeschichten_MK-MED-TEAMmodern 09_100\" title=\"28 - ChristopheBildgeschichten_MK-MED-TEAMBildgeschichten_MK-MED-TEAMBildgeschichten_MK-MED-TEAMmodern 09_100\" onerror=\"this.style.display='none'\" loading=\"lazy\" \/>\n\t<\/figure>\n<h2>\n\t\t\tForce de vente de la r\u00e9gion: Suisse romande et Tessin\t<\/h2>\n\t<h4>Christophe Boehi<\/h4>\n\tLangue: FRA | DEU | ENG<br \/>\nT\u00e9l\u00e9phone: <a href=\"http:\/\/+41 79 132 82 23\">+41 79 132 82 23<\/a><br \/>\nE-Mail: <a href=\"mailto:cb@mk-med.ch\">cb@mk-med.ch<\/a>\n<figure itemscope itemtype=\"https:\/\/schema.org\/ImageObject\">\n\t\t\t\t<img decoding=\"async\" src=\"http:\/\/www.mk-med.ch\/wordpress\/wp-content\/uploads\/2024\/10\/33.1-KurtBildgeschichtenMK_MED_TEAMBzuschnitt-WEB-200x300.jpg\" alt=\"33.1 - KurtBildgeschichtenMK_MED_TEAMBzuschnitt WEB\" title=\"33.1 - KurtBildgeschichtenMK_MED_TEAMBzuschnitt WEB\" onerror=\"this.style.display='none'\" loading=\"lazy\" \/>\n\t<\/figure>\n<h2>\n\t\t\tForce de vente de la r\u00e9gion: AG, BE, BL, BS, GL, LU, NW, OW, SH, SO, SZ, UR, ZG\t<\/h2>\n\t<h4>Kurt Meierhofer<\/h4>\n\tLangue: DEU<br \/>\nT\u00e9l\u00e9phone: <a href=\"http:\/\/+41 79 602 90 00\">+41 79 602 90 00<\/a><br \/>\nE-Mail: <a href=\"mailto:km@mk-med.ch\">km@mk-med.ch<\/a>\n<figure itemscope itemtype=\"https:\/\/schema.org\/ImageObject\">\n\t\t\t\t<img decoding=\"async\" src=\"http:\/\/www.mk-med.ch\/wordpress\/wp-content\/uploads\/2026\/05\/74-PriskaBildgeschichtenMK-MED_TEAMBzuschnitt-WEB-200x300.jpg\" alt=\"74 - PriskaBildgeschichtenMK-MED_TEAMBzuschnitt WEB\" title=\"74 - PriskaBildgeschichtenMK-MED_TEAMBzuschnitt WEB\" onerror=\"this.style.display='none'\" loading=\"lazy\" \/>\n\t<\/figure>\n<h2>\n\t\t\tForce de vente de la r\u00e9gion: BE et Suisse romande (\u00e0 l&#8217;exception de VD, GE)\t<\/h2>\n\t<h4>Priska Spycher<\/h4>\n\tLangue: DEU | FRA | ENG<br \/>\nT\u00e9l\u00e9phone: <a href=\"http:\/\/+41 79 282 90 00\">+41 79 282 90 00<\/a><br \/>\nE-Mail: <a href=\"mailto:ps@mk-med.ch\">ps@mk-med.ch<\/a>\n<figure itemscope itemtype=\"https:\/\/schema.org\/ImageObject\">\n\t\t\t\t<img decoding=\"async\" src=\"http:\/\/www.mk-med.ch\/wordpress\/wp-content\/uploads\/2024\/10\/10-KevinBildgeschichten_MK-MED-TEAMBildgeschichten_MK-MED-TEAMBildgeschichten_MK-MED-TEAMmodern-09_100-200x300.jpg\" alt=\"10 - KevinBildgeschichten_MK-MED-TEAMBildgeschichten_MK-MED-TEAMBildgeschichten_MK-MED-TEAMmodern 09_100\" title=\"10 - KevinBildgeschichten_MK-MED-TEAMBildgeschichten_MK-MED-TEAMBildgeschichten_MK-MED-TEAMmodern 09_100\" onerror=\"this.style.display='none'\" loading=\"lazy\" \/>\n\t<\/figure>\n<h3>\n\t\t\tResponsable\/sp\u00e9cialiste produit corpuls\t<\/h3>\n\t<h4>Kevin Spence<\/h4>\n\tLangue: DEU | ENG<br \/>\nT\u00e9l\u00e9phone: <a href=\"http:\/\/+41 79 541 90 00\">+41 79 541 90 00<\/a><br \/>\nE-Mail: <a href=\"mailto:ks@mk-med.ch\">ks@mk-med.ch<\/a>\n\n","protected":false},"excerpt":{"rendered":"<p>Si\u00e8ge social MK-MED Medizintechnik AG Industriezone Basper 33 CH-3942 Raron Tel. +41 (0)27 948 10 00 E-Mail demandes g\u00e9n\u00e9rales: info@mk-med.ch E-Mail commandes: order@mk-med.ch E-mail rapports de vigilance \/ qualit\u00e9: materiovigilance@mk-med.ch Heures d&#8217;ouverture: du lundi au vendredi de 8h00 \u00e0 17h00 Force de vente de la r\u00e9gion: AI, AR, GR, SG, TG, ZH Roman R\u00fcesch Langue: [&hellip;]<\/p>\n","protected":false},"author":1,"featured_media":0,"parent":0,"menu_order":0,"comment_status":"closed","ping_status":"closed","template":"","meta":{"site-sidebar-layout":"no-sidebar","site-content-layout":"page-builder","ast-site-content-layout":"full-width-container","site-content-style":"unboxed","site-sidebar-style":"unboxed","ast-global-header-display":"","ast-banner-title-visibility":"","ast-main-header-display":"","ast-hfb-above-header-display":"","ast-hfb-below-header-display":"","ast-hfb-mobile-header-display":"","site-post-title":"disabled","ast-breadcrumbs-content":"","ast-featured-img":"disabled","footer-sml-layout":"","ast-disable-related-posts":"","theme-transparent-header-meta":"default","adv-header-id-meta":"","stick-header-meta":"default","header-above-stick-meta":"","header-main-stick-meta":"","header-below-stick-meta":"","astra-migrate-meta-layouts":"default","ast-page-background-enabled":"default","ast-page-background-meta":{"desktop":{"background-color":"","background-image":"","background-repeat":"repeat","background-position":"center center","background-size":"auto","background-attachment":"scroll","background-type":"","background-media":"","overlay-type":"","overlay-color":"","overlay-opacity":"","overlay-gradient":""},"tablet":{"background-color":"","background-image":"","background-repeat":"repeat","background-position":"center center","background-size":"auto","background-attachment":"scroll","background-type":"","background-media":"","overlay-type":"","overlay-color":"","overlay-opacity":"","overlay-gradient":""},"mobile":{"background-color":"","background-image":"","background-repeat":"repeat","background-position":"center center","background-size":"auto","background-attachment":"scroll","background-type":"","background-media":"","overlay-type":"","overlay-color":"","overlay-opacity":"","overlay-gradient":""}},"ast-content-background-meta":{"desktop":{"background-color":"var(--ast-global-color-5)","background-image":"","background-repeat":"repeat","background-position":"center center","background-size":"auto","background-attachment":"scroll","background-type":"","background-media":"","overlay-type":"","overlay-color":"","overlay-opacity":"","overlay-gradient":""},"tablet":{"background-color":"var(--ast-global-color-5)","background-image":"","background-repeat":"repeat","background-position":"center center","background-size":"auto","background-attachment":"scroll","background-type":"","background-media":"","overlay-type":"","overlay-color":"","overlay-opacity":"","overlay-gradient":""},"mobile":{"background-color":"var(--ast-global-color-5)","background-image":"","background-repeat":"repeat","background-position":"center center","background-size":"auto","background-attachment":"scroll","background-type":"","background-media":"","overlay-type":"","overlay-color":"","overlay-opacity":"","overlay-gradient":""}},"footnotes":""},"class_list":["post-10570","page","type-page","status-publish","hentry"],"aioseo_notices":[],"_links":{"self":[{"href":"https:\/\/www.mk-med.ch\/fr\/wp-json\/wp\/v2\/pages\/10570","targetHints":{"allow":["GET"]}}],"collection":[{"href":"https:\/\/www.mk-med.ch\/fr\/wp-json\/wp\/v2\/pages"}],"about":[{"href":"https:\/\/www.mk-med.ch\/fr\/wp-json\/wp\/v2\/types\/page"}],"author":[{"embeddable":true,"href":"https:\/\/www.mk-med.ch\/fr\/wp-json\/wp\/v2\/users\/1"}],"replies":[{"embeddable":true,"href":"https:\/\/www.mk-med.ch\/fr\/wp-json\/wp\/v2\/comments?post=10570"}],"version-history":[{"count":12,"href":"https:\/\/www.mk-med.ch\/fr\/wp-json\/wp\/v2\/pages\/10570\/revisions"}],"predecessor-version":[{"id":12208,"href":"https:\/\/www.mk-med.ch\/fr\/wp-json\/wp\/v2\/pages\/10570\/revisions\/12208"}],"wp:attachment":[{"href":"https:\/\/www.mk-med.ch\/fr\/wp-json\/wp\/v2\/media?parent=10570"}],"curies":[{"name":"wp","href":"https:\/\/api.w.org\/{rel}","templated":true}]}}