{"id":10560,"date":"2018-04-08T18:42:28","date_gmt":"2018-04-08T16:42:28","guid":{"rendered":"https:\/\/www.mk-med.ch\/events-messen\/"},"modified":"2023-02-28T20:47:40","modified_gmt":"2023-02-28T19:47:40","slug":"evenements-salons","status":"publish","type":"page","link":"https:\/\/www.mk-med.ch\/fr\/evenements-salons\/","title":{"rendered":"\u00c9v\u00e9nements &#038; salons"},"content":{"rendered":"\n\n\t<h1>\u00c9v\u00e9nements &amp; foires<\/h1>\n<h3>\n\t\tNotre calendrier d&#8217;\u00e9v\u00e9nements\n\t<\/h3>\n\t\t\t\t\t<a href=\"#\" id=\"fl-accordion--label-0\" tabindex=\"0\" aria-controls=\"fl-accordion--panel-0\">10\/11 mars 2023 &#8211; 30 ans de soins d&#8217;urgence Congr\u00e8s anniversaire &#8211; Kursaal Interlaken<\/a>\n\t\t\t\t\t\t\t\t\t\t\t<a href=\"#\" id=\"fl-accordion--icon-0\" tabindex=\"0\" aria-controls=\"fl-accordion--panel-0\"><i>Expand<\/i><\/a>\n\t\t\t\t\t<p>Le congr\u00e8s anniversaire de Soins d&#8217;urgence Suisse se d\u00e9roulera pendant deux jours \u00e0 Interlaken et proposera aux participants un programme vari\u00e9 et sp\u00e9cialis\u00e9. Des repr\u00e9sentants d&#8217;organisations partenaires et un programme de soir\u00e9e attrayant compl\u00e8teront l&#8217;\u00e9v\u00e9nement. Plusieurs exposants participeront au congr\u00e8s et pr\u00e9senteront leurs innovations de produits dans l&#8217;exposition industrielle.<\/p>\n<p>Profite de l&#8217;occasion pour rencontrer tes coll\u00e8gues, pour entretenir et d\u00e9velopper des r\u00e9seaux, pour \u00e9changer des exp\u00e9riences, ainsi que pour retourner dans ton travail quotidien avec de nouvelles id\u00e9es.<\/p>\nEn savoir plus :<br \/>\n<a href=\"https:\/\/www.notfallpflege.ch\/files\/_Demo\/Dokumente\/Veranstaltungen\/2023_notfallpflege-kongress\/NFPFL_KONGRESS_Einladung_webs_3.pdf\">https:\/\/www.notfallpflege.ch\/files\/_Demo\/Dokumente\/Veranstaltungen\/2023_notfallpflege-kongress\/NFPFL_KONGRESS_Einladung_webs_3.pdf\u00a0<\/a>\n\t\t\t\t\t<a href=\"#\" id=\"fl-accordion--label-1\" tabindex=\"0\" aria-controls=\"fl-accordion--panel-1\">25 mars 2023 &#8211; 15e Symposium suisse des premiers r\u00e9pondants &#8211; Nottwil<\/a>\n\t\t\t\t\t\t\t\t\t\t\t<a href=\"#\" id=\"fl-accordion--icon-1\" tabindex=\"0\" aria-controls=\"fl-accordion--panel-1\"><i>Expand<\/i><\/a>\n\t\t\t\t\t<p>Le symposium First Responder est la plus grande manifestation de formation continue pour les First Responder et les secouristes d&#8217;entreprise en Suisse. Des expos\u00e9s vous permettront d&#8217;\u00e9largir vos connaissances professionnelles. Vous pouvez choisir parmi diff\u00e9rents th\u00e8mes pratiques.<\/p>\nEn savoir plus:<br \/>\n<a href=\"https:\/\/www.paraplegie.ch\/sirmed\/de\/veranstaltung\/first-responder-symposium-25-maerz-2023\/#:~:text=Dann%20findet%20die%2015.,und%20Betriebssanit%C3%A4ter%20in%20der%20Schweiz.\">https:\/\/www.paraplegie.ch\/sirmed\/de\/veranstaltung\/first-responder-symposium-25-maerz-2023\/#:~:text=Dann%20findet%20die%2015.,und%20Betriebssanit%C3%A4ter%20in%20der%20Schweiz.<\/a>\n\t\t\t\t\t<a href=\"#\" id=\"fl-accordion--label-2\" tabindex=\"0\" aria-controls=\"fl-accordion--panel-2\">22 avril 2023 &#8211; Congr\u00e8s d&#8217;anesth\u00e9sie SIGA\/FSIA, Lucerne<\/a>\n\t\t\t\t\t\t\t\t\t\t\t<a href=\"#\" id=\"fl-accordion--icon-2\" tabindex=\"0\" aria-controls=\"fl-accordion--panel-2\"><i>Expand<\/i><\/a>\n\t\t\t\t\t<p>Nous avons le plaisir de vous inviter au congr\u00e8s d&#8217;anesth\u00e9sie SIGA\/FSIA sur le th\u00e8me &#8220;Rien ne va plus&#8221;.<\/p>\n<ul>\n<li>Date : Samedi 22 avril 2023<\/li>\n<li>Lieu : KKL Luzern<\/li>\n<li>Ouverture des portes : \u00e0 partir de 08.30 heures<\/li>\n<\/ul>\n<p>Le congr\u00e8s d&#8217;anesth\u00e9sie SIGA\/FSIA est le congr\u00e8s annuel des soins d&#8217;anesth\u00e9sie en Suisse. Chaque ann\u00e9e, le congr\u00e8s propose aux quelque 800 participants un programme vari\u00e9 et sp\u00e9cialis\u00e9. Gr\u00e2ce \u00e0 la traduction simultan\u00e9e en fran\u00e7ais, il est \u00e9galement tr\u00e8s attractif pour la Suisse latine. Une quarantaine d&#8217;entreprises participent au congr\u00e8s et pr\u00e9sentent leurs innovations de produits dans l&#8217;exposition industrielle.<\/p>\n<p>Pour en savoir plus sur cette manifestation : <a href=\"https:\/\/siga-fsia.ch\/sigafsia\/anaesthesiekongress.html\">https:\/\/siga-fsia.ch\/sigafsia\/anaesthesiekongress.html<\/a><\/p>\n\t\t\t\t\t<a href=\"#\" id=\"fl-accordion--label-3\" tabindex=\"0\" aria-controls=\"fl-accordion--panel-3\">9 mai 2023 &#8211; R\u00e9union annuelle de l&#8217;effondrement de la SSN<\/a>\n\t\t\t\t\t\t\t\t\t\t\t<a href=\"#\" id=\"fl-accordion--icon-3\" tabindex=\"0\" aria-controls=\"fl-accordion--panel-3\"><i>Expand<\/i><\/a>\n\t\t\t\t\t<p>La r\u00e9union annuelle 2023 de la Soci\u00e9t\u00e9 suisse de n\u00e9onatologie aura lieu le 9 mai 2023 au Kultur- und Kongresshaus d&#8217;Aarau et sera intitul\u00e9e &#8220;Medical Education and Common Cardiovascular Issues in Neonatology&#8221;. Les jeunes p\u00e9diatres et n\u00e9onatologues sont cordialement invit\u00e9s \u00e0 y participer activement et \u00e0 y pr\u00e9senter leurs recherches.<\/p>\nEn savoir plus:<br \/>\n<a href=\"https:\/\/www.meeting-com.ch\/en\/conferences-meetings\/event-details\/events\/annual-meeting-of-the-swiss-society-of-neonatology-5\/\">https:\/\/www.meeting-com.ch\/en\/conferences-meetings\/event-details\/events\/annual-meeting-of-the-swiss-society-of-neonatology-5\/<\/a>\n\t\t\t\t\t<a href=\"#\" id=\"fl-accordion--label-4\" tabindex=\"0\" aria-controls=\"fl-accordion--panel-4\">6\/7 juin 2023 &#8211; Congr\u00e8s suisse de m\u00e9decine d&#8217;urgence &#8211; Fribourg<\/a>\n\t\t\t\t\t\t\t\t\t\t\t<a href=\"#\" id=\"fl-accordion--icon-4\" tabindex=\"0\" aria-controls=\"fl-accordion--panel-4\"><i>Expand<\/i><\/a>\n\t\t\t\t\t<p>Depuis longtemps, le Symposium suisse d&#8217;urgence et le Forum du sauvetage ont lieu en alternance tous les deux ans &#8211; des \u00e9v\u00e9nements dont on ne peut plus se passer. Les ann\u00e9es d&#8217;\u00e9troite collaboration entre les organisations Swiss Paramedic Association, SGNOR et IAS ont conduit \u00e0 la tenue d&#8217;une table ronde sur l&#8217;avenir de ces deux manifestations. Il a \u00e9t\u00e9 d\u00e9cid\u00e9 \u00e0 cette occasion de r\u00e9unir les manifestations et de les lancer \u00e0 partir de 2015 sous le nouveau nom de &#8220;Congr\u00e8s suisse de m\u00e9decine d&#8217;urgence&#8221;.<\/p>\nEn savoir plus:<br \/>\n<a href=\"https:\/\/www.emergmed.bbscongress.ch\/\">https:\/\/www.emergmed.bbscongress.ch\/<\/a>\n\t\t\t\t\t<a href=\"#\" id=\"fl-accordion--label-5\" tabindex=\"0\" aria-controls=\"fl-accordion--panel-5\">20 juin 2023 &#8211; Congr\u00e8s Inluks &#8220;Quer durchs Hirn&#8221; &#8211; KKL Luzern<\/a>\n\t\t\t\t\t\t\t\t\t\t\t<a href=\"#\" id=\"fl-accordion--icon-5\" tabindex=\"0\" aria-controls=\"fl-accordion--panel-5\"><i>Expand<\/i><\/a>\n\t\t\t\t\t<p>Nous avons le grand plaisir de vous inviter au 5e congr\u00e8s INluks qui se tiendra le 20 juin 2023 dans l&#8217;auditorium du KKL Luzern.<\/p>\nLe D\u00e9partement de m\u00e9decine clinique transversale, cr\u00e9\u00e9 en ao\u00fbt 2020, accueillera cette manifestation interprofessionnelle avec ses cinq domaines : anesth\u00e9sie, m\u00e9decine intensive, m\u00e9decine d&#8217;urgence, gestion du bloc op\u00e9ratoire et m\u00e9decine de sauvetage. Le d\u00e9partement se caract\u00e9rise par de courtes distances entre les domaines et par sa gestion duale du c\u00f4t\u00e9 des m\u00e9decins et des infirmiers.<br \/>\nLe d\u00e9partement organise le deuxi\u00e8me congr\u00e8s dans cette constellation sur le th\u00e8me &#8220;Quer durchs Hirn&#8221;. Chacun des cinq domaines aborde le cerveau de son point de vue. En raison de sa gestion duale, le d\u00e9partement de m\u00e9decine clinique transversale s&#8217;adresse avec ce congr\u00e8s aux groupes cibles suivants : M\u00e9decins, infirmi\u00e8res et infirmiers, sp\u00e9cialistes du sauvetage (ambulanciers\/dispositifs d&#8217;intervention), sp\u00e9cialistes de la salle d&#8217;op\u00e9ration et autres sp\u00e9cialistes int\u00e9ress\u00e9s.\n<p>Le congr\u00e8s INluks est aujourd&#8217;hui et sera demain synonyme d&#8217;interprofessionnalit\u00e9. Outre des expos\u00e9s sp\u00e9cialis\u00e9s tr\u00e8s int\u00e9ressants, le transfert de savoir-faire et l&#8217;\u00e9change d&#8217;exp\u00e9riences sur les \u00e9volutions actuelles et pr\u00e9visibles dans les domaines de l&#8217;anesth\u00e9sie, des soins intensifs et de la m\u00e9decine d&#8217;urgence, de la gestion des blocs op\u00e9ratoires et de la m\u00e9decine de sauvetage sont au c\u0153ur des d\u00e9bats. Le congr\u00e8s offre en outre la possibilit\u00e9 d&#8217;entretenir une plateforme de r\u00e9seau interprofessionnelle nationale attrayante.<\/p>\nEn savoir plus:<br \/>\n<a href=\"https:\/\/www.luks.ch\/sites\/default\/files\/2023-01\/inluks_2023_programm_18.01.2023.pdf\">https:\/\/www.luks.ch\/sites\/default\/files\/2023-01\/inluks_2023_programm_18.01.2023.pdf<\/a>\n\t\t\t\t\t<a href=\"#\" id=\"fl-accordion--label-6\" tabindex=\"0\" aria-controls=\"fl-accordion--panel-6\">2-4 novembre 2023 &#8211; SwissAnaesthesia &#8211; Beaulieu Lausanne<\/a>\n\t\t\t\t\t\t\t\t\t\t\t<a href=\"#\" id=\"fl-accordion--icon-6\" tabindex=\"0\" aria-controls=\"fl-accordion--panel-6\"><i>Expand<\/i><\/a>\n<h3>\n\t\t\u00c9v\u00e9nements pass\u00e9s\n\t<\/h3>\n\t\t\t\t\t<a href=\"#\" id=\"fl-accordion--label-0\" tabindex=\"0\" aria-controls=\"fl-accordion--panel-0\">23 janvier 2023 &#8211; Symposium bernois sur les soins d&#8217;anesth\u00e9sie (BAPS), Insel Berne<\/a>\n\t\t\t\t\t\t\t\t\t\t\t<a href=\"#\" id=\"fl-accordion--icon-0\" tabindex=\"0\" aria-controls=\"fl-accordion--panel-0\"><i>Expand<\/i><\/a>\n\t\t\t\t\t<ul>\n<li>Symposium bernois des soins d&#8217;anesth\u00e9sie (BAPS)<\/li>\n<li>Samedi 28 janvier 2023, 09.00 \u00e0 15.00 heures<\/li>\n<li>Auditorium Ettore Rossi, Clinique p\u00e9diatrique, H\u00f4pital de l&#8217;\u00cele, Berne<\/li>\n<\/ul>\n<p><strong>Golden Age &#8211; l&#8217;art de la conduite de l&#8217;anesth\u00e9sie g\u00e9riatrique<\/strong><\/p>\n<p>Ch\u00e8res et chers coll\u00e8gues<\/p>\n<p>Apr\u00e8s la pause pand\u00e9mique, nous sommes de retour avec un programme BAPS 2023 passionnant. Certes, nous renon\u00e7ons encore \u00e0 organiser des ateliers, mais nous pr\u00e9voyons de reprendre en 2024 ce format qui a fait ses preuves.<\/p>\n<p>La pyramide des \u00e2ges de la Suisse le montre clairement : la part des personnes \u00e2g\u00e9es augmente ! Selon l&#8217;Office f\u00e9d\u00e9ral de la statistique, l&#8217;allongement de l&#8217;esp\u00e9rance de vie, le faible taux de natalit\u00e9 et l&#8217;arriv\u00e9e \u00e0 la retraite de la g\u00e9n\u00e9ration du baby-boom vont encore accentuer ce ph\u00e9nom\u00e8ne au cours des prochaines ann\u00e9es. Dans ce contexte, pr\u00e8s de la moiti\u00e9 des personnes \u00e2g\u00e9es de 55 ans et plus et deux tiers des personnes \u00e2g\u00e9es de 75 ans et plus souffrent d&#8217;au moins une maladie chronique.<\/p>\n<p>Ces faits nous ont incit\u00e9s \u00e0 consacrer un BAPS \u00e0 la g\u00e9n\u00e9ration des a\u00een\u00e9s et \u00e0 nous pencher sur la conduite de l&#8217;anesth\u00e9sie de nos patient(e)s &#8220;Golden Age&#8221;, qui se retrouveront peut-\u00eatre chez nous en pr\u00e9paration \u00e0 l&#8217;anesth\u00e9sie apr\u00e8s une chute de v\u00e9lo \u00e9lectrique ou un choc d\u00e9lirant \u00e0 la t\u00eate.<\/p>\n<p>R\u00e9jouissez-vous de cette journ\u00e9e de conf\u00e9rences passionnantes et de retrouver vos coll\u00e8gues !<\/p>\n<p>Caterina Gutersohn, responsable de la formation professionnelle AIN<\/p>\n<p>Pour en savoir plus sur cet \u00e9v\u00e9nement : <a href=\"http:\/\/www.anaesthesiologie.insel.ch\/de\/unser-angebot\/fortbildung\/symposien\/berner-anaesthesie-pflege-symposium\">http:\/\/www.anaesthesiologie.insel.ch\/de\/unser-angebot\/fortbildung\/symposien\/berner-anaesthesie-pflege-symposium<\/a><\/p>\n\t\t\t\t\t<a href=\"#\" id=\"fl-accordion--label-1\" tabindex=\"0\" aria-controls=\"fl-accordion--panel-1\">3-5 novembre 2022 &#8211; Congr\u00e8s annuel SSAR Swiss Anaesthesia 2022, Kursaal Interlaken<\/a>\n\t\t\t\t\t\t\t\t\t\t\t<a href=\"#\" id=\"fl-accordion--icon-1\" tabindex=\"0\" aria-controls=\"fl-accordion--panel-1\"><i>Expand<\/i><\/a>\n\t\t\t\t\t<p><img decoding=\"async\" src=\"http:\/\/www.mk-med.ch\/wordpress\/wp-content\/uploads\/2022\/03\/Flyer-2022_1_JPG-211x300.jpg\" alt=\"\" width=\"211\" height=\"300\" \/><\/p>\n<p>Mehr zu dieser Veranstaltung: <a href=\"https:\/\/www.swissanaesthesia.ch\/\">https:\/\/www.swissanaesthesia.ch\/\u00a0<\/a><\/p>\n\n","protected":false},"excerpt":{"rendered":"<p>\u00c9v\u00e9nements &amp; foires Notre calendrier d&#8217;\u00e9v\u00e9nements 10\/11 mars 2023 &#8211; 30 ans de soins d&#8217;urgence Congr\u00e8s anniversaire &#8211; Kursaal Interlaken Expand Le congr\u00e8s anniversaire de Soins d&#8217;urgence Suisse se d\u00e9roulera pendant deux jours \u00e0 Interlaken et proposera aux participants un programme vari\u00e9 et sp\u00e9cialis\u00e9. Des repr\u00e9sentants d&#8217;organisations partenaires et un programme de soir\u00e9e attrayant compl\u00e8teront [&hellip;]<\/p>\n","protected":false},"author":1,"featured_media":0,"parent":0,"menu_order":0,"comment_status":"closed","ping_status":"closed","template":"","meta":{"site-sidebar-layout":"no-sidebar","site-content-layout":"page-builder","ast-site-content-layout":"default","site-content-style":"default","site-sidebar-style":"default","ast-global-header-display":"","ast-banner-title-visibility":"","ast-main-header-display":"","ast-hfb-above-header-display":"","ast-hfb-below-header-display":"","ast-hfb-mobile-header-display":"","site-post-title":"disabled","ast-breadcrumbs-content":"","ast-featured-img":"disabled","footer-sml-layout":"","ast-disable-related-posts":"","theme-transparent-header-meta":"default","adv-header-id-meta":"","stick-header-meta":"default","header-above-stick-meta":"","header-main-stick-meta":"","header-below-stick-meta":"","astra-migrate-meta-layouts":"default","ast-page-background-enabled":"default","ast-page-background-meta":{"desktop":{"background-color":"","background-image":"","background-repeat":"repeat","background-position":"center center","background-size":"auto","background-attachment":"scroll","background-type":"","background-media":"","overlay-type":"","overlay-color":"","overlay-opacity":"","overlay-gradient":""},"tablet":{"background-color":"","background-image":"","background-repeat":"repeat","background-position":"center center","background-size":"auto","background-attachment":"scroll","background-type":"","background-media":"","overlay-type":"","overlay-color":"","overlay-opacity":"","overlay-gradient":""},"mobile":{"background-color":"","background-image":"","background-repeat":"repeat","background-position":"center center","background-size":"auto","background-attachment":"scroll","background-type":"","background-media":"","overlay-type":"","overlay-color":"","overlay-opacity":"","overlay-gradient":""}},"ast-content-background-meta":{"desktop":{"background-color":"var(--ast-global-color-5)","background-image":"","background-repeat":"repeat","background-position":"center center","background-size":"auto","background-attachment":"scroll","background-type":"","background-media":"","overlay-type":"","overlay-color":"","overlay-opacity":"","overlay-gradient":""},"tablet":{"background-color":"var(--ast-global-color-5)","background-image":"","background-repeat":"repeat","background-position":"center center","background-size":"auto","background-attachment":"scroll","background-type":"","background-media":"","overlay-type":"","overlay-color":"","overlay-opacity":"","overlay-gradient":""},"mobile":{"background-color":"var(--ast-global-color-5)","background-image":"","background-repeat":"repeat","background-position":"center center","background-size":"auto","background-attachment":"scroll","background-type":"","background-media":"","overlay-type":"","overlay-color":"","overlay-opacity":"","overlay-gradient":""}},"footnotes":""},"class_list":["post-10560","page","type-page","status-publish","hentry"],"aioseo_notices":[],"_links":{"self":[{"href":"https:\/\/www.mk-med.ch\/fr\/wp-json\/wp\/v2\/pages\/10560","targetHints":{"allow":["GET"]}}],"collection":[{"href":"https:\/\/www.mk-med.ch\/fr\/wp-json\/wp\/v2\/pages"}],"about":[{"href":"https:\/\/www.mk-med.ch\/fr\/wp-json\/wp\/v2\/types\/page"}],"author":[{"embeddable":true,"href":"https:\/\/www.mk-med.ch\/fr\/wp-json\/wp\/v2\/users\/1"}],"replies":[{"embeddable":true,"href":"https:\/\/www.mk-med.ch\/fr\/wp-json\/wp\/v2\/comments?post=10560"}],"version-history":[{"count":8,"href":"https:\/\/www.mk-med.ch\/fr\/wp-json\/wp\/v2\/pages\/10560\/revisions"}],"predecessor-version":[{"id":11155,"href":"https:\/\/www.mk-med.ch\/fr\/wp-json\/wp\/v2\/pages\/10560\/revisions\/11155"}],"wp:attachment":[{"href":"https:\/\/www.mk-med.ch\/fr\/wp-json\/wp\/v2\/media?parent=10560"}],"curies":[{"name":"wp","href":"https:\/\/api.w.org\/{rel}","templated":true}]}}