{"id":10555,"date":"2018-04-08T18:34:12","date_gmt":"2018-04-08T16:34:12","guid":{"rendered":"https:\/\/www.mk-med.ch\/geschichte\/"},"modified":"2025-12-11T11:55:00","modified_gmt":"2025-12-11T10:55:00","slug":"notre-histoire","status":"publish","type":"page","link":"https:\/\/www.mk-med.ch\/fr\/notre-histoire\/","title":{"rendered":"Notre histoire"},"content":{"rendered":"\n\n\t<h1>MK-MED et son histoire<\/h1>\n\t<p>La soci\u00e9t\u00e9 a \u00e9t\u00e9 fond\u00e9e en 1998 par Manfred Kinnast \u00e0 Rarogne. En juillet 2007, l&#8217;entreprise individuelle est devenue une SA. Nous employons actuellement 23 personnes dans l&#8217;administration, la force de vente, la logistique et la technique m\u00e9dicale. Notre \u00e9quipe a de nombreuses ann\u00e9es d&#8217;exp\u00e9rience m\u00e9dicale dans le domaine clinique.<\/p>\n<p>Notre gamme polyvalente et innovante dans les domaines de l&#8217;anesth\u00e9sie, des soins intensifs, de la n\u00e9onatalogie et de la m\u00e9decine d&#8217;urgence apporte des r\u00e9ponses \u00e0 la m\u00e9decine de pointe. Notre syst\u00e8me de gestion de la qualit\u00e9 est conforme aux exigences de la norme ISO 13485 et fait l&#8217;objet d&#8217;audits externes. Conform\u00e9ment au MDR, les distributeurs et importateurs ne sont soumis \u00e0 aucune obligation de certification. Ils sont uniquement tenus de mettre en place un syst\u00e8me de gestion de la qualit\u00e9.<\/p>\n<p>Nous sommes tourn\u00e9s vers l&#8217;utilisateur pour r\u00e9pondre \u00e0 ses besoins et vers l&#8217;adaptabilit\u00e9 de nos produits; c&#8217;est pr\u00e9cis\u00e9ment l\u00e0 que r\u00e9side l&#8217;avantage pour vous et votre clinique. Nous vous conseillons volontiers par t\u00e9l\u00e9phone ou sur place.<\/p>\n\t<h3>MK-MED est le distributeur exclusif des entreprises suivantes:<\/h3>\n\t<ul>\n<li>Intersurgical &#8211; produits respiratoires tels que les masques respiratoires et tuyaux d&#8217;aspiration.<\/li>\n<li>STARMED &#8211; Heaumes CPAP<\/li>\n<li>Leventon &#8211; Dosi-Flow et spirom\u00e9trie<\/li>\n<li>Serres &#8211; Syst\u00e8mes d&#8217;aspiration pour patients<\/li>\n<li>Plastomed &#8211; Tuyaux d&#8217;aspiration et d&#8217;insufflation<\/li>\n<li>Medical Innovation &#8211; Produits pour la n\u00e9onatalogie<\/li>\n<li>KanMed &#8211; Couveuses<\/li>\n<li>X-Cen-Tek &#8211; Sacs \u00e0 dos d&#8217;urgence et sacs d&#8217;urgence<\/li>\n<li>Redax &#8211; Syst\u00e8mes de drainage<\/li>\n<li>Biometrix &#8211; Urimetrix, programmes de drainage urinaire<\/li>\n<li>AirLife- Trach Care &amp; Microcuff &amp; Kim Vent 24<\/li>\n<li>Prodol &#8211; Laryngoscopes optiques<\/li>\n<li>Waterjel &#8211; Br\u00fblures<\/li>\n<li>GS Elektromedizinische Ger\u00e4teaux Stemple GmbH &#8211; Corpuls<\/li>\n<\/ul>\n\t<h3>Distributeur partenaire des entreprises suivantes:<\/h3>\n\t<ul>\n<li>VBM &#8211; Tubes laryng\u00e9s<\/li>\n<li>Servoprax &#8211; Mat\u00e9riel d&#8217;urgence<\/li>\n<\/ul>\n<br \/>\nMK-MED se r\u00e9jouit de pouvoir vous aider.<br \/>\n\n\n","protected":false},"excerpt":{"rendered":"<p>MK-MED et son histoire La soci\u00e9t\u00e9 a \u00e9t\u00e9 fond\u00e9e en 1998 par Manfred Kinnast \u00e0 Rarogne. En juillet 2007, l&#8217;entreprise individuelle est devenue une SA. Nous employons actuellement 23 personnes dans l&#8217;administration, la force de vente, la logistique et la technique m\u00e9dicale. Notre \u00e9quipe a de nombreuses ann\u00e9es d&#8217;exp\u00e9rience m\u00e9dicale dans le domaine clinique. Notre [&hellip;]<\/p>\n","protected":false},"author":1,"featured_media":0,"parent":0,"menu_order":0,"comment_status":"closed","ping_status":"closed","template":"","meta":{"site-sidebar-layout":"no-sidebar","site-content-layout":"page-builder","ast-site-content-layout":"default","site-content-style":"default","site-sidebar-style":"default","ast-global-header-display":"","ast-banner-title-visibility":"","ast-main-header-display":"","ast-hfb-above-header-display":"","ast-hfb-below-header-display":"","ast-hfb-mobile-header-display":"","site-post-title":"disabled","ast-breadcrumbs-content":"","ast-featured-img":"disabled","footer-sml-layout":"","ast-disable-related-posts":"","theme-transparent-header-meta":"default","adv-header-id-meta":"","stick-header-meta":"default","header-above-stick-meta":"","header-main-stick-meta":"","header-below-stick-meta":"","astra-migrate-meta-layouts":"default","ast-page-background-enabled":"default","ast-page-background-meta":{"desktop":{"background-color":"","background-image":"","background-repeat":"repeat","background-position":"center center","background-size":"auto","background-attachment":"scroll","background-type":"","background-media":"","overlay-type":"","overlay-color":"","overlay-opacity":"","overlay-gradient":""},"tablet":{"background-color":"","background-image":"","background-repeat":"repeat","background-position":"center center","background-size":"auto","background-attachment":"scroll","background-type":"","background-media":"","overlay-type":"","overlay-color":"","overlay-opacity":"","overlay-gradient":""},"mobile":{"background-color":"","background-image":"","background-repeat":"repeat","background-position":"center center","background-size":"auto","background-attachment":"scroll","background-type":"","background-media":"","overlay-type":"","overlay-color":"","overlay-opacity":"","overlay-gradient":""}},"ast-content-background-meta":{"desktop":{"background-color":"var(--ast-global-color-5)","background-image":"","background-repeat":"repeat","background-position":"center center","background-size":"auto","background-attachment":"scroll","background-type":"","background-media":"","overlay-type":"","overlay-color":"","overlay-opacity":"","overlay-gradient":""},"tablet":{"background-color":"var(--ast-global-color-5)","background-image":"","background-repeat":"repeat","background-position":"center center","background-size":"auto","background-attachment":"scroll","background-type":"","background-media":"","overlay-type":"","overlay-color":"","overlay-opacity":"","overlay-gradient":""},"mobile":{"background-color":"var(--ast-global-color-5)","background-image":"","background-repeat":"repeat","background-position":"center center","background-size":"auto","background-attachment":"scroll","background-type":"","background-media":"","overlay-type":"","overlay-color":"","overlay-opacity":"","overlay-gradient":""}},"footnotes":""},"class_list":["post-10555","page","type-page","status-publish","hentry"],"aioseo_notices":[],"_links":{"self":[{"href":"https:\/\/www.mk-med.ch\/fr\/wp-json\/wp\/v2\/pages\/10555","targetHints":{"allow":["GET"]}}],"collection":[{"href":"https:\/\/www.mk-med.ch\/fr\/wp-json\/wp\/v2\/pages"}],"about":[{"href":"https:\/\/www.mk-med.ch\/fr\/wp-json\/wp\/v2\/types\/page"}],"author":[{"embeddable":true,"href":"https:\/\/www.mk-med.ch\/fr\/wp-json\/wp\/v2\/users\/1"}],"replies":[{"embeddable":true,"href":"https:\/\/www.mk-med.ch\/fr\/wp-json\/wp\/v2\/comments?post=10555"}],"version-history":[{"count":4,"href":"https:\/\/www.mk-med.ch\/fr\/wp-json\/wp\/v2\/pages\/10555\/revisions"}],"predecessor-version":[{"id":12085,"href":"https:\/\/www.mk-med.ch\/fr\/wp-json\/wp\/v2\/pages\/10555\/revisions\/12085"}],"wp:attachment":[{"href":"https:\/\/www.mk-med.ch\/fr\/wp-json\/wp\/v2\/media?parent=10555"}],"curies":[{"name":"wp","href":"https:\/\/api.w.org\/{rel}","templated":true}]}}