{"id":10545,"date":"2018-04-08T18:33:20","date_gmt":"2018-04-08T16:33:20","guid":{"rendered":"https:\/\/www.mk-med.ch\/unser-team\/"},"modified":"2026-05-01T14:00:18","modified_gmt":"2026-05-01T12:00:18","slug":"notre-equipe","status":"publish","type":"page","link":"https:\/\/www.mk-med.ch\/fr\/notre-equipe\/","title":{"rendered":"Notre \u00e9quipe"},"content":{"rendered":"\n<h1>\n\t\t\tNotre \u00e9quipe\t<\/h1>\n\t<h3>Conseil d&#8217;administration<\/h3>\n<figure itemscope itemtype=\"https:\/\/schema.org\/ImageObject\">\n\t\t\t\t<img decoding=\"async\" src=\"http:\/\/www.mk-med.ch\/wordpress\/wp-content\/uploads\/2023\/11\/8-ManfredBildgeschichten_MK-MED-TEAMbBildgeschichten_MK-MED-TEAMBildgeschichten_MK-MED-TEAMmodern-09_100-200x300.png\" alt=\"8 - ManfredBildgeschichten_MK-MED-TEAMbBildgeschichten_MK-MED-TEAMBildgeschichten_MK-MED-TEAMmodern 09_100\" title=\"8 - ManfredBildgeschichten_MK-MED-TEAMbBildgeschichten_MK-MED-TEAMBildgeschichten_MK-MED-TEAMmodern 09_100\" onerror=\"this.style.display='none'\" loading=\"lazy\" \/>\n\t<\/figure>\n<h2>\n\t\t\tManfred Kinnast\t<\/h2>\n<h2>\n\t\t\tPr\u00e9sident du Conseil d&#8217;administration | Propri\u00e9taire de l&#8217;entreprise\t<\/h2>\n\t<p>E-Mail: <a href=\"mailto:mk@mk-med.ch\">mk@mk-med.ch<\/a><\/p>\n<figure itemscope itemtype=\"https:\/\/schema.org\/ImageObject\">\n\t\t\t\t<img decoding=\"async\" src=\"http:\/\/www.mk-med.ch\/wordpress\/wp-content\/uploads\/2023\/11\/19-UschiBildgeschichten_MK-MED-TEAMbBildgeschichten_MK-MED-TEAMBildgeschichten_MK-MED-TEAMmodern-09_100-200x300.png\" alt=\"19 - UschiBildgeschichten_MK-MED-TEAMbBildgeschichten_MK-MED-TEAMBildgeschichten_MK-MED-TEAMmodern 09_100\" title=\"19 - UschiBildgeschichten_MK-MED-TEAMbBildgeschichten_MK-MED-TEAMBildgeschichten_MK-MED-TEAMmodern 09_100\" onerror=\"this.style.display='none'\" loading=\"lazy\" \/>\n\t\t\t\t\t\t\n\t<\/figure>\n<h2>\n\t\t\tUschi Kinnast\t<\/h2>\n<h2>\n\t\t\tPr\u00e9sidente du Conseil d&#8217;administration | Propri\u00e9taire de l&#8217;entreprise\t<\/h2>\n\t<h3>Direction<\/h3>\n<figure itemscope itemtype=\"https:\/\/schema.org\/ImageObject\">\n\t\t\t\t<img decoding=\"async\" src=\"http:\/\/www.mk-med.ch\/wordpress\/wp-content\/uploads\/2025\/09\/DSC1636MK-MED_TEAM-MODERN09_100WEB_8web-ausschnitt-angepasst-200x300.jpg\" alt=\"_DSC1636MK-MED_TEAM MODERN09_100WEB_8web ausschnitt angepasst\" title=\"_DSC1636MK-MED_TEAM MODERN09_100WEB_8web ausschnitt angepasst\" onerror=\"this.style.display='none'\" loading=\"lazy\" \/>\n\t\t\t\t\t\t\n\t<\/figure>\n<h2>\n\t\t\tLuc Lauwiner\t<\/h2>\n<h2>\n\t\t\tCEO Directeur g\u00e9n\u00e9ral\t<\/h2>\n\t<p>E-Mail: <a href=\"mailto:ll@mk-med.ch\">ll@mk-med.ch<\/a><\/p>\n<figure itemscope itemtype=\"https:\/\/schema.org\/ImageObject\">\n\t\t\t\t<img decoding=\"async\" src=\"http:\/\/www.mk-med.ch\/wordpress\/wp-content\/uploads\/2023\/11\/29-DominikBildgeschichten_MK-MED-TEAMBildgeschichten_MK-MED-TEAMBildgeschichten_MK-MED-TEAMmodern-09_100-200x300.png\" alt=\"29 - DominikBildgeschichten_MK-MED-TEAMBildgeschichten_MK-MED-TEAMBildgeschichten_MK-MED-TEAMmodern 09_100\" title=\"29 - DominikBildgeschichten_MK-MED-TEAMBildgeschichten_MK-MED-TEAMBildgeschichten_MK-MED-TEAMmodern 09_100\" onerror=\"this.style.display='none'\" loading=\"lazy\" \/>\n\t\t\t\t\t\t\n\t<\/figure>\n<h2>\n\t\t\tDominik Partel\t<\/h2>\n<h2>\n\t\t\tCTO Directeur technique\t<\/h2>\n\t<p>E-Mail: <a href=\"mailto:dp@mk-med.ch\">dp@mk-med.ch<\/a><\/p>\n<figure itemscope itemtype=\"https:\/\/schema.org\/ImageObject\">\n\t\t\t\t<img decoding=\"async\" src=\"http:\/\/www.mk-med.ch\/wordpress\/wp-content\/uploads\/2023\/11\/24-JuliaBildgeschichten_MK-MED-TEAMBildgeschichten_MK-MED-TEAMBildgeschichten_MK-MED-TEAMmodern-09_100-200x300.png\" alt=\"24 - JuliaBildgeschichten_MK-MED-TEAMBildgeschichten_MK-MED-TEAMBildgeschichten_MK-MED-TEAMmodern 09_100\" title=\"24 - JuliaBildgeschichten_MK-MED-TEAMBildgeschichten_MK-MED-TEAMBildgeschichten_MK-MED-TEAMmodern 09_100\" onerror=\"this.style.display='none'\" loading=\"lazy\" \/>\n\t\t\t\t\t\t\n\t<\/figure>\n<h2>\n\t\t\tJulia Kinnast\t<\/h2>\n<h2>\n\t\t\tCFO &#038; Head of Regulatory Affairs\t<\/h2>\n\t<p>E-Mail: <a href=\"mailto:jk@mk-med.ch\">jk@mk-med.ch<\/a><\/p>\n<figure itemscope itemtype=\"https:\/\/schema.org\/ImageObject\">\n\t\t\t\t<img decoding=\"async\" src=\"http:\/\/www.mk-med.ch\/wordpress\/wp-content\/uploads\/2025\/03\/61-Feli_bwebausschnittangepasst-200x300.jpg\" alt=\"61 - Feli_bwebausschnittangepasst\" title=\"61 - Feli_bwebausschnittangepasst\" onerror=\"this.style.display='none'\" loading=\"lazy\" \/>\n\t\t\t\t\t\t\n\t<\/figure>\n<h2>\n\t\t\tFelicitas Perren-Kinnast\t<\/h2>\n<h2>\n\t\t\tProduct management &#038; Membre de la direction\t<\/h2>\n\t<p>E-Mail: <a href=\"mailto:fp@mk-med.ch\">fp@mk-med.ch<\/a><\/p>\n\t<h3>Force de vente<\/h3>\n<figure itemscope itemtype=\"https:\/\/schema.org\/ImageObject\">\n\t\t\t\t<img decoding=\"async\" src=\"http:\/\/www.mk-med.ch\/wordpress\/wp-content\/uploads\/2023\/11\/3-RomanBildgeschichten_MK-MED-TEAMbBildgeschichten_MK-MED-TEAMBildgeschichten_MK-MED-TEAMmodern-09_100-200x300.png\" alt=\"3 - RomanBildgeschichten_MK-MED-TEAMbBildgeschichten_MK-MED-TEAMBildgeschichten_MK-MED-TEAMmodern 09_100\" title=\"3 - RomanBildgeschichten_MK-MED-TEAMbBildgeschichten_MK-MED-TEAMBildgeschichten_MK-MED-TEAMmodern 09_100\" onerror=\"this.style.display='none'\" loading=\"lazy\" \/>\n\t\t\t\t\t\t\n\t<\/figure>\n<h2>\n\t\t\tRoman R\u00fcesch\t<\/h2>\n<h2>\n\t\t\tConseiller en dispositifs m\u00e9dicaux\t<\/h2>\n\t<p>E-Mail: <a href=\"mailto:rr@mk-med.ch\">rr@mk-med.ch<\/a><\/p>\n<figure itemscope itemtype=\"https:\/\/schema.org\/ImageObject\">\n\t\t\t\t<img decoding=\"async\" src=\"http:\/\/www.mk-med.ch\/wordpress\/wp-content\/uploads\/2023\/11\/10-KevinBildgeschichten_MK-MED-TEAMBildgeschichten_MK-MED-TEAMBildgeschichten_MK-MED-TEAMmodern-09_100-200x300.png\" alt=\"10 - KevinBildgeschichten_MK-MED-TEAMBildgeschichten_MK-MED-TEAMBildgeschichten_MK-MED-TEAMmodern 09_100\" title=\"10 - KevinBildgeschichten_MK-MED-TEAMBildgeschichten_MK-MED-TEAMBildgeschichten_MK-MED-TEAMmodern 09_100\" onerror=\"this.style.display='none'\" loading=\"lazy\" \/>\n\t\t\t\t\t\t\n\t<\/figure>\n<h2>\n\t\t\tKevin Spence\t<\/h2>\n<h2>\n\t\t\tResponsable\/sp\u00e9cialiste produits corpuls  \t<\/h2>\n\t<p>E-Mail: <a href=\"mailto:ks@mk-med.ch\">ks@mk-med.ch<\/a><\/p>\n<figure itemscope itemtype=\"https:\/\/schema.org\/ImageObject\">\n\t\t\t\t<img decoding=\"async\" src=\"http:\/\/www.mk-med.ch\/wordpress\/wp-content\/uploads\/2023\/11\/28-ChristopheBildgeschichten_MK-MED-TEAMBildgeschichten_MK-MED-TEAMBildgeschichten_MK-MED-TEAMmodern-09_100-200x300.png\" alt=\"28 - ChristopheBildgeschichten_MK-MED-TEAMBildgeschichten_MK-MED-TEAMBildgeschichten_MK-MED-TEAMmodern 09_100\" title=\"28 - ChristopheBildgeschichten_MK-MED-TEAMBildgeschichten_MK-MED-TEAMBildgeschichten_MK-MED-TEAMmodern 09_100\" onerror=\"this.style.display='none'\" loading=\"lazy\" \/>\n\t\t\t\t\t\t\n\t<\/figure>\n<h2>\n\t\t\tChristophe Boehi\t<\/h2>\n<h2>\n\t\t\tConseiller en dispositifs m\u00e9dicaux\t<\/h2>\n\t<p>E-Mail: <a href=\"mailto:cb@mk-med.ch\">cb@mk-med.ch<\/a><\/p>\n<figure itemscope itemtype=\"https:\/\/schema.org\/ImageObject\">\n\t\t\t\t<img decoding=\"async\" src=\"http:\/\/www.mk-med.ch\/wordpress\/wp-content\/uploads\/2024\/10\/33.1-KurtBildgeschichtenMK_MED_TEAMBzuschnitt-WEB-200x300.jpg\" alt=\"33.1 - KurtBildgeschichtenMK_MED_TEAMBzuschnitt WEB\" title=\"33.1 - KurtBildgeschichtenMK_MED_TEAMBzuschnitt WEB\" onerror=\"this.style.display='none'\" loading=\"lazy\" \/>\n\t\t\t\t\t\t\n\t<\/figure>\n<h2>\n\t\t\tKurt Meierhofer\t<\/h2>\n<h2>\n\t\t\tConseiller en dispositifs m\u00e9dicaux\t<\/h2>\n\t<p>E-Mail: <a href=\"mailto:km@mk-med.ch\">km@mk-med.ch<\/a><\/p>\n<figure itemscope itemtype=\"https:\/\/schema.org\/ImageObject\">\n\t\t\t\t<img decoding=\"async\" src=\"http:\/\/www.mk-med.ch\/wordpress\/wp-content\/uploads\/2026\/05\/74-PriskaBildgeschichtenMK-MED_TEAMBzuschnitt-WEB-200x300.jpg\" alt=\"74 - PriskaBildgeschichtenMK-MED_TEAMBzuschnitt WEB\" title=\"74 - PriskaBildgeschichtenMK-MED_TEAMBzuschnitt WEB\" onerror=\"this.style.display='none'\" loading=\"lazy\" \/>\n\t\t\t\t\t\t\n\t<\/figure>\n<h2>\n\t\t\tPriska Spycher\t<\/h2>\n<h2>\n\t\t\tConseill\u00e8re en dispositifs m\u00e9dicaux\t<\/h2>\n\t<p>E-Mail: <a href=\"mailto:cb@mk-med.ch\">ps@mk-med.ch<\/a><\/p>\n\t<h3>Technologie m\u00e9dicale<\/h3>\n<figure itemscope itemtype=\"https:\/\/schema.org\/ImageObject\">\n\t\t\t\t<img decoding=\"async\" src=\"http:\/\/www.mk-med.ch\/wordpress\/wp-content\/uploads\/2023\/11\/1-SteveBildgeschichten_MK-MED-TEAMBildgeschichten_MK-MED-TEAMbBildgeschichten_MK-MED-TEAMmodern-09_100-200x300.png\" alt=\"1 - SteveBildgeschichten_MK-MED-TEAMBildgeschichten_MK-MED-TEAMbBildgeschichten_MK-MED-TEAMmodern 09_100\" title=\"1 - SteveBildgeschichten_MK-MED-TEAMBildgeschichten_MK-MED-TEAMbBildgeschichten_MK-MED-TEAMmodern 09_100\" onerror=\"this.style.display='none'\" loading=\"lazy\" \/>\n\t\t\t\t\t\t\n\t<\/figure>\n<h2>\n\t\t\tSteve Schwab\t<\/h2>\n<h2>\n\t\t\tTechnicien m\u00e9dical HF\t<\/h2>\n\t<p>E-Mail: <a href=\"mailto:ssch@mk-med.ch\">ssch@mk-med.ch<\/a><\/p>\n<figure itemscope itemtype=\"https:\/\/schema.org\/ImageObject\">\n\t\t\t\t<img decoding=\"async\" src=\"http:\/\/www.mk-med.ch\/wordpress\/wp-content\/uploads\/2023\/11\/27-JonasBildgeschichten_MK-MED-TEAMbBildgeschichten_MK-MED-TEAMBildgeschichten_MK-MED-TEAMmodern-09_100-200x300.png\" alt=\"27 - JonasBildgeschichten_MK-MED-TEAMbBildgeschichten_MK-MED-TEAMBildgeschichten_MK-MED-TEAMmodern 09_100\" title=\"27 - JonasBildgeschichten_MK-MED-TEAMbBildgeschichten_MK-MED-TEAMBildgeschichten_MK-MED-TEAMmodern 09_100\" onerror=\"this.style.display='none'\" loading=\"lazy\" \/>\n\t\t\t\t\t\t\n\t<\/figure>\n<h2>\n\t\t\tJonas Dietrich\t<\/h2>\n<h2>\n\t\t\tTechnicien m\u00e9dical \t<\/h2>\n\t<p>E-Mail: <a href=\"mailto:jd@mk-med.ch\">jd@mk-med.ch<\/a><\/p>\n<figure itemscope itemtype=\"https:\/\/schema.org\/ImageObject\">\n\t\t\t\t<img decoding=\"async\" src=\"http:\/\/www.mk-med.ch\/wordpress\/wp-content\/uploads\/2023\/11\/12-RalphBildgeschichten_MK-MED-TEAMbBildgeschichten_MK-MED-TEAMBildgeschichten_MK-MED-TEAMmodern-09_100-200x300.png\" alt=\"12 - RalphBildgeschichten_MK-MED-TEAMbBildgeschichten_MK-MED-TEAMBildgeschichten_MK-MED-TEAMmodern 09_100\" title=\"12 - RalphBildgeschichten_MK-MED-TEAMbBildgeschichten_MK-MED-TEAMBildgeschichten_MK-MED-TEAMmodern 09_100\" onerror=\"this.style.display='none'\" loading=\"lazy\" \/>\n\t\t\t\t\t\t\n\t<\/figure>\n<h2>\n\t\t\tRalph Gyger\t<\/h2>\n<h2>\n\t\t\tTechnicien m\u00e9dical \t<\/h2>\n\t<p>E-Mail: <a href=\"mailto:rgy@mk-med.ch\">rgy@mk-med.ch<\/a><\/p>\n\t<h3>Logistique<\/h3>\n<figure itemscope itemtype=\"https:\/\/schema.org\/ImageObject\">\n\t\t\t\t<img decoding=\"async\" src=\"http:\/\/www.mk-med.ch\/wordpress\/wp-content\/uploads\/2023\/11\/2-RosemarieBildgeschichten_MK-MED-TEAMBildgeschichten_MK-MED-TEAMBildgeschichten_MK-MED-TEAMmodern-09_100-200x300.png\" alt=\"2 - RosemarieBildgeschichten_MK-MED-TEAMBildgeschichten_MK-MED-TEAMBildgeschichten_MK-MED-TEAMmodern 09_100\" title=\"2 - RosemarieBildgeschichten_MK-MED-TEAMBildgeschichten_MK-MED-TEAMBildgeschichten_MK-MED-TEAMmodern 09_100\" onerror=\"this.style.display='none'\" loading=\"lazy\" \/>\n\t\t\t\t\t\t\n\t<\/figure>\n<h2>\n\t\t\tRosmarie Lotrean\t<\/h2>\n<h2>\n\t\t\tPr\u00e9paration des commandes\t<\/h2>\n\t\n<figure itemscope itemtype=\"https:\/\/schema.org\/ImageObject\">\n\t\t\t\t<img decoding=\"async\" src=\"http:\/\/www.mk-med.ch\/wordpress\/wp-content\/uploads\/2023\/11\/5-MarcoBildgeschichten_MK-MED-TEAMbBildgeschichten_MK-MED-TEAMBildgeschichten_MK-MED-TEAMmodern-09_100-200x300.png\" alt=\"5 - MarcoBildgeschichten_MK-MED-TEAMbBildgeschichten_MK-MED-TEAMBildgeschichten_MK-MED-TEAMmodern 09_100\" title=\"5 - MarcoBildgeschichten_MK-MED-TEAMbBildgeschichten_MK-MED-TEAMBildgeschichten_MK-MED-TEAMmodern 09_100\" onerror=\"this.style.display='none'\" loading=\"lazy\" \/>\n\t\t\t\t\t\t\n\t<\/figure>\n<h2>\n\t\t\tMarco Nellen\t<\/h2>\n<h2>\n\t\t\tPr\u00e9paration des commandes\t<\/h2>\n<figure itemscope itemtype=\"https:\/\/schema.org\/ImageObject\">\n\t\t\t\t<img decoding=\"async\" src=\"http:\/\/www.mk-med.ch\/wordpress\/wp-content\/uploads\/2024\/02\/16-PatrickBildgeschichten_MK-MED-TEAMBildgeschichten_MK-MED-TEAMBildgeschichten_MK-MED-TEAMmodern-09_100-200x300.jpg\" alt=\"16 - PatrickBildgeschichten_MK-MED-TEAMBildgeschichten_MK-MED-TEAMBildgeschichten_MK-MED-TEAMmodern 09_100\" title=\"16 - PatrickBildgeschichten_MK-MED-TEAMBildgeschichten_MK-MED-TEAMBildgeschichten_MK-MED-TEAMmodern 09_100\" onerror=\"this.style.display='none'\" loading=\"lazy\" \/>\n\t\t\t\t\t\t\n\t<\/figure>\n<h2>\n\t\t\tPatrick Escher\t<\/h2>\n<h2>\n\t\t\tPr\u00e9paration des commandes\t<\/h2>\n<figure itemscope itemtype=\"https:\/\/schema.org\/ImageObject\">\n\t\t\t\t<img decoding=\"async\" src=\"http:\/\/www.mk-med.ch\/wordpress\/wp-content\/uploads\/2025\/09\/DSC1608MK-MED_TEAM-MODERN09_100WEB_8web-ausschnitt-angepasst-200x300.jpg\" alt=\"_DSC1608MK-MED_TEAM MODERN09_100WEB_8web ausschnitt angepasst\" title=\"_DSC1608MK-MED_TEAM MODERN09_100WEB_8web ausschnitt angepasst\" onerror=\"this.style.display='none'\" loading=\"lazy\" \/>\n\t\t\t\t\t\t\n\t<\/figure>\n<h2>\n\t\t\tCarmen Zenh\u00e4usern\t<\/h2>\n<h2>\n\t\t\tPr\u00e9paration des commandes\t<\/h2>\n\t<h3>Achats<\/h3>\n<figure itemscope itemtype=\"https:\/\/schema.org\/ImageObject\">\n\t\t\t\t<img decoding=\"async\" src=\"http:\/\/www.mk-med.ch\/wordpress\/wp-content\/uploads\/2023\/11\/4-SergioBildgeschichten_MK-MED-TEAMBildgeschichten_MK-MED-TEAMBildgeschichten_MK-MED-TEAMmodern-09_100-200x300.png\" alt=\"4 - SergioBildgeschichten_MK-MED-TEAMBildgeschichten_MK-MED-TEAMBildgeschichten_MK-MED-TEAMmodern 09_100\" title=\"4 - SergioBildgeschichten_MK-MED-TEAMBildgeschichten_MK-MED-TEAMBildgeschichten_MK-MED-TEAMmodern 09_100\" onerror=\"this.style.display='none'\" loading=\"lazy\" \/>\n\t\t\t\t\t\t\n\t<\/figure>\n<h2>\n\t\t\tSergio Kuonen\t<\/h2>\n<h2>\n\t\t\tGestion des stocks | Achats\t<\/h2>\n\t<p>E-Mail: <a href=\"mailto:sk@mk-med.ch\">sk@mk-med.ch<\/a><\/p>\n<figure itemscope itemtype=\"https:\/\/schema.org\/ImageObject\">\n\t\t\t\t<img decoding=\"async\" src=\"http:\/\/www.mk-med.ch\/wordpress\/wp-content\/uploads\/2023\/11\/6-RitaBildgeschichten_MK-MED-TEAMbBildgeschichten_MK-MED-TEAMBildgeschichten_MK-MED-TEAMmodern-09_100-1-200x300.png\" alt=\"6 - RitaBildgeschichten_MK-MED-TEAMbBildgeschichten_MK-MED-TEAMBildgeschichten_MK-MED-TEAMmodern 09_100 (1)\" title=\"6 - RitaBildgeschichten_MK-MED-TEAMbBildgeschichten_MK-MED-TEAMBildgeschichten_MK-MED-TEAMmodern 09_100 (1)\" onerror=\"this.style.display='none'\" loading=\"lazy\" \/>\n\t\t\t\t\t\t\n\t<\/figure>\n<h2>\n\t\t\tRita Gruber\t<\/h2>\n<h2>\n\t\t\tAchats\t<\/h2>\n\t<p>E-Mail: <a href=\"mailto:rg@mk-med.ch\">rg@mk-med.ch<\/a><\/p>\n\t<h3>Service \u00e0 la client\u00e8le<\/h3>\n<figure itemscope itemtype=\"https:\/\/schema.org\/ImageObject\">\n\t\t\t\t<img decoding=\"async\" src=\"http:\/\/www.mk-med.ch\/wordpress\/wp-content\/uploads\/2025\/09\/DSC1667MK-MED_TEAM-MODERN09_100WEB_8web-ausschnitt-angepasst-200x300.jpg\" alt=\"_DSC1667MK-MED_TEAM MODERN09_100WEB_8web ausschnitt angepasst\" title=\"_DSC1667MK-MED_TEAM MODERN09_100WEB_8web ausschnitt angepasst\" onerror=\"this.style.display='none'\" loading=\"lazy\" \/>\n\t\t\t\t\t\t\n\t<\/figure>\n<h2>\n\t\t\tBeatrice Amacker\t<\/h2>\n<h2>\n\t\t\tFront Office | Comptabilit\u00e9\t<\/h2>\n\t<p>E-Mail: <a href=\"mailto:ba@mk-med.ch\">ba@mk-med.ch<\/a><\/p>\n<figure itemscope itemtype=\"https:\/\/schema.org\/ImageObject\">\n\t\t\t\t<img decoding=\"async\" src=\"http:\/\/www.mk-med.ch\/wordpress\/wp-content\/uploads\/2023\/11\/25-JeannineBildgeschichten_MK-MED-TEAMBildgeschichten_MK-MED-TEAMBildgeschichten_MK-MED-TEAMmodern-09_100-200x300.png\" alt=\"25 - JeannineBildgeschichten_MK-MED-TEAMBildgeschichten_MK-MED-TEAMBildgeschichten_MK-MED-TEAMmodern 09_100\" title=\"25 - JeannineBildgeschichten_MK-MED-TEAMBildgeschichten_MK-MED-TEAMBildgeschichten_MK-MED-TEAMmodern 09_100\" onerror=\"this.style.display='none'\" loading=\"lazy\" \/>\n\t\t\t\t\t\t\n\t<\/figure>\n<h2>\n\t\t\tJeannine Sch\u00f6pfer\t<\/h2>\n<h2>\n\t\t\tGestion des donn\u00e9es\t<\/h2>\n\t<p>E-Mail: <a href=\"mailto:js@mk-med.ch\">jsch@mk-med.ch<\/a><\/p>\n<figure itemscope itemtype=\"https:\/\/schema.org\/ImageObject\">\n\t\t\t\t<img decoding=\"async\" src=\"http:\/\/www.mk-med.ch\/wordpress\/wp-content\/uploads\/2023\/11\/26-JelenaBildgeschichten_MK-MED-TEAMBildgeschichten_MK-MED-TEAMBildgeschichten_MK-MED-TEAMmodern-09_100-2-200x300.png\" alt=\"26 - JelenaBildgeschichten_MK-MED-TEAMBildgeschichten_MK-MED-TEAMBildgeschichten_MK-MED-TEAMmodern 09_100 (2)\" title=\"26 - JelenaBildgeschichten_MK-MED-TEAMBildgeschichten_MK-MED-TEAMBildgeschichten_MK-MED-TEAMmodern 09_100 (2)\" onerror=\"this.style.display='none'\" loading=\"lazy\" \/>\n\t\t\t\t\t\t\n\t<\/figure>\n<h2>\n\t\t\tJelena Bloetzer\t<\/h2>\n<h2>\n\t\t\tFront Office | Marketing\t<\/h2>\n\t<p>E-Mail: <a href=\"mailto:jb@mk-med.ch\">jb@mk-med.ch<\/a><\/p>\n<figure itemscope itemtype=\"https:\/\/schema.org\/ImageObject\">\n\t\t\t\t<img decoding=\"async\" src=\"http:\/\/www.mk-med.ch\/wordpress\/wp-content\/uploads\/2024\/10\/43-AngelinaBildgeschichtenMK_MED_TEAMBzuschnitt-WEB-200x300.jpg\" alt=\"43 -AngelinaBildgeschichtenMK_MED_TEAMBzuschnitt WEB\" title=\"43 -AngelinaBildgeschichtenMK_MED_TEAMBzuschnitt WEB\" onerror=\"this.style.display='none'\" loading=\"lazy\" \/>\n\t\t\t\t\t\t\n\t<\/figure>\n<h2>\n\t\t\tAngelina Rieder\t<\/h2>\n<h2>\n\t\t\tFront Office\t<\/h2>\n\t<p>E-Mail: <a href=\"mailto:ps@mk-med.ch\">ar@mk-med.ch<\/a><\/p>\n\n","protected":false},"excerpt":{"rendered":"<p>Notre \u00e9quipe Conseil d&#8217;administration Manfred Kinnast Pr\u00e9sident du Conseil d&#8217;administration | Propri\u00e9taire de l&#8217;entreprise E-Mail: mk@mk-med.ch Uschi Kinnast Pr\u00e9sidente du Conseil d&#8217;administration | Propri\u00e9taire de l&#8217;entreprise Direction Luc Lauwiner CEO Directeur g\u00e9n\u00e9ral E-Mail: ll@mk-med.ch Dominik Partel CTO Directeur technique E-Mail: dp@mk-med.ch Julia Kinnast CFO &#038; Head of Regulatory Affairs E-Mail: jk@mk-med.ch Felicitas Perren-Kinnast Product management [&hellip;]<\/p>\n","protected":false},"author":1,"featured_media":0,"parent":0,"menu_order":0,"comment_status":"closed","ping_status":"closed","template":"","meta":{"site-sidebar-layout":"no-sidebar","site-content-layout":"page-builder","ast-site-content-layout":"full-width-container","site-content-style":"unboxed","site-sidebar-style":"unboxed","ast-global-header-display":"","ast-banner-title-visibility":"","ast-main-header-display":"","ast-hfb-above-header-display":"","ast-hfb-below-header-display":"","ast-hfb-mobile-header-display":"","site-post-title":"disabled","ast-breadcrumbs-content":"","ast-featured-img":"disabled","footer-sml-layout":"","ast-disable-related-posts":"","theme-transparent-header-meta":"default","adv-header-id-meta":"","stick-header-meta":"default","header-above-stick-meta":"","header-main-stick-meta":"","header-below-stick-meta":"","astra-migrate-meta-layouts":"default","ast-page-background-enabled":"default","ast-page-background-meta":{"desktop":{"background-color":"","background-image":"","background-repeat":"repeat","background-position":"center center","background-size":"auto","background-attachment":"scroll","background-type":"","background-media":"","overlay-type":"","overlay-color":"","overlay-opacity":"","overlay-gradient":""},"tablet":{"background-color":"","background-image":"","background-repeat":"repeat","background-position":"center center","background-size":"auto","background-attachment":"scroll","background-type":"","background-media":"","overlay-type":"","overlay-color":"","overlay-opacity":"","overlay-gradient":""},"mobile":{"background-color":"","background-image":"","background-repeat":"repeat","background-position":"center center","background-size":"auto","background-attachment":"scroll","background-type":"","background-media":"","overlay-type":"","overlay-color":"","overlay-opacity":"","overlay-gradient":""}},"ast-content-background-meta":{"desktop":{"background-color":"var(--ast-global-color-5)","background-image":"","background-repeat":"repeat","background-position":"center center","background-size":"auto","background-attachment":"scroll","background-type":"","background-media":"","overlay-type":"","overlay-color":"","overlay-opacity":"","overlay-gradient":""},"tablet":{"background-color":"var(--ast-global-color-5)","background-image":"","background-repeat":"repeat","background-position":"center center","background-size":"auto","background-attachment":"scroll","background-type":"","background-media":"","overlay-type":"","overlay-color":"","overlay-opacity":"","overlay-gradient":""},"mobile":{"background-color":"var(--ast-global-color-5)","background-image":"","background-repeat":"repeat","background-position":"center center","background-size":"auto","background-attachment":"scroll","background-type":"","background-media":"","overlay-type":"","overlay-color":"","overlay-opacity":"","overlay-gradient":""}},"footnotes":""},"class_list":["post-10545","page","type-page","status-publish","hentry"],"aioseo_notices":[],"_links":{"self":[{"href":"https:\/\/www.mk-med.ch\/fr\/wp-json\/wp\/v2\/pages\/10545","targetHints":{"allow":["GET"]}}],"collection":[{"href":"https:\/\/www.mk-med.ch\/fr\/wp-json\/wp\/v2\/pages"}],"about":[{"href":"https:\/\/www.mk-med.ch\/fr\/wp-json\/wp\/v2\/types\/page"}],"author":[{"embeddable":true,"href":"https:\/\/www.mk-med.ch\/fr\/wp-json\/wp\/v2\/users\/1"}],"replies":[{"embeddable":true,"href":"https:\/\/www.mk-med.ch\/fr\/wp-json\/wp\/v2\/comments?post=10545"}],"version-history":[{"count":12,"href":"https:\/\/www.mk-med.ch\/fr\/wp-json\/wp\/v2\/pages\/10545\/revisions"}],"predecessor-version":[{"id":12204,"href":"https:\/\/www.mk-med.ch\/fr\/wp-json\/wp\/v2\/pages\/10545\/revisions\/12204"}],"wp:attachment":[{"href":"https:\/\/www.mk-med.ch\/fr\/wp-json\/wp\/v2\/media?parent=10545"}],"curies":[{"name":"wp","href":"https:\/\/api.w.org\/{rel}","templated":true}]}}