{"id":10540,"date":"2022-01-24T21:45:07","date_gmt":"2022-01-24T20:45:07","guid":{"rendered":"https:\/\/www.mk-med.ch\/neuigkeiten1\/"},"modified":"2025-12-11T16:40:36","modified_gmt":"2025-12-11T15:40:36","slug":"actualites","status":"publish","type":"page","link":"https:\/\/www.mk-med.ch\/fr\/actualites\/","title":{"rendered":"Actualit\u00e9s"},"content":{"rendered":"\n<h3>\n\t\t\tSAM MEDICAL\t<\/h3>\n\t\t\t\t<img decoding=\"async\" src=\"http:\/\/www.mk-med.ch\/wordpress\/wp-content\/uploads\/2025\/12\/Webseite-SAM-Medical.png\" alt=\"Webseite SAM Medical\" itemprop=\"image\" title=\"Webseite SAM Medical\" onerror=\"this.style.display='none'\" loading=\"lazy\" \/>\n\t\t\t<a href=\"https:\/\/www.sammedical.com\/products\/sam-io\" target=\"_blank\" rel=\"noopener\">\n\t\t\t\t\t\t\tEn savoir plus&#8230;\n\t\t\t\t\t<\/a>\n<h3>\n\t\t\tAirtraq\t<\/h3>\n\t\t<meta itemprop=\"url\" content=\"https:\/\/www.mk-med.ch\/wordpress\/wp-content\/uploads\/2025\/05\/A600-Intro-2025-FR-Rev-8.6-2024-12-07-Vygon.mp4\" \/><div style=\"width: 640px;\" class=\"wp-video\"><video muted class=\"wp-video-shortcode\" id=\"video-10540-1\" width=\"640\" height=\"360\" poster=\"https:\/\/www.mk-med.ch\/wordpress\/wp-content\/uploads\/2025\/05\/Screenshot-2025-05-18-201141.png\" autoplay preload=\"none\" controls=\"controls\"><source type=\"video\/mp4\" src=\"https:\/\/www.mk-med.ch\/wordpress\/wp-content\/uploads\/2025\/05\/A600-Intro-2025-FR-Rev-8.6-2024-12-07-Vygon.mp4?_=1\" \/><source type=\"video\/mp4\" src=\"https:\/\/www.mk-med.ch\/wordpress\/wp-content\/uploads\/2025\/05\/A600-Intro-2025-FR-Rev-8.6-2024-12-07-Vygon.mp4?_=1\" \/><a href=\"https:\/\/www.mk-med.ch\/wordpress\/wp-content\/uploads\/2025\/05\/A600-Intro-2025-FR-Rev-8.6-2024-12-07-Vygon.mp4\">https:\/\/www.mk-med.ch\/wordpress\/wp-content\/uploads\/2025\/05\/A600-Intro-2025-FR-Rev-8.6-2024-12-07-Vygon.mp4<\/a><\/video><\/div>\t\n\t\t\t\t<img decoding=\"async\" src=\"http:\/\/www.mk-med.ch\/wordpress\/wp-content\/uploads\/2025\/05\/Screenshot-2025-05-18-201141.png\" alt=\"Screenshot 2025-05-18 201141\" itemprop=\"image\" title=\"Screenshot 2025-05-18 201141\" onerror=\"this.style.display='none'\" loading=\"lazy\" \/>\n\t\t\t\t<img decoding=\"async\" src=\"http:\/\/www.mk-med.ch\/wordpress\/wp-content\/uploads\/2025\/05\/Screenshot-2025-05-06-155550.png\" alt=\"Screenshot 2025-05-06 155550\" itemprop=\"image\" title=\"Screenshot 2025-05-06 155550\" onerror=\"this.style.display='none'\" loading=\"lazy\" \/>\n<h3>\n\t\t\tSerres Nemo\t<\/h3>\n\t\t\t\t<img decoding=\"async\" src=\"http:\/\/www.mk-med.ch\/wordpress\/wp-content\/uploads\/2024\/05\/serres-nemo-flyer.png\" alt=\"serres nemo flyer\" itemprop=\"image\" title=\"serres nemo flyer\" onerror=\"this.style.display='none'\" loading=\"lazy\" \/>\n\t\t<meta itemprop=\"url\" content=\"https:\/\/www.mk-med.ch\/wordpress\/wp-content\/uploads\/2024\/06\/Serres_Nemo_no_subtitles.mp4\" \/><div style=\"width: 640px;\" class=\"wp-video\"><video class=\"wp-video-shortcode\" id=\"video-10540-2\" width=\"640\" height=\"360\" preload=\"metadata\" controls=\"controls\"><source type=\"video\/mp4\" src=\"https:\/\/www.mk-med.ch\/wordpress\/wp-content\/uploads\/2024\/06\/Serres_Nemo_no_subtitles.mp4?_=2\" \/><source type=\"video\/mp4\" src=\"https:\/\/www.mk-med.ch\/wordpress\/wp-content\/uploads\/2024\/06\/Serres_Nemo_no_subtitles.mp4?_=2\" \/><a href=\"https:\/\/www.mk-med.ch\/wordpress\/wp-content\/uploads\/2024\/06\/Serres_Nemo_no_subtitles.mp4\">https:\/\/www.mk-med.ch\/wordpress\/wp-content\/uploads\/2024\/06\/Serres_Nemo_no_subtitles.mp4<\/a><\/video><\/div>\t\n<h3>\n\t\t\tVathin H-SteriScope &#8211; S\u00fbr Intelligent Simple\t<\/h3>\n\t<p><strong>La solution ultime pour les interventions pneumologiques<\/strong><\/p>\n<p>Le syst\u00e8me de bronchoscope \u00e0 usage unique Vathin se compose d&#8217;un bronchoscope de premi\u00e8re classe et du Vision Center II. En int\u00e9grant ces deux appareils, nous avons cr\u00e9\u00e9 une solution tout-en-un pour les pneumologues, qui optimise et simplifie chaque intervention.<\/p>\n<p>En termes d&#8217;application clinique, le syst\u00e8me de bronchoscope \u00e0 usage unique Vathin s&#8217;est r\u00e9v\u00e9l\u00e9 extraordinairement efficace en pneumologie. Ses images de haute qualit\u00e9 permettent aux pneumologues de naviguer avec pr\u00e9cision dans les voies respiratoires, de visualiser la structure des poumons et de d\u00e9tecter les anomalies.<\/p>\n<p>Le syst\u00e8me de bronchoscope \u00e0 usage unique est le choix parfait pour les interventions pneumologiques, gr\u00e2ce \u00e0 sa nature jetable, \u00e0 la haute qualit\u00e9 de ses images et \u00e0 sa polyvalence. Faites-nous confiance pour vous fournir les meilleurs outils pour la sant\u00e9 et la s\u00e9curit\u00e9 de vos patients.<\/p>\n\t\t\t<a href=\"https:\/\/vathin.com\/pulmonology\/index\" target=\"_self\">\n\t\t\t\t\t\t\tEn savoir plus&#8230;\n\t\t\t\t\t<\/a>\n\t\t\t\t<img decoding=\"async\" src=\"http:\/\/www.mk-med.ch\/wordpress\/wp-content\/uploads\/2024\/05\/steriscope.png\" alt=\"steriscope\" itemprop=\"image\" title=\"steriscope\" onerror=\"this.style.display='none'\" loading=\"lazy\" \/>\n\t\t\t<a href=\"http:\/\/www.mk-med.ch\/wordpress\/wp-content\/uploads\/2024\/05\/Brochure-Vathin-German.pdf\" target=\"_self\">\n\t\t\t\t\t\t\tBrochure\n\t\t\t\t\t<\/a>\n\t\t<meta itemprop=\"url\" content=\"https:\/\/www.mk-med.ch\/wordpress\/wp-content\/uploads\/2024\/06\/Werbevideo-Endoskope.mp4\" \/><div style=\"width: 640px;\" class=\"wp-video\"><video class=\"wp-video-shortcode\" id=\"video-10540-3\" width=\"640\" height=\"360\" preload=\"metadata\" controls=\"controls\"><source type=\"video\/mp4\" src=\"https:\/\/www.mk-med.ch\/wordpress\/wp-content\/uploads\/2024\/06\/Werbevideo-Endoskope.mp4?_=3\" \/><source type=\"video\/mp4\" src=\"https:\/\/www.mk-med.ch\/wordpress\/wp-content\/uploads\/2024\/06\/Werbevideo-Endoskope.mp4?_=3\" \/><a href=\"https:\/\/www.mk-med.ch\/wordpress\/wp-content\/uploads\/2024\/06\/Werbevideo-Endoskope.mp4\">https:\/\/www.mk-med.ch\/wordpress\/wp-content\/uploads\/2024\/06\/Werbevideo-Endoskope.mp4<\/a><\/video><\/div>\t\n<h3>\n\t\t\tPAX Sac de sauvetage RTS AIR &#8211; La croix du sommet rencontre le phare\t<\/h3>\n\t<p>La croix du sommet rencontre le phare &#8211; du filet horizontal au produit m\u00e9dical &#8211; sur la collaboration r\u00e9ussie entre MK-MED Medizintechnik AG (ci-apr\u00e8s MK-MED), Air Zermatt AG (ci-apr\u00e8s &#8220;Air Zermatt&#8221;) et X-CEN-TEK GmbH &amp; Co. KG (ci-apr\u00e8s PAX-Bags) \u00e0 l&#8217;exemple du sac de sauvetage PAX RTS AIR.<\/p>\n<p>Avec le sac de sauvetage PAX RTS AIR, l&#8217;un des rares sacs de sauvetage homologu\u00e9s en tant que produit m\u00e9dical a \u00e9t\u00e9 d\u00e9velopp\u00e9 et mis sur le march\u00e9.<\/p>\n<p>En 2016, la premi\u00e8re pierre a \u00e9t\u00e9 pos\u00e9e pour le d\u00e9veloppement du sac de sauvetage PAX RTS AIR. Avec Manfred Kinnast, (CEO, MK-MED Medizintechnik AG), le Dr Axel Mann (ancien directeur m\u00e9dical, Air Zermatt) et le Dr Nils-Lasse Schneider (chef de produit, PAX-Bags), le projet de sac de sauvetage de ces trois grands moteurs d&#8217;innovation a d\u00e9marr\u00e9.<\/p>\n<p>Le d\u00e9veloppement du sac de sauvetage PAX RTS AIR devait \u00e9tablir de nouveaux crit\u00e8res pour le transport de patients dans le domaine du sauvetage a\u00e9rien.<\/p>\n\t\t\t<a href=\"https:\/\/www.pax-bags.com\/de\/ueber-pax\/pax-news\/article\/2023\/02\/20\/212\/\" target=\"_self\">\n\t\t\t\t\t\t\tEn savoir plus&#8230;\n\t\t\t\t\t<\/a>\n\t\t\t\t<img decoding=\"async\" src=\"http:\/\/www.mk-med.ch\/wordpress\/wp-content\/uploads\/2023\/03\/AIRzermatt_.webp\" alt=\"Intervention sur le Cervin\" itemprop=\"image\" title=\"AIRzermatt_\" onerror=\"this.style.display='none'\" loading=\"lazy\" \/>\n\t\tIntervention sur le Cervin\n\t\t\t\t<img decoding=\"async\" src=\"http:\/\/www.mk-med.ch\/wordpress\/wp-content\/uploads\/2023\/03\/csm_Gehaenge_cc055b2ad0-300x225.jpg\" alt=\"PAX RTS AIR - Suspension\" itemprop=\"image\" title=\"csm_Gehaenge_cc055b2ad0\" onerror=\"this.style.display='none'\" loading=\"lazy\" \/>\n\t\tPAX RTS AIR &#8211; Suspension\n\t\t\t\t<img decoding=\"async\" src=\"http:\/\/www.mk-med.ch\/wordpress\/wp-content\/uploads\/2020\/07\/146110801_04_pax_rettungssack_modell_air_zermatt.jpg\" alt=\"146110801_04_pax_rettungssack_modell_air_zermatt\" itemprop=\"image\" title=\"146110801_04_pax_rettungssack_modell_air_zermatt\" onerror=\"this.style.display='none'\" loading=\"lazy\" \/>\n<h3>\n\t\t\tSac de sauvetage Pax Air-Zermatt\t<\/h3>\n\t<p>Le sac de sauvetage PAX RTS AIR se caract\u00e9rise par l&#8217;absence totale de Velcro, afin de prot\u00e9ger les cordes et les sangles du treuil, qui sont essentielles \u00e0 la s\u00e9curit\u00e9.<\/p>\nAvec la fermeture \u00e0 glissi\u00e8re p\u00e9riph\u00e9rique, le sac de sauvetage PAX RTS AIR peut \u00eatre utilis\u00e9 par une seule personne, m\u00eame dans des conditions d\u00e9favorables. Le syst\u00e8me de la\u00e7age interne au niveau de la t\u00eate et les sangles de compression \u00e0 code couleur permet d&#8217;adapter rapidement le sac de sauvetage PAX au patient. Pour une s\u00e9curit\u00e9 maximale, le syst\u00e8me de boucle redondant<br \/>\npour la fixation de la suspension assure le transport en tant que charge ext\u00e9rieure sur l&#8217;h\u00e9licopt\u00e8re.\n<p>L&#8217;escalade verticale ou la descente en rappel est \u00e9galement possible et autoris\u00e9e. Toutes les boucles et les cordes sont rang\u00e9es en toute s\u00e9curit\u00e9 dans des poches.<\/p>\n\t\t\t<a href=\"https:\/\/pax-bags.com\/de\/shop\/einsatzgebiete\/rettungssack-rts-air\/\" target=\"_self\">\n\t\t\t\t\t\t\tEn savoir plus&#8230;\n\t\t\t\t\t<\/a>\n<h3>\n\t\t\tLe tout nouveau Corpuls 3T\t<\/h3>\n\tContactez-nous pour une semaine d&#8217;essai gratuite.<br \/>\nLe\u00a0Corpuls 3T n&#8217;est pas seulement un appareil &#8211; c&#8217;est un syst\u00e8me de 3 modules: moniteur, box patient, d\u00e9fibrillateur.\n<ul>\n<li>Surveillance constante du lieu d&#8217;intervention jusqu&#8217;\u00e0 l&#8217;h\u00f4pital<\/li>\n<li>Surveillance permanente \u00e0 distance (par ex. dans le CT)<\/li>\n<li>Plus grande ergonomie lors du transport des patients gr\u00e2ce \u00e0 la r\u00e9partition des modules<\/li>\n<li>Am\u00e9lioration de la s\u00e9curit\u00e9 des patients gr\u00e2ce \u00e0 l&#8217;enregistrement et au stockage des param\u00e8tres directement sur le patient<\/li>\n<\/ul>\n\t\t\t<a href=\"https:\/\/corpuls.world\/\" target=\"_self\">\n\t\t\t\t\t\t\tEn savoir plus&#8230;\n\t\t\t\t\t<\/a>\n\t\t\t\t<img decoding=\"async\" src=\"http:\/\/www.mk-med.ch\/wordpress\/wp-content\/uploads\/2020\/07\/dddd-1024x724.png\" alt=\"dddd\" itemprop=\"image\" title=\"dddd\" onerror=\"this.style.display='none'\" loading=\"lazy\" \/>\n\t\t\t\t<a href=\"https:\/\/kanmed.se\/wp-content\/uploads\/2015\/01\/Babybed_fullhd.mp4%20\"  target=\"_blank\" rel=\"noopener\"  itemprop=\"url\">\n\t\t\t\t<img decoding=\"async\" src=\"http:\/\/www.mk-med.ch\/wordpress\/wp-content\/uploads\/2022\/05\/Kanmed-Babybed.jpg\" alt=\"Kanmed Babybed\" itemprop=\"image\" title=\"Kanmed Babybed\" onerror=\"this.style.display='none'\" loading=\"lazy\" \/>\n\t\t\t\t<\/a>\n\t\t\t\t<a href=\"https:\/\/kanmed.se\/wp-content\/uploads\/2015\/01\/Babywarmer_fullhd.mp4%20\"  target=\"_blank\" rel=\"noopener\"  itemprop=\"url\">\n\t\t\t\t<img decoding=\"async\" src=\"http:\/\/www.mk-med.ch\/wordpress\/wp-content\/uploads\/2022\/05\/Kanmed-Babywarmer.jpg\" alt=\"Kanmed Babywarmer\" itemprop=\"image\" title=\"Kanmed Babywarmer\" onerror=\"this.style.display='none'\" loading=\"lazy\" \/>\n\t\t\t\t<\/a>\n\t\t\t\t<a href=\"https:\/\/kanmed.se\/wp-content\/uploads\/2015\/01\/Warmcloud_fullhd.mp4\"  target=\"_blank\" rel=\"noopener\"  itemprop=\"url\">\n\t\t\t\t<img decoding=\"async\" src=\"http:\/\/www.mk-med.ch\/wordpress\/wp-content\/uploads\/2022\/05\/Kanmed-Warmcloud.jpg\" alt=\"Kanmed Warmcloud\" itemprop=\"image\" title=\"Kanmed Warmcloud\" onerror=\"this.style.display='none'\" loading=\"lazy\" \/>\n\t\t\t\t<\/a>\n\t\t\t\t<a href=\"https:\/\/kanmed.se\/wp-content\/uploads\/2015\/01\/Warmingcabinet_fullhd.mp4\"  target=\"_blank\" rel=\"noopener\"  itemprop=\"url\">\n\t\t\t\t<img decoding=\"async\" src=\"http:\/\/www.mk-med.ch\/wordpress\/wp-content\/uploads\/2022\/05\/Kanmed-warmingcabinet.png\" alt=\"Kanmed warmingcabinet\" itemprop=\"image\" title=\"Kanmed warmingcabinet\" onerror=\"this.style.display='none'\" loading=\"lazy\" \/>\n\t\t\t\t<\/a>\n<h3>\n\t\t\tNouvelles vid\u00e9os de formation Kanmed pour tous les utilisateurs\t<\/h3>\n\t<p>Nous sommes heureux d&#8217;annoncer que nous avons de nouvelles vid\u00e9os d&#8217;instructions pour tous nos produits. Avec les vid\u00e9os, vous pouvez apprendre comment les\u00a0produits Kanmed sont mis en service.<\/p>\n<p>Gardez \u00e0 l&#8217;esprit qu&#8217;il est toujours important de lire les instructions d&#8217;utilisation avant d&#8217;utiliser un produit m\u00e9dical.<\/p>\n<p>Pour regarder les vid\u00e9os, cliquez simplement sur le nom du produit.<\/p>\n\n","protected":false},"excerpt":{"rendered":"<p>SAM MEDICAL En savoir plus&#8230; Airtraq Serres Nemo Vathin H-SteriScope &#8211; S\u00fbr Intelligent Simple La solution ultime pour les interventions pneumologiques Le syst\u00e8me de bronchoscope \u00e0 usage unique Vathin se compose d&#8217;un bronchoscope de premi\u00e8re classe et du Vision Center II. En int\u00e9grant ces deux appareils, nous avons cr\u00e9\u00e9 une solution tout-en-un pour les pneumologues, [&hellip;]<\/p>\n","protected":false},"author":3,"featured_media":0,"parent":0,"menu_order":0,"comment_status":"closed","ping_status":"closed","template":"","meta":{"site-sidebar-layout":"no-sidebar","site-content-layout":"page-builder","ast-site-content-layout":"full-width-container","site-content-style":"unboxed","site-sidebar-style":"unboxed","ast-global-header-display":"","ast-banner-title-visibility":"","ast-main-header-display":"","ast-hfb-above-header-display":"","ast-hfb-below-header-display":"","ast-hfb-mobile-header-display":"","site-post-title":"disabled","ast-breadcrumbs-content":"","ast-featured-img":"disabled","footer-sml-layout":"","ast-disable-related-posts":"","theme-transparent-header-meta":"default","adv-header-id-meta":"","stick-header-meta":"default","header-above-stick-meta":"","header-main-stick-meta":"","header-below-stick-meta":"","astra-migrate-meta-layouts":"default","ast-page-background-enabled":"default","ast-page-background-meta":{"desktop":{"background-color":"","background-image":"","background-repeat":"repeat","background-position":"center center","background-size":"auto","background-attachment":"scroll","background-type":"","background-media":"","overlay-type":"","overlay-color":"","overlay-opacity":"","overlay-gradient":""},"tablet":{"background-color":"","background-image":"","background-repeat":"repeat","background-position":"center center","background-size":"auto","background-attachment":"scroll","background-type":"","background-media":"","overlay-type":"","overlay-color":"","overlay-opacity":"","overlay-gradient":""},"mobile":{"background-color":"","background-image":"","background-repeat":"repeat","background-position":"center center","background-size":"auto","background-attachment":"scroll","background-type":"","background-media":"","overlay-type":"","overlay-color":"","overlay-opacity":"","overlay-gradient":""}},"ast-content-background-meta":{"desktop":{"background-color":"var(--ast-global-color-5)","background-image":"","background-repeat":"repeat","background-position":"center center","background-size":"auto","background-attachment":"scroll","background-type":"","background-media":"","overlay-type":"","overlay-color":"","overlay-opacity":"","overlay-gradient":""},"tablet":{"background-color":"var(--ast-global-color-5)","background-image":"","background-repeat":"repeat","background-position":"center center","background-size":"auto","background-attachment":"scroll","background-type":"","background-media":"","overlay-type":"","overlay-color":"","overlay-opacity":"","overlay-gradient":""},"mobile":{"background-color":"var(--ast-global-color-5)","background-image":"","background-repeat":"repeat","background-position":"center center","background-size":"auto","background-attachment":"scroll","background-type":"","background-media":"","overlay-type":"","overlay-color":"","overlay-opacity":"","overlay-gradient":""}},"footnotes":""},"class_list":["post-10540","page","type-page","status-publish","hentry"],"aioseo_notices":[],"_links":{"self":[{"href":"https:\/\/www.mk-med.ch\/fr\/wp-json\/wp\/v2\/pages\/10540","targetHints":{"allow":["GET"]}}],"collection":[{"href":"https:\/\/www.mk-med.ch\/fr\/wp-json\/wp\/v2\/pages"}],"about":[{"href":"https:\/\/www.mk-med.ch\/fr\/wp-json\/wp\/v2\/types\/page"}],"author":[{"embeddable":true,"href":"https:\/\/www.mk-med.ch\/fr\/wp-json\/wp\/v2\/users\/3"}],"replies":[{"embeddable":true,"href":"https:\/\/www.mk-med.ch\/fr\/wp-json\/wp\/v2\/comments?post=10540"}],"version-history":[{"count":11,"href":"https:\/\/www.mk-med.ch\/fr\/wp-json\/wp\/v2\/pages\/10540\/revisions"}],"predecessor-version":[{"id":12114,"href":"https:\/\/www.mk-med.ch\/fr\/wp-json\/wp\/v2\/pages\/10540\/revisions\/12114"}],"wp:attachment":[{"href":"https:\/\/www.mk-med.ch\/fr\/wp-json\/wp\/v2\/media?parent=10540"}],"curies":[{"name":"wp","href":"https:\/\/api.w.org\/{rel}","templated":true}]}}