{"id":10532,"date":"2021-10-20T21:38:43","date_gmt":"2021-10-20T19:38:43","guid":{"rendered":"https:\/\/www.mk-med.ch\/notfallmedizin\/"},"modified":"2023-02-02T10:28:52","modified_gmt":"2023-02-02T09:28:52","slug":"emergncy-medicin","status":"publish","type":"page","link":"https:\/\/www.mk-med.ch\/fr\/emergncy-medicin\/","title":{"rendered":"M\u00e9decine d&#8217;urgence"},"content":{"rendered":"\n<h2>\n\t\tNotfallmedizin | Erste Hilfe\n\t<\/h2>\n\t<p>Notfallmedizin ist der Oberbegriff f\u00fcr diverse medizinische Ma\u00dfnahmen, die im Rahmen eines Notfalls durchgef\u00fchrt werden. Sie reicht von der Ersten Hilfe durch Rettungskr\u00e4fte bis hin zur Akutbehandlung des Patienten im Rettungswagen oder in der Klinik. Tagt\u00e4glich befinden sich in Deutschland \u00fcber 21.000 Rettungswagen, Krankenwagen und Notarztfahrzeuge im Einsatz, um das Leben von Menschen zu retten. Damit bei Notf\u00e4llen eine bestm\u00f6gliche Versorgung sichergestellt ist, ben\u00f6tigen Sie das richtige Equipment. Bei Meier-Medizintechnik haben Sie Zugriff auf alle notwendigen Produkte f\u00fcr die Notfallmedizin &#8211; zuverl\u00e4ssige Qualit\u00e4t inklusive.<\/p>\n<p>Wir sind Exklusivdistributor f\u00fcr folgende Firmen:<\/p>\n\t\t\t\t<a href=\"https:\/\/de.intersurgical.com\/\" target=\"_blank\" rel=\"noopener\" itemprop=\"url\">\n\t\t\t\t<img decoding=\"async\" src=\"http:\/\/www.mk-med.ch\/wordpress\/wp-content\/uploads\/2021\/10\/Neues-Projekt-17.jpg\" alt=\"Neues Projekt (17)\" itemprop=\"image\" title=\"Neues Projekt (17)\" onerror=\"this.style.display='none'\">\n\t\t\t\t<\/a>\n\t<h3>Intersurgical GmbH<\/h3>\n<p>Intersurgical ist einer der f\u00fchrenden Entwickler, Hersteller und Lieferanten von Einwegprodukten f\u00fcr die respiratorische Unterst\u00fctzung. Sie bieten flexible Patientenl\u00f6sungen f\u00fcr Airway Management, An\u00e4sthesie, Sauerstoff-und Aerosoltherapie sowie f\u00fcr Intensiv- und Homecare-Anwendungen.<\/p>\n<p>Mit mehr als 25 Jahren Erfahrung verstehen sie, die sich kontinuierlich \u00e4ndernden und herausfordernden klinischen Umgebungen, wie auch die Bed\u00fcrfnisse der Kunden und Patienten.<\/p>\n<p>Ihre Vorgehensweise erm\u00f6glicht es, die h\u00f6chsten Standards in Design, Herstellung, Qualit\u00e4t und Kundenbetreuung zu bieten, sodass schnell und effektiv auf Kundenw\u00fcnsche reagiert werden kann. Ziel des Unternehmens ist es, die bestm\u00f6glichen L\u00f6sungen f\u00fcr Patienten und Anwender zu bieten, die Qualit\u00e4t, Innovation und Service sch\u00e4tzen.<\/p>\n\t\t\t\t<a href=\"https:\/\/de.intersurgical.com\/\" target=\"_self\" itemprop=\"url\" rel=\"noopener\">\n\t\t\t\t<img decoding=\"async\" src=\"http:\/\/www.mk-med.ch\/wordpress\/wp-content\/uploads\/2022\/01\/images-300x44.png\" alt=\"images\" itemprop=\"image\" title=\"images\" onerror=\"this.style.display='none'\">\n\t\t\t\t<\/a>\n\t<h3>corpuls &#8211; GS Elektromedizinische Ger\u00e4te G. Stemple GmbH<\/h3>\n<p>H\u00f6chstm\u00f6gliche Qualit\u00e4t, Langlebigkeit und Robustheit, ausgerichtet an die speziellen Gegebenheiten im Notfalleinsatz&nbsp;&#8211; diesen Anspruch hat die Firma GS Elektromedizinische Ger\u00e4te G. Stemple GmbH jeher an ihre Defibrillatoren, Patienten-Monitoringsysteme, Thoraxkompressionsger\u00e4ten und Softwarel\u00f6sungen.<\/p>\n<p>Bereits w\u00e4hrend der Entwicklung&nbsp;denken sie an morgen und machen ihre Ger\u00e4te&nbsp;schon heute fit f\u00fcr zuk\u00fcnftige Updates&nbsp;der Soft- und Hardware. So bleiben corpuls-Produkte auch&nbsp;nach Jahrzehnten noch auf dem neuesten Stand&nbsp;der Technik und werden entsprechend gepr\u00fcft und weiterentwickelt.<\/p>\n\t\t\t\t<a href=\"https:\/\/corpuls.world\/\" target=\"_self\" itemprop=\"url\" rel=\"noopener\">\n\t\t\t\t<img decoding=\"async\" src=\"http:\/\/www.mk-med.ch\/wordpress\/wp-content\/uploads\/2021\/03\/corpuls-1-300x61.jpg\" alt=\"Corpuls Logo\" itemprop=\"image\" title=\"corpuls\" onerror=\"this.style.display='none'\">\n\t\t\t\t<\/a>\n\t\t\t\t<a href=\"https:\/\/corpuls.world\/\" target=\"_blank\" rel=\"noopener\" itemprop=\"url\">\n\t\t\t\t<img decoding=\"async\" src=\"http:\/\/www.mk-med.ch\/wordpress\/wp-content\/uploads\/2022\/03\/corpuls-3t-1.jpg\" alt=\"corpuls 3t (1)\" itemprop=\"image\" title=\"corpuls 3t (1)\" onerror=\"this.style.display='none'\">\n\t\t\t\t<\/a>\n\t\t\t\t<a href=\"http:\/\/www.pax-bags.de\/\" target=\"_blank\" rel=\"noopener\" itemprop=\"url\">\n\t\t\t\t<img decoding=\"async\" src=\"http:\/\/www.mk-med.ch\/wordpress\/wp-content\/uploads\/2021\/10\/Neues-Projekt-30.jpg\" alt=\"Neues Projekt (30)\" itemprop=\"image\" title=\"Neues Projekt (30)\" onerror=\"this.style.display='none'\">\n\t\t\t\t<\/a>\n\t<h3>PAX &#8211; X-CEN-TEK GmbH &amp; Co. KG<\/h3>\n\t<p>Ihre Arbeit f\u00fcr gute Produkte ist ihnen ein Herzensanliegen, mit dieser Kraft sichern sie gesunde, faire sozialversicherte Arbeitspl\u00e4tze f\u00fcr ihr internationales Team. Und mit dem gleichen Respekt begegnen sie der Umwelt. Das Abwasser, das bei der Textilbehandlung anf\u00e4llt, reinigen sie (fast) wieder auf Trinkwasserqualit\u00e4t und fertiges Gewebe k\u00f6nnen sie getrost als vollkommen hautvertr\u00e4glich bezeichnen. Auch die Druckauftr\u00e4ge vergeben sie (fast) immer klimaneutral. Auf all das sind sie stolz, daf\u00fcr arbeiten sie gerne.<\/p>\n<p>Mit ihren Produkten sind sie am liebsten eins: ganz nah an der Seite des Kunden. PAX-Bags sollen nicht nur zuverl\u00e4ssig, praktisch und widerstandsf\u00e4hig sein. Sie wollen, dass ihre Taschen, Rucks\u00e4cke, Ampullarien, treue Begleiter sind, bei allem was der Kunde tut. Und das was dieser tut, ist fast immer lebenswichtig.<\/p>\n\t\t\t\t<a href=\"https:\/\/www.pax-bags.com\/\" target=\"_self\" itemprop=\"url\" rel=\"noopener\">\n\t\t\t\t<img decoding=\"async\" src=\"http:\/\/www.mk-med.ch\/wordpress\/wp-content\/uploads\/2021\/03\/pax-300x79.jpg\" alt=\"Pax\" itemprop=\"image\" title=\"pax\" onerror=\"this.style.display='none'\">\n\t\t\t\t<\/a>\n\t<h3>Servoprax GmbH<\/h3>\n<p>Der medizin-technischer Grosshandel.<\/p>\n<p>Die Servoprax GmbH hat sich seit der Gr\u00fcndung im Jahr 1978 zu einem der umsatzst\u00e4rksten med.-techn. Grossh\u00e4ndler Europas entwickelt. Ihre Kunden sind medizintechnische Gross- und Fachh\u00e4ndler, Sanit\u00e4tsh\u00e4user, Orthop\u00e4die- und Rehatechniker im In- und Ausland.<\/p>\n\t\t\t\t<a href=\"http:\/\/www.servoprax.de\/\" target=\"_self\" itemprop=\"url\" rel=\"noopener\">\n\t\t\t\t<img decoding=\"async\" src=\"http:\/\/www.mk-med.ch\/wordpress\/wp-content\/uploads\/2021\/03\/servopax-300x79.jpg\" alt=\"Servopax\" itemprop=\"image\" title=\"servopax\" onerror=\"this.style.display='none'\">\n\t\t\t\t<\/a>\n\t\t\t\t<a href=\"http:\/\/www.servoprax.de\/\" target=\"_blank\" rel=\"noopener\" itemprop=\"url\">\n\t\t\t\t<img decoding=\"async\" src=\"http:\/\/www.mk-med.ch\/wordpress\/wp-content\/uploads\/2022\/03\/04868_1.webp\" alt=\"04868_1\" itemprop=\"image\" title=\"04868_1\" onerror=\"this.style.display='none'\">\n\t\t\t\t<\/a>\n\t\t\t\t<a href=\"http:\/\/www.mk-med.ch\/wordpress\/wp-content\/uploads\/2021\/01\/Larynxtubus.pdf\" target=\"_blank\" rel=\"noopener\" itemprop=\"url\">\n\t\t\t\t<img decoding=\"async\" src=\"http:\/\/www.mk-med.ch\/wordpress\/wp-content\/uploads\/2022\/03\/PIC01743_LTS-D_Hero_Mockup_001-1.jpg\" alt=\"PIC01743_LTS-D_Hero_Mockup_001 (1)\" itemprop=\"image\" title=\"PIC01743_LTS-D_Hero_Mockup_001 (1)\" onerror=\"this.style.display='none'\">\n\t\t\t\t<\/a>\n\t<h3>VBM Medizintechnik GmbH<\/h3>\n<p>Seit 1981 entwickelt, produziert und vertreibt VBM medizintechnische L\u00f6sungen in den Bereichen Airway Management, Zubeh\u00f6r f\u00fcr die An\u00e4sthesie &amp; Intensivpflege sowie Tourniquet Systeme.<\/p>\n<p>Das Familienunternehmen wurde vor \u00fcber 40 Jahren von Volker Bertram in Sulz am Neckar ger\u00fcndet. \u00abBegonnen hat alles mit dem Cuffdruckmessger\u00e4t &#8211; heute noch ein Hidden Champion von VBM\u00bb, so Carina Bertram, die das Unternehmen seit 2016 leitet.<\/p>\n\t\t\t\t<a href=\"https:\/\/www.mk-med.ch\/wordpress\/wp-content\/uploads\/2021\/01\/Larynxtubus.pdf\" target=\"_self\" itemprop=\"url\" rel=\"noopener\">\n\t\t\t\t<img decoding=\"async\" src=\"http:\/\/www.mk-med.ch\/wordpress\/wp-content\/uploads\/2021\/03\/vbm-300x79.jpg\" alt=\"vbm\" itemprop=\"image\" title=\"vbm\" onerror=\"this.style.display='none'\">\n\t\t\t\t<\/a>\n\t<h3>Safeguard Medical &#8211; Wasser basierende Gel-Technologie<\/h3>\n<p>Safeguard Medical ist die Heimat der weltweit f\u00fchrenden und vertrauensw\u00fcrdigen Marken f\u00fcr notfallmedizinische Produkttechnologien und Kompetenztraining. Mit einem leistungsstarken Portfolio an innovativen, hochwertigen Produkten, Simulationsm\u00f6glichkeiten, Schulungen und Beratungsprogrammen hat sich Safeguard Medical das Ziel gesetzt, Rettungskr\u00e4fte aller Qualifikationsstufen auszustatten und zu bef\u00e4higen, in jeder Umgebung Leben zu retten.<\/p>\n<p>Angetrieben von Innovation und praktischer Erfahrung will Safeguard Medical nicht nur die notfallmedizinischen Anforderungen von heute erf\u00fcllen, sondern sich auch auf die Anforderungen von morgen vorbereiten.<\/p>\n<p>Immer mit dem Ziel: \u00abWir k\u00fcmmern uns um die Menschen. Wir sind dazu da, lebensrettende Produkte und das Wissen \u00fcber notfallmedizinische F\u00e4higkeiten, die Leben erhalten, zusammenzubringen.\u00bb Und der Vision: \u00abUnsere Vision ist es, die Notfallmedizin zu vereinfachen, damit alle Einsatzkr\u00e4fte das Vertrauen und die Mittel haben, lebensrettend einzugreifen.\u00bb<\/p>\n\t\t\t\t<a href=\"https:\/\/safeguardmedical.com\/en-gb\/\" target=\"_self\" itemprop=\"url\" rel=\"noopener\">\n\t\t\t\t<img decoding=\"async\" src=\"https:\/\/www.mk-med.ch\/wordpress\/wp-content\/uploads\/2022\/04\/Safeguard_Medical_Logo-removebg-preview-300x128.png\" alt=\"Safeguard_Medical_Logo-removebg-preview\" itemprop=\"image\" height=\"128\" width=\"300\" title=\"Safeguard_Medical_Logo-removebg-preview\" onerror=\"this.style.display='none'\">\n\t\t\t\t<\/a>\n\t\t\t\t<a href=\"https:\/\/safeguardmedical.com\/en-gb\/\" target=\"_blank\" rel=\"noopener\" itemprop=\"url\">\n\t\t\t\t<img decoding=\"async\" src=\"https:\/\/www.mk-med.ch\/wordpress\/wp-content\/uploads\/2021\/10\/Neues-Projekt-32.jpg\" alt=\"Neues Projekt (32)\" itemprop=\"image\" height=\"300\" width=\"400\" title=\"Neues Projekt (32)\" onerror=\"this.style.display='none'\">\n\t\t\t\t<\/a>\n\t\t\t\t<a href=\"http:\/\/www.airtraq.com\/\" target=\"_blank\" rel=\"noopener\" itemprop=\"url\">\n\t\t\t\t<img decoding=\"async\" src=\"http:\/\/www.mk-med.ch\/wordpress\/wp-content\/uploads\/2021\/10\/Neues-Projekt-28.jpg\" alt=\"Neues Projekt (28)\" itemprop=\"image\" title=\"Neues Projekt (28)\" onerror=\"this.style.display='none'\">\n\t\t\t\t<\/a>\n\t<h3>Prodol &#8211; AIRTRAQ<\/h3>\n<p>Schnelle und effiziente Sicherung des Atemweges. Die Produkte der Firma Prodol Meditec sind die optimale L\u00f6sung bei einer schwierigen Intubation. Das Einweglaryngoskop erm\u00f6glicht eine uneingeschr\u00e4nkte Sicht auf die Atemwege w\u00e4hrend der gesamten Intubation. Dasselbe gilt auch f\u00fcr das anatomisch geformte Mehrweg-Laryngoskop. Ihre robuste WiFi Kamera kann an jeden Airtraq angeschlossen werden und die Bilddrehung erm\u00f6glicht auch hier die Intubation aus jeder Position.<\/p>\n\t\t\t\t<a href=\"https:\/\/www.airtraq.com\/\" target=\"_self\" itemprop=\"url\" rel=\"noopener\">\n\t\t\t\t<img decoding=\"async\" src=\"http:\/\/www.mk-med.ch\/wordpress\/wp-content\/uploads\/2021\/03\/AirTrac-300x79.jpg\" alt=\"AirTrac Logo\" itemprop=\"image\" title=\"AirTrac\" onerror=\"this.style.display='none'\">\n\t\t\t\t<\/a>\n\t<h3>Heine Optotechnik GmbH &amp; Co. KG<\/h3>\n<p>Als ein weltweit f\u00fchrender Hersteller von Prim\u00e4rdiagnostik-Instrumenten mit \u00fcber 500 Mitarbeitern ist HEINE Optotechnik seit mehr als 75&nbsp;Jahren ein zu 100 Prozent inhabergef\u00fchrtes Familienunternehmen. Sie entwickeln und fertigen HEINE Instrumente auch zuk\u00fcnftig in ihrer Produktionseinrichtungen am Standort Deutschland, wo sie jahrzehntelange Erfahrung und Handwerkskunst mit modernsten Fertigungstechnologien vereinen.<\/p>\n<p>Sie sind in \u00fcber 120 L\u00e4ndern weltweit vertreten &#8211; mit Niederlassungen in Australien, den USA und der Schweiz sowie rund 3.000 Repr\u00e4sentanten, Importeuren und spezialisierten Fachh\u00e4ndlern.<\/p>\n\t\t\t\t<a href=\"https:\/\/www.heine.com\/de\/\" target=\"_self\" itemprop=\"url\" rel=\"noopener\">\n\t\t\t\t<img decoding=\"async\" src=\"http:\/\/www.mk-med.ch\/wordpress\/wp-content\/uploads\/2021\/03\/heine-300x79.jpg\" alt=\"Heine Logo\" itemprop=\"image\" title=\"heine\" onerror=\"this.style.display='none'\">\n\t\t\t\t<\/a>\n\t\t\t\t<a href=\"http:\/\/www.heine.com\/\" target=\"_blank\" rel=\"noopener\" itemprop=\"url\">\n\t\t\t\t<img decoding=\"async\" src=\"https:\/\/www.mk-med.ch\/wordpress\/wp-content\/uploads\/2021\/10\/Neues-Projekt-29.jpg\" alt=\"Neues Projekt (29)\" itemprop=\"image\" height=\"300\" width=\"400\" title=\"Neues Projekt (29)\" onerror=\"this.style.display='none'\">\n\t\t\t\t<\/a>\n\t\t\t\t<a href=\"http:\/\/www.sammedical.com\/\" target=\"_blank\" rel=\"noopener\" itemprop=\"url\">\n\t\t\t\t<img decoding=\"async\" src=\"http:\/\/www.mk-med.ch\/wordpress\/wp-content\/uploads\/2022\/03\/Splint_Copy_7_540x_15f3b383-a34e-4438-93e4-081f46d2c33b_1024x1024.jpg\" alt=\"Splint_Copy_7_540x_15f3b383-a34e-4438-93e4-081f46d2c33b_1024x1024\" itemprop=\"image\" title=\"Splint_Copy_7_540x_15f3b383-a34e-4438-93e4-081f46d2c33b_1024x1024\" onerror=\"this.style.display='none'\">\n\t\t\t\t<\/a>\n\t<h3>SAM Medical<\/h3>\n<p>Was als Funke der Innovation begann, als der Gr\u00fcnder Dr. Sam Scheinberg einen medizinischen Durchbruch in einer einfachen Kaugummiverpackung entdeckte, ist heute eine weltweit anerkannte Marke f\u00fcr medizinische Notfalll\u00f6sungen. Vom Milit\u00e4r bis zu den Strafverfolgungsbeh\u00f6rden, von Rettungsdiensten und Ersthelfern bis zu Feuerwehr- und Rettungskr\u00e4ften und Krankenhauspersonal auf der ganzen Welt. Ist man in der Verletzungsbranche t\u00e4tig, kennt und vertraut man SAM Medical.<\/p>\n<p>Um die verschiedenen Kunden zu bedienen und die Leidenschaft ihres Gr\u00fcnders f\u00fcr Innovation zu f\u00f6rdern, hat SAM eine Organisation von Weltklasse aufgebaut. Ihr Standort in Tualatin liegt in der N\u00e4he von Portland, OR, einem Zentrum f\u00fcr Biowissenschaften und Technologie. Das Unternehmen bietet Zugang zu erstklassigen Talenten und Ressourcen.<\/p>\n<p>Sie haben ihre Unternehmensniederlassungen, ihre Forschungs- und Entwicklungslabor, ihre Produktionsanlagen und Lagerh\u00e4user aufeinander abgestimmt und integriert, um das Innovationstempo zu erh\u00f6hen und ihre L\u00f6sungen so schnell wie m\u00f6glich in die H\u00e4nde ihrer Kunden zu geben.<\/p>\n\t\t\t\t<a href=\"https:\/\/www.sammedical.com\/\" target=\"_self\" itemprop=\"url\" rel=\"noopener\">\n\t\t\t\t<img decoding=\"async\" src=\"http:\/\/www.mk-med.ch\/wordpress\/wp-content\/uploads\/2021\/03\/sam_medical-300x79.jpg\" alt=\"Sam Medical\" itemprop=\"image\" title=\"sam_medical\" onerror=\"this.style.display='none'\">\n\t\t\t\t<\/a>\n\t<h3>Metrax GmbH &#8211; Primedic<\/h3>\n<p>Ihre DefiMonitor-Reihe wird best\u00e4ndig erg\u00e4nzt und weiterentwickelt. Zus\u00e4tzlich werden f\u00fcr die Anwendung im Erste Hilfe Bereich mit der&nbsp;HeartSave-Serie eine Reihe von Automatisierten Externen Defibrillatoren (AED) konzipiert. Hierdurch decken die PRIMEDIC-Defibrillatoren s\u00e4mtliche Einsatzgebiete der Notfallmedizin zuverl\u00e4ssig ab &#8211; ob Ersthelfer:in, \u00e4rztliche Praxen, Rettungsdienste oder Kliniken.<\/p>\n<p>Ausgereifte und sichere Technologie, einfache Bedienung, hohe Qualit\u00e4t und absolute Zuverl\u00e4ssigkeit auch unter Extrembedingungen &#8211; das sind nur einige der zahlreichen unverwechselbaren Merkmale der PRIMEDIC Defibrillatoren. Weltweit vertrauen Ersthelfer:innen und Professionelle Anwender:innen tagt\u00e4glich auf die Leistung und Zuverl\u00e4ssigkeit der Primedic Produkte.<\/p>\n\t\t\t\t<a href=\"https:\/\/www.primedic.com\/\" target=\"_self\" itemprop=\"url\" rel=\"noopener\">\n\t\t\t\t<img decoding=\"async\" src=\"http:\/\/www.mk-med.ch\/wordpress\/wp-content\/uploads\/2019\/07\/Primedic_Logo-300x89.jpg\" alt=\"Primedic_Logo\" itemprop=\"image\" title=\"Primedic_Logo\" onerror=\"this.style.display='none'\">\n\t\t\t\t<\/a>\n\t\t\t\t<a href=\"http:\/\/www.metrax.de\/\" target=\"_blank\" rel=\"noopener\" itemprop=\"url\">\n\t\t\t\t<img decoding=\"async\" src=\"http:\/\/www.mk-med.ch\/wordpress\/wp-content\/uploads\/2021\/10\/csm_HeartSave_AED-M_1921x1278_41cd01fad6.jpg\" alt=\"csm_HeartSave_AED-M_1921x1278_41cd01fad6\" itemprop=\"image\" title=\"csm_HeartSave_AED-M_1921x1278_41cd01fad6\" onerror=\"this.style.display='none'\">\n\t\t\t\t<\/a>\n\t\t\t\t<a href=\"http:\/\/www.schnitzler-rettungsprodukte.de\/\" target=\"_blank\" rel=\"noopener\" itemprop=\"url\">\n\t\t\t\t<img decoding=\"async\" src=\"http:\/\/www.mk-med.ch\/wordpress\/wp-content\/uploads\/2021\/10\/Neues-Projekt-34.jpg\" alt=\"Neues Projekt (34)\" itemprop=\"image\" title=\"Neues Projekt (34)\" onerror=\"this.style.display='none'\">\n\t\t\t\t<\/a>\n\t<h3>Schnitzler Rettungsprodukte GmbH &amp; Co. KG<\/h3>\n<p>Seit 1986 produziert und vertreibt das Unternehmen hochqualifizierte Produkte f\u00fcr&nbsp;Rettungsdienst und Krankentransport.&nbsp;Ihr Firmensitz ist in Niederkassel-Mondorf bei Bonn. Hier werden alle Produkte entwickelt und hergestellt.<\/p>\n<p>SCHNITZLER Rettungsprodukte steht f\u00fcr hohe&nbsp;Innovationsbereitschaft,&nbsp;professionelles&nbsp;Know-How&nbsp;und langj\u00e4hrige&nbsp;Erfahrung.&nbsp;Auf&nbsp;Sicherheit&nbsp;und praxisnahen&nbsp;Kundenservice&nbsp;legen sie gr\u00f6ssten Wert. Ausf\u00fchrliche&nbsp;Produkttests&nbsp;und&nbsp;Erfahrungsberichte&nbsp;fliessen in die Optimierung ihrer Angebotspalette ein. Durch die enge Zusammenarbeit mit den Anwendern k\u00f6nnen sie die Handhabung und den Komfort ihrer Produkte immer weiter verbessern.<\/p>\n\t\t\t\t<a href=\"https:\/\/schnitzler-rettungsprodukte.de\/\" target=\"_self\" itemprop=\"url\" rel=\"noopener\">\n\t\t\t\t<img decoding=\"async\" src=\"http:\/\/www.mk-med.ch\/wordpress\/wp-content\/uploads\/2021\/03\/schnitzler-300x79.jpg\" alt=\"Schnitzler\" itemprop=\"image\" title=\"schnitzler\" onerror=\"this.style.display='none'\">\n\t\t\t\t<\/a>\n","protected":false},"excerpt":{"rendered":"<p>Notfallmedizin | Erste Hilfe Notfallmedizin ist der Oberbegriff f\u00fcr diverse medizinische Ma\u00dfnahmen, die im Rahmen eines Notfalls durchgef\u00fchrt werden. Sie reicht von der Ersten Hilfe durch Rettungskr\u00e4fte bis hin zur Akutbehandlung des Patienten im Rettungswagen oder in der Klinik. Tagt\u00e4glich befinden sich in Deutschland \u00fcber 21.000 Rettungswagen, Krankenwagen und Notarztfahrzeuge im Einsatz, um das Leben [&hellip;]<\/p>\n","protected":false},"author":3,"featured_media":0,"parent":0,"menu_order":0,"comment_status":"closed","ping_status":"closed","template":"","meta":{"site-sidebar-layout":"no-sidebar","site-content-layout":"page-builder","ast-site-content-layout":"default","site-content-style":"default","site-sidebar-style":"default","ast-global-header-display":"","ast-banner-title-visibility":"","ast-main-header-display":"","ast-hfb-above-header-display":"","ast-hfb-below-header-display":"","ast-hfb-mobile-header-display":"","site-post-title":"disabled","ast-breadcrumbs-content":"","ast-featured-img":"disabled","footer-sml-layout":"","ast-disable-related-posts":"","theme-transparent-header-meta":"default","adv-header-id-meta":"","stick-header-meta":"default","header-above-stick-meta":"","header-main-stick-meta":"","header-below-stick-meta":"","astra-migrate-meta-layouts":"default","ast-page-background-enabled":"default","ast-page-background-meta":{"desktop":{"background-color":"","background-image":"","background-repeat":"repeat","background-position":"center center","background-size":"auto","background-attachment":"scroll","background-type":"","background-media":"","overlay-type":"","overlay-color":"","overlay-opacity":"","overlay-gradient":""},"tablet":{"background-color":"","background-image":"","background-repeat":"repeat","background-position":"center center","background-size":"auto","background-attachment":"scroll","background-type":"","background-media":"","overlay-type":"","overlay-color":"","overlay-opacity":"","overlay-gradient":""},"mobile":{"background-color":"","background-image":"","background-repeat":"repeat","background-position":"center center","background-size":"auto","background-attachment":"scroll","background-type":"","background-media":"","overlay-type":"","overlay-color":"","overlay-opacity":"","overlay-gradient":""}},"ast-content-background-meta":{"desktop":{"background-color":"var(--ast-global-color-5)","background-image":"","background-repeat":"repeat","background-position":"center center","background-size":"auto","background-attachment":"scroll","background-type":"","background-media":"","overlay-type":"","overlay-color":"","overlay-opacity":"","overlay-gradient":""},"tablet":{"background-color":"var(--ast-global-color-5)","background-image":"","background-repeat":"repeat","background-position":"center center","background-size":"auto","background-attachment":"scroll","background-type":"","background-media":"","overlay-type":"","overlay-color":"","overlay-opacity":"","overlay-gradient":""},"mobile":{"background-color":"var(--ast-global-color-5)","background-image":"","background-repeat":"repeat","background-position":"center center","background-size":"auto","background-attachment":"scroll","background-type":"","background-media":"","overlay-type":"","overlay-color":"","overlay-opacity":"","overlay-gradient":""}},"footnotes":""},"class_list":["post-10532","page","type-page","status-publish","hentry"],"aioseo_notices":[],"_links":{"self":[{"href":"https:\/\/www.mk-med.ch\/fr\/wp-json\/wp\/v2\/pages\/10532","targetHints":{"allow":["GET"]}}],"collection":[{"href":"https:\/\/www.mk-med.ch\/fr\/wp-json\/wp\/v2\/pages"}],"about":[{"href":"https:\/\/www.mk-med.ch\/fr\/wp-json\/wp\/v2\/types\/page"}],"author":[{"embeddable":true,"href":"https:\/\/www.mk-med.ch\/fr\/wp-json\/wp\/v2\/users\/3"}],"replies":[{"embeddable":true,"href":"https:\/\/www.mk-med.ch\/fr\/wp-json\/wp\/v2\/comments?post=10532"}],"version-history":[{"count":7,"href":"https:\/\/www.mk-med.ch\/fr\/wp-json\/wp\/v2\/pages\/10532\/revisions"}],"predecessor-version":[{"id":11124,"href":"https:\/\/www.mk-med.ch\/fr\/wp-json\/wp\/v2\/pages\/10532\/revisions\/11124"}],"wp:attachment":[{"href":"https:\/\/www.mk-med.ch\/fr\/wp-json\/wp\/v2\/media?parent=10532"}],"curies":[{"name":"wp","href":"https:\/\/api.w.org\/{rel}","templated":true}]}}