{"id":10525,"date":"2021-10-04T20:53:11","date_gmt":"2021-10-04T18:53:11","guid":{"rendered":"https:\/\/www.mk-med.ch\/neonatologie\/"},"modified":"2022-11-20T17:25:07","modified_gmt":"2022-11-20T16:25:07","slug":"neonatalogie","status":"publish","type":"page","link":"https:\/\/www.mk-med.ch\/fr\/neonatalogie\/","title":{"rendered":"N\u00e9onatalogie"},"content":{"rendered":"\n<h2>\n\t\tN\u00e9onatalogie\n\t<\/h2>\n\t<p>La m\u00e9decine de pointe offre aujourd&#8217;hui \u00e0 tous les enfants, m\u00eame aux plus grands pr\u00e9matur\u00e9s, une vraie chance de grandir en bonne sant\u00e9. Le march\u00e9 mondial offre une gamme diversifi\u00e9e de produits pour assurer la survie et la croissance des enfants n\u00e9s pr\u00e9matur\u00e9ment.<\/p>\n<p>Dans cette cat\u00e9gorie, nous avons rassembl\u00e9 une gamme de produits de marques renomm\u00e9es. Ici aussi, nous sommes convaincus qu&#8217;en plus de la technique de soin invasive, le recours \u00e0 des consommables de grande qualit\u00e9 adapt\u00e9s aux besoins particuliers des petits et tr\u00e8s petits patients est indiqu\u00e9 pour garantir le parfait d\u00e9roulement du traitement.<\/p>\n<p>Par cons\u00e9quent, nous sommes distributeurs exclusifs pour les soci\u00e9t\u00e9s suivantes:<\/p>\n\t\t\t\t<a href=\"https:\/\/de.intersurgical.com\/\" target=\"_blank\" rel=\"noopener\" itemprop=\"url\">\n\t\t\t\t<img decoding=\"async\" src=\"http:\/\/www.mk-med.ch\/wordpress\/wp-content\/uploads\/2021\/10\/Intersurgical.jpg\" alt=\"Intersurgical\" itemprop=\"image\" title=\"Intersurgical\" onerror=\"this.style.display='none'\"  \/>\n\t\t\t\t<\/a>\n\t<h3>Intersurgical GmbH<\/h3>\n<p>Intersurgical est l&#8217;un des principaux d\u00e9veloppeurs, fabricants et fournisseurs de dispositifs \u00e0 usage unique pour l&#8217;assistance respiratoire. Cette entreprise offre des solutions adaptables \u00e0 chaque patient eu \u00e9gard \u00e0 la gestion des voies respiratoires, l&#8217;anesth\u00e9sie, l&#8217;oxyg\u00e9noth\u00e9rapie et l&#8217;a\u00e9rosolth\u00e9rapie, ainsi que dans le domaine des soins intensifs et des soins \u00e0 domicile.<\/p>\n<p>Gr\u00e2ce \u00e0 ses 25 ans d&#8217;exp\u00e9rience, elle connait parfaitement l&#8217;environnement clinique en constante \u00e9volution, les d\u00e9fis \u00e0 relever, ainsi que les besoins des clients et des patients.<\/p>\n<p>Son approche garantit le respect des normes les plus exigeantes en mati\u00e8re de conception, de fabrication, de qualit\u00e9 et de service \u00e0 la client\u00e8le, ce qui permet de r\u00e9pondre rapidement et efficacement aux demandes des clients. Son objectif est de fournir les meilleures solutions possibles aux patients et aux utilisateurs soucieux de qualit\u00e9, d&#8217;innovation et de service fiable.<\/p>\n\t\t\t\t<a href=\"https:\/\/de.intersurgical.com\/\" target=\"_self\" itemprop=\"url\" rel=\"noopener\">\n\t\t\t\t<img decoding=\"async\" src=\"https:\/\/www.mk-med.ch\/wordpress\/wp-content\/uploads\/2022\/01\/images-300x44.png\" alt=\"images\" itemprop=\"image\" height=\"44\" width=\"300\" title=\"images\" onerror=\"this.style.display='none'\"  \/>\n\t\t\t\t<\/a>\n\t<h3>Kanmed AB<\/h3>\n<p>Syst\u00e8mes de r\u00e9chauffement des patients.<\/p>\n<p>Kanmed est une soci\u00e9t\u00e9 su\u00e9doise qui fournit des produits de haute qualit\u00e9 pour le r\u00e9chauffement des patients aux h\u00f4pitaux du monde entier depuis plus de 30 ans.<\/p>\n<p>Des milliers de produits Kanmed ont r\u00e9chauff\u00e9 les jeunes patients de mani\u00e8re s\u00fbre et efficace. Ses produits sont largement utilis\u00e9s en p\u00e9diatrie \/ n\u00e9onatalogie. Qu&#8217;il s&#8217;agisse d&#8217;une couveuse simple ou double, chaque enfant y trouvera une couveuse adapt\u00e9e.<\/p>\n\t\t\t\t<a href=\"https:\/\/kanmed.se\/\" target=\"_self\" itemprop=\"url\" rel=\"noopener\">\n\t\t\t\t<img decoding=\"async\" src=\"https:\/\/www.mk-med.ch\/wordpress\/wp-content\/uploads\/2022\/01\/logo-3-300x86.png\" alt=\"logo (3)\" itemprop=\"image\" height=\"86\" width=\"300\" title=\"logo (3)\" onerror=\"this.style.display='none'\"  \/>\n\t\t\t\t<\/a>\n\t\t\t\t<a href=\"http:\/\/www.kanmed.se\/\" target=\"_blank\" rel=\"noopener\" itemprop=\"url\">\n\t\t\t\t<img decoding=\"async\" src=\"http:\/\/www.mk-med.ch\/wordpress\/wp-content\/uploads\/2021\/10\/Neues-Projekt-3-1.jpg\" alt=\"Neues Projekt (3) (1)\" itemprop=\"image\" title=\"Neues Projekt (3) (1)\" onerror=\"this.style.display='none'\"  \/>\n\t\t\t\t<\/a>\n\t\t\t\t<a href=\"http:\/\/www.medin-innovations.de\/\" target=\"_blank\" rel=\"noopener\" itemprop=\"url\">\n\t\t\t\t<img decoding=\"async\" src=\"http:\/\/www.mk-med.ch\/wordpress\/wp-content\/uploads\/2022\/03\/cno-transparent-screen-1.png\" alt=\"cno-transparent-screen (1)\" itemprop=\"image\" title=\"cno-transparent-screen (1)\" onerror=\"this.style.display='none'\"  \/>\n\t\t\t\t<\/a>\n\t<h3>Medin Medical Innovations GmbH<\/h3>\n<p>Votre c\u0153ur bat pour les pr\u00e9matur\u00e9s et les nouveau-n\u00e9s<\/p>\n<p>En tant que fabricant en situation de monopole, cette entreprise offre des solutions et des produits constituant une gamme compl\u00e8te pour l&#8217;assistance respiratoire non invasive destin\u00e9e aux pr\u00e9matur\u00e9s et aux nouveau-n\u00e9s. Elle propose une bo\u00eete \u00e0 outils grande et coordonn\u00e9e pour le traitement VNI des petits patients, de la PPC \u00e0 l&#8217;HFO non invasive en passant par l&#8217;aide respiratoire assist\u00e9e.<\/p>\n<p>Les accessoires sont parfaitement adapt\u00e9s aux appareils Medin. Ils peuvent \u00e9galement \u00eatre utilis\u00e9s avec de nombreux autres appareils et donnent ainsi au client des options vari\u00e9es et surtout pratiques.<\/p>\n\t\t\t\t<a href=\"https:\/\/www.medin-medical.com\/de\/\" target=\"_self\" itemprop=\"url\" rel=\"noopener\">\n\t\t\t\t<img decoding=\"async\" src=\"http:\/\/www.mk-med.ch\/wordpress\/wp-content\/uploads\/2022\/04\/medin-logo2.png\" alt=\"medin-logo2\" itemprop=\"image\" title=\"medin-logo2\" onerror=\"this.style.display='none'\"  \/>\n\t\t\t\t<\/a>\n\n","protected":false},"excerpt":{"rendered":"<p>N\u00e9onatalogie La m\u00e9decine de pointe offre aujourd&#8217;hui \u00e0 tous les enfants, m\u00eame aux plus grands pr\u00e9matur\u00e9s, une vraie chance de grandir en bonne sant\u00e9. Le march\u00e9 mondial offre une gamme diversifi\u00e9e de produits pour assurer la survie et la croissance des enfants n\u00e9s pr\u00e9matur\u00e9ment. Dans cette cat\u00e9gorie, nous avons rassembl\u00e9 une gamme de produits de [&hellip;]<\/p>\n","protected":false},"author":3,"featured_media":0,"parent":0,"menu_order":0,"comment_status":"closed","ping_status":"closed","template":"","meta":{"site-sidebar-layout":"no-sidebar","site-content-layout":"page-builder","ast-site-content-layout":"default","site-content-style":"default","site-sidebar-style":"default","ast-global-header-display":"","ast-banner-title-visibility":"","ast-main-header-display":"","ast-hfb-above-header-display":"","ast-hfb-below-header-display":"","ast-hfb-mobile-header-display":"","site-post-title":"disabled","ast-breadcrumbs-content":"","ast-featured-img":"disabled","footer-sml-layout":"","ast-disable-related-posts":"","theme-transparent-header-meta":"default","adv-header-id-meta":"","stick-header-meta":"default","header-above-stick-meta":"","header-main-stick-meta":"","header-below-stick-meta":"","astra-migrate-meta-layouts":"default","ast-page-background-enabled":"default","ast-page-background-meta":{"desktop":{"background-color":"","background-image":"","background-repeat":"repeat","background-position":"center center","background-size":"auto","background-attachment":"scroll","background-type":"","background-media":"","overlay-type":"","overlay-color":"","overlay-opacity":"","overlay-gradient":""},"tablet":{"background-color":"","background-image":"","background-repeat":"repeat","background-position":"center center","background-size":"auto","background-attachment":"scroll","background-type":"","background-media":"","overlay-type":"","overlay-color":"","overlay-opacity":"","overlay-gradient":""},"mobile":{"background-color":"","background-image":"","background-repeat":"repeat","background-position":"center center","background-size":"auto","background-attachment":"scroll","background-type":"","background-media":"","overlay-type":"","overlay-color":"","overlay-opacity":"","overlay-gradient":""}},"ast-content-background-meta":{"desktop":{"background-color":"var(--ast-global-color-5)","background-image":"","background-repeat":"repeat","background-position":"center center","background-size":"auto","background-attachment":"scroll","background-type":"","background-media":"","overlay-type":"","overlay-color":"","overlay-opacity":"","overlay-gradient":""},"tablet":{"background-color":"var(--ast-global-color-5)","background-image":"","background-repeat":"repeat","background-position":"center center","background-size":"auto","background-attachment":"scroll","background-type":"","background-media":"","overlay-type":"","overlay-color":"","overlay-opacity":"","overlay-gradient":""},"mobile":{"background-color":"var(--ast-global-color-5)","background-image":"","background-repeat":"repeat","background-position":"center center","background-size":"auto","background-attachment":"scroll","background-type":"","background-media":"","overlay-type":"","overlay-color":"","overlay-opacity":"","overlay-gradient":""}},"footnotes":""},"class_list":["post-10525","page","type-page","status-publish","hentry"],"aioseo_notices":[],"_links":{"self":[{"href":"https:\/\/www.mk-med.ch\/fr\/wp-json\/wp\/v2\/pages\/10525","targetHints":{"allow":["GET"]}}],"collection":[{"href":"https:\/\/www.mk-med.ch\/fr\/wp-json\/wp\/v2\/pages"}],"about":[{"href":"https:\/\/www.mk-med.ch\/fr\/wp-json\/wp\/v2\/types\/page"}],"author":[{"embeddable":true,"href":"https:\/\/www.mk-med.ch\/fr\/wp-json\/wp\/v2\/users\/3"}],"replies":[{"embeddable":true,"href":"https:\/\/www.mk-med.ch\/fr\/wp-json\/wp\/v2\/comments?post=10525"}],"version-history":[{"count":3,"href":"https:\/\/www.mk-med.ch\/fr\/wp-json\/wp\/v2\/pages\/10525\/revisions"}],"predecessor-version":[{"id":11045,"href":"https:\/\/www.mk-med.ch\/fr\/wp-json\/wp\/v2\/pages\/10525\/revisions\/11045"}],"wp:attachment":[{"href":"https:\/\/www.mk-med.ch\/fr\/wp-json\/wp\/v2\/media?parent=10525"}],"curies":[{"name":"wp","href":"https:\/\/api.w.org\/{rel}","templated":true}]}}