{"id":10515,"date":"2021-10-04T21:15:57","date_gmt":"2021-10-04T19:15:57","guid":{"rendered":"https:\/\/www.mk-med.ch\/produktuebersicht\/"},"modified":"2023-06-12T11:36:20","modified_gmt":"2023-06-12T09:36:20","slug":"apercu-des-produits","status":"publish","type":"page","link":"https:\/\/www.mk-med.ch\/fr\/apercu-des-produits\/","title":{"rendered":"Aper\u00e7u des produits"},"content":{"rendered":"\n<h1>\n\t\tAper\u00e7u des produits\n\t<\/h1>\n\t\t\t\t<a href=\"https:\/\/www.mk-med.ch\/wordpress\/wp-content\/uploads\/2021\/10\/Neues-Projekt-8.jpg\" target=\"_self\" itemprop=\"url\" rel=\"noopener\">\n\t\t\t\t<img decoding=\"async\" src=\"http:\/\/www.mk-med.ch\/wordpress\/wp-content\/uploads\/2021\/10\/Neues-Projekt-8-300x225.jpg\" alt=\"Neues Projekt (8)\" itemprop=\"image\" title=\"Neues Projekt (8)\" onerror=\"this.style.display='none'\"  \/>\n\t\t\t\t<\/a>\n\t\t<h2>N\u00e9onatalogie<\/h2>\n\t\t\t\t<p>En soins intensifs, les pr\u00e9matur\u00e9s de faible ou tr\u00e8s faible poids de naissance requi\u00e8rent une attention particuli\u00e8re. C&#8217;est la raison pour laquelle nous proposons des solutions sur mesure pour r\u00e9pondre aux besoins sp\u00e9cifiques de votre unit\u00e9 de soins intensifs n\u00e9onataux.<\/p>\n\t\t\t<a href=\"https:\/\/www.mk-med.ch\/fr\/neonatologie\/\" target=\"_self\" role=\"button\" aria-label=\"En savoir plus...\" rel=\"noopener\">\n\t\t\t\t\t\t\tEn savoir plus&#8230;\n\t\t<\/a>\n\t\t\t\t<a href=\"https:\/\/www.mk-med.ch\/wordpress\/wp-content\/uploads\/2021\/10\/Neues-Projekt-11.jpg\" target=\"_self\" itemprop=\"url\" rel=\"noopener\">\n\t\t\t\t<img decoding=\"async\" src=\"http:\/\/www.mk-med.ch\/wordpress\/wp-content\/uploads\/2021\/10\/Neues-Projekt-11-300x225.jpg\" alt=\"Neues Projekt (11)\" itemprop=\"image\" title=\"Neues Projekt (11)\" onerror=\"this.style.display='none'\"  \/>\n\t\t\t\t<\/a>\n\t\t<h2>Anesth\u00e9sie<\/h2>\n\t\t\t\t<p>L&#8217;\u00e9quipement m\u00e9dical des h\u00f4pitaux et des cliniques est d\u00e9terminant pour que le traitement du patient soit s\u00fbr et r\u00e9ussi. Notre vaste gamme de produits offre un large choix d&#8217;accessoires destin\u00e9s \u00e0 l&#8217;anesth\u00e9sie et \u00e0 la m\u00e9decine intensive.<\/p>\n\t\t\t<a href=\"https:\/\/www.mk-med.ch\/fr\/anaesthesie-intensiv-op1\/\" target=\"_self\" role=\"button\" aria-label=\"En savoir plus...\" rel=\"noopener\">\n\t\t\t\t\t\t\tEn savoir plus&#8230;\n\t\t<\/a>\n\t\t\t\t<a href=\"https:\/\/www.mk-med.ch\/wordpress\/wp-content\/uploads\/2021\/10\/Neues-Projekt-10.jpg\" target=\"_self\" itemprop=\"url\" rel=\"noopener\">\n\t\t\t\t<img decoding=\"async\" src=\"http:\/\/www.mk-med.ch\/wordpress\/wp-content\/uploads\/2021\/10\/Neues-Projekt-10-300x225.jpg\" alt=\"Neues Projekt (10)\" itemprop=\"image\" title=\"Neues Projekt (10)\" onerror=\"this.style.display='none'\"  \/>\n\t\t\t\t<\/a>\n\t\t<h2>M\u00e9decine d&#8217;urgence<\/h2>\n\t\t\t\t<p>Pour garantir les meilleurs soins possibles en cas d&#8217;urgence, il convient d&#8217;\u00eatre \u00e9quip\u00e9 de mani\u00e8re ad\u00e9quate. Chez MK-MED, vous trouverez tous les produits n\u00e9cessaires \u00e0 la m\u00e9decine d&#8217;urgence &#8211; qualit\u00e9 et fiabilit\u00e9 garanties.<\/p>\n\t\t\t<a href=\"https:\/\/www.mk-med.ch\/fr\/notfallmedizin\/\" target=\"_self\" role=\"button\" aria-label=\"En savoir plus...\" rel=\"noopener\">\n\t\t\t\t\t\t\tEn savoir plus&#8230;\n\t\t<\/a>\n\t\t\t\t<a href=\"https:\/\/www.mk-med.ch\/wordpress\/wp-content\/uploads\/2021\/10\/Neues-Projekt-9.jpg\" target=\"_self\" itemprop=\"url\" rel=\"noopener\">\n\t\t\t\t<img decoding=\"async\" src=\"http:\/\/www.mk-med.ch\/wordpress\/wp-content\/uploads\/2021\/10\/Neues-Projekt-9-300x225.jpg\" alt=\"Neues Projekt (9)\" itemprop=\"image\" title=\"Neues Projekt (9)\" onerror=\"this.style.display='none'\"  \/>\n\t\t\t\t<\/a>\n\t\t<h2>Actualit\u00e9s<\/h2>\n\t\t\t\t<p>Vous trouverez ici toutes les nouveaut\u00e9s concernant les produits m\u00e9dicaux que nous proposons et que nous pouvons vous conseiller. Cela vaut la peine d&#8217;y jeter un coup d&#8217;\u0153il r\u00e9guli\u00e8rement, car l&#8217;\u00e9volution en mati\u00e8re de techniques m\u00e9dicales est rapide et passionnante.<\/p>\n\t\t\t<a href=\"https:\/\/www.mk-med.ch\/fr\/neuigkeiten1\/\" target=\"_self\" role=\"button\" aria-label=\"En savoir plus...\" rel=\"noopener\">\n\t\t\t\t\t\t\tEn savoir plus&#8230;\n\t\t<\/a>\n\n","protected":false},"excerpt":{"rendered":"<p>Aper\u00e7u des produits N\u00e9onatalogie En soins intensifs, les pr\u00e9matur\u00e9s de faible ou tr\u00e8s faible poids de naissance requi\u00e8rent une attention particuli\u00e8re. C&#8217;est la raison pour laquelle nous proposons des solutions sur mesure pour r\u00e9pondre aux besoins sp\u00e9cifiques de votre unit\u00e9 de soins intensifs n\u00e9onataux. En savoir plus&#8230; Anesth\u00e9sie L&#8217;\u00e9quipement m\u00e9dical des h\u00f4pitaux et des cliniques [&hellip;]<\/p>\n","protected":false},"author":3,"featured_media":0,"parent":0,"menu_order":0,"comment_status":"closed","ping_status":"closed","template":"","meta":{"site-sidebar-layout":"default","site-content-layout":"default","ast-site-content-layout":"default","site-content-style":"default","site-sidebar-style":"default","ast-global-header-display":"","ast-banner-title-visibility":"","ast-main-header-display":"","ast-hfb-above-header-display":"","ast-hfb-below-header-display":"","ast-hfb-mobile-header-display":"","site-post-title":"","ast-breadcrumbs-content":"","ast-featured-img":"","footer-sml-layout":"","ast-disable-related-posts":"","theme-transparent-header-meta":"default","adv-header-id-meta":"","stick-header-meta":"default","header-above-stick-meta":"","header-main-stick-meta":"","header-below-stick-meta":"","astra-migrate-meta-layouts":"default","ast-page-background-enabled":"default","ast-page-background-meta":{"desktop":{"background-color":"","background-image":"","background-repeat":"repeat","background-position":"center center","background-size":"auto","background-attachment":"scroll","background-type":"","background-media":"","overlay-type":"","overlay-color":"","overlay-opacity":"","overlay-gradient":""},"tablet":{"background-color":"","background-image":"","background-repeat":"repeat","background-position":"center center","background-size":"auto","background-attachment":"scroll","background-type":"","background-media":"","overlay-type":"","overlay-color":"","overlay-opacity":"","overlay-gradient":""},"mobile":{"background-color":"","background-image":"","background-repeat":"repeat","background-position":"center center","background-size":"auto","background-attachment":"scroll","background-type":"","background-media":"","overlay-type":"","overlay-color":"","overlay-opacity":"","overlay-gradient":""}},"ast-content-background-meta":{"desktop":{"background-color":"var(--ast-global-color-5)","background-image":"","background-repeat":"repeat","background-position":"center center","background-size":"auto","background-attachment":"scroll","background-type":"","background-media":"","overlay-type":"","overlay-color":"","overlay-opacity":"","overlay-gradient":""},"tablet":{"background-color":"var(--ast-global-color-5)","background-image":"","background-repeat":"repeat","background-position":"center center","background-size":"auto","background-attachment":"scroll","background-type":"","background-media":"","overlay-type":"","overlay-color":"","overlay-opacity":"","overlay-gradient":""},"mobile":{"background-color":"var(--ast-global-color-5)","background-image":"","background-repeat":"repeat","background-position":"center center","background-size":"auto","background-attachment":"scroll","background-type":"","background-media":"","overlay-type":"","overlay-color":"","overlay-opacity":"","overlay-gradient":""}},"footnotes":""},"class_list":["post-10515","page","type-page","status-publish","hentry"],"aioseo_notices":[],"_links":{"self":[{"href":"https:\/\/www.mk-med.ch\/fr\/wp-json\/wp\/v2\/pages\/10515","targetHints":{"allow":["GET"]}}],"collection":[{"href":"https:\/\/www.mk-med.ch\/fr\/wp-json\/wp\/v2\/pages"}],"about":[{"href":"https:\/\/www.mk-med.ch\/fr\/wp-json\/wp\/v2\/types\/page"}],"author":[{"embeddable":true,"href":"https:\/\/www.mk-med.ch\/fr\/wp-json\/wp\/v2\/users\/3"}],"replies":[{"embeddable":true,"href":"https:\/\/www.mk-med.ch\/fr\/wp-json\/wp\/v2\/comments?post=10515"}],"version-history":[{"count":3,"href":"https:\/\/www.mk-med.ch\/fr\/wp-json\/wp\/v2\/pages\/10515\/revisions"}],"predecessor-version":[{"id":11299,"href":"https:\/\/www.mk-med.ch\/fr\/wp-json\/wp\/v2\/pages\/10515\/revisions\/11299"}],"wp:attachment":[{"href":"https:\/\/www.mk-med.ch\/fr\/wp-json\/wp\/v2\/media?parent=10515"}],"curies":[{"name":"wp","href":"https:\/\/api.w.org\/{rel}","templated":true}]}}